{"id":33728,"date":"2024-09-29T22:57:41","date_gmt":"2024-09-29T20:57:41","guid":{"rendered":"https:\/\/www.togetherforlife.org.al\/?page_id=33728"},"modified":"2024-09-29T22:59:19","modified_gmt":"2024-09-29T20:59:19","slug":"zjarre","status":"publish","type":"page","link":"https:\/\/www.togetherforlife.org.al\/en\/emergjencat-civile\/zjarre\/","title":{"rendered":"Zjarre"},"content":{"rendered":"<p>[et_pb_section fb_built=&#8221;1&#8243; admin_label=&#8221;section&#8221; _builder_version=&#8221;4.16&#8243; global_colors_info=&#8221;{}&#8221;][et_pb_row admin_label=&#8221;row&#8221; _builder_version=&#8221;4.16&#8243; background_size=&#8221;initial&#8221; background_position=&#8221;top_left&#8221; background_repeat=&#8221;repeat&#8221; hover_enabled=&#8221;0&#8243; global_colors_info=&#8221;{}&#8221; sticky_enabled=&#8221;0&#8243;][et_pb_column type=&#8221;4_4&#8243; _builder_version=&#8221;4.16&#8243; custom_padding=&#8221;|||&#8221; global_colors_info=&#8221;{}&#8221; custom_padding__hover=&#8221;|||&#8221;][et_pb_heading title=&#8221;Zjarre&#8221; _builder_version=&#8221;4.27.0&#8243; _module_preset=&#8221;default&#8221; title_font_size=&#8221;50px&#8221; hover_enabled=&#8221;0&#8243; sticky_enabled=&#8221;0&#8243;][\/et_pb_heading][et_pb_text admin_label=&#8221;Text&#8221; _builder_version=&#8221;4.16&#8243; background_size=&#8221;initial&#8221; background_position=&#8221;top_left&#8221; background_repeat=&#8221;repeat&#8221; global_colors_info=&#8221;{}&#8221;]<\/p>\n<p><strong>Si t\u00eb parandalojm\u00eb nj\u00eb zjarr n\u00eb banes\u00eb:<\/strong><\/p>\n<p>\u2022 Mos pini cigare n\u00eb krevat.<br \/>\u2022 Mos lini mbi sob\u00eb ose furnela en\u00eb kuzhine etj.<br \/>\u2022 Mbani larg sob\u00ebs dhe furnelave material q\u00eb mund t\u00eb digjet shpejt ose q\u00eb stimulon zjarrin.<br \/>\u2022 Me teknik\u00eb t\u00eb fush\u00ebs kryeni her\u00eb pas here kontrolle t\u00eb impiantit t\u00eb ngrohjes n\u00ebse keni n\u00eb banes\u00eb, at\u00eb t\u00eb gazit p\u00ebr gatim dhe sistemit elektrik t\u00eb kuzhin\u00ebs.<br \/>\u2022 Mbani larg f\u00ebmij\u00ebve shkrep\u00ebse dhe \u00e7akmak.<br \/>\u2022 Mos mbani l\u00ebngje t\u00eb djegshme pran\u00eb burimeve t\u00eb nxeht\u00ebsis\u00eb.<\/p>\n<p><strong>\u00c7far\u00eb t\u00eb b\u00ebjm\u00eb n\u00eb rast zjarri n\u00eb banes\u00eb:<\/strong><\/p>\n<p>\u2022 N\u00ebse nj\u00eb en\u00eb kuzhine merr zjarr, p\u00ebr ta fikur mjafton t\u00eb vendosni nj\u00eb kapak n\u00eb m\u00ebnyr\u00eb p\u00ebr t\u00eb mbytur flak\u00ebt.<br \/>\u2022 N\u00ebse rrobat tuaja kan\u00eb marr\u00eb zjarr mos filloni t\u00eb vraponi (ajri shton flak\u00ebt). Duhet t\u00eb p\u00ebrpiqeni t\u00eb hiqni rrobat ose t\u00eb fikni flak\u00ebt duke u rrokullisur n\u00eb tok\u00eb ose duke u mb\u00ebshtjell\u00eb me nj\u00eb batanije.<br \/>\u2022 N\u00ebse nj\u00eb pajisje elektrike merr zjarr, p\u00ebrpara se t\u00eb tentoni ta fikni, ulni automatin kryesor t\u00eb energjis\u00eb elektrike. KUJDES! Mos p\u00ebrdorni ujin p\u00ebr t\u00eb fikur nj\u00eb zjarr me origjin\u00eb elektrike pasi mund t\u00eb d\u00ebmtoheni nga rryma elektrike.<br \/>\u2022 Mos p\u00ebrdorni uj\u00eb kur zjarri vjen si pasoj\u00eb e naft\u00ebs ose benzin\u00ebs, pasi k\u00ebto l\u00ebngje q\u00ebndrojn\u00eb mbi uj\u00eb dhe n\u00eb k\u00ebt\u00eb m\u00ebnyr\u00eb ekziston mund\u00ebsia q\u00eb zjarri t\u00eb p\u00ebrhapet edhe n\u00eb ambiente t\u00eb tjera.<\/p>\n<p>&nbsp;<\/p>\n<p><strong>Si t\u00eb parandalojm\u00eb nj\u00eb zjarr n\u00eb pyje:<\/strong><\/p>\n<p>\u2022 Mos hidhni n\u00eb asnj\u00eb rast bishtat e cigareve n\u00eb zona ku ka bar pasi ekziston mund\u00ebsia p\u00ebr nisjen e nj\u00eb zjarri.<br \/>\u2022 Mos ndizni zjarre n\u00eb pyje. N\u00ebse ndizni zjarr n\u00eb kamping mos u largoni pa u siguruar q\u00eb \u00ebsht\u00eb fikur t\u00ebr\u00ebsisht.<br \/>\u2022 N\u00ebse parkoni automjetin sigurohuni q\u00eb marmita e makin\u00ebs tuaj mos jet\u00eb n\u00eb kontakt me barin e that\u00eb pasi marmita e nxeht\u00eb mund t\u00eb ndez\u00eb flak\u00ebt.<br \/>\u2022 Mos digjni pa marr\u00eb masat e nevojshme deg\u00ebt e pem\u00ebve ose gjethet pasi n\u00eb pak minuta zjarri mund t\u00eb p\u00ebrhapet.<\/p>\n<p><strong>\u00c7far\u00eb t\u00eb b\u00ebjm\u00eb gjat\u00eb zjarrit n\u00eb pyje:<\/strong><\/p>\n<p>\u2022 N\u00ebse v\u00ebreni nj\u00eb zjarr ose dhe vet\u00ebm tym menj\u00ebher\u00eb telefononi sh\u00ebrbimin zjarrfik\u00ebs p\u00ebr t\u00eb dh\u00ebn\u00eb alarmin. Mos mendoni se njer\u00ebz t\u00eb tjer\u00eb e kan\u00eb b\u00ebr\u00eb k\u00ebt\u00eb para jush. Jepni vendndodhjen e sakt\u00eb t\u00eb zjarrit.<br \/>\u2022 K\u00ebrkoni nj\u00eb rrug\u00eb t\u00eb sigurt p\u00ebr t\u2019u larguar, nj\u00eb rrug\u00eb ose brigjet e nj\u00eb lumi.<br \/>\u2022 Mos ndaloni n\u00eb vende ku drejt jush fryn era, pasi mund t\u00eb mbeteni t\u00eb bllokuar mes flak\u00ebve.<br \/>\u2022 Shtrihuni n\u00eb tok\u00eb n\u00eb nj\u00eb vend ku bim\u00ebsia \u00ebsht\u00eb e rrall\u00eb, pasi tymi ka tendenc\u00eb t\u00eb shkoj\u00eb lart dhe n\u00eb k\u00ebt\u00eb m\u00ebnyr\u00eb shmangni thithjen e tymit.<br \/>\u2022 N\u00ebse jeni i rrethuar nga flak\u00ebt dhe nuk keni rrug\u00eb tjet\u00ebr mundohuni t\u00eb gjeni vendin ku flak\u00ebt jan\u00eb m\u00eb t\u00eb ul\u00ebta dhe kaloni n\u00eb an\u00ebn tjet\u00ebr.<br \/>\u2022 Zjarri nuk \u00ebsht\u00eb nj\u00eb spektak\u00ebl. Mos q\u00ebndroni n\u00eb rrug\u00eb duke e par\u00eb. Mund t\u00eb bllokoni ose t\u00eb vononi qarkullimin e mjeteve t\u00eb emergjencave.<\/p>\n<p>[\/et_pb_text][\/et_pb_column][\/et_pb_row][et_pb_row _builder_version=&#8221;4.27.0&#8243; _module_preset=&#8221;default&#8221;][et_pb_column _builder_version=&#8221;4.27.0&#8243; _module_preset=&#8221;default&#8221; type=&#8221;4_4&#8243;][\/et_pb_column][\/et_pb_row][\/et_pb_section]<\/p>","protected":false},"excerpt":{"rendered":"<p>Si t\u00eb parandalojm\u00eb nj\u00eb zjarr n\u00eb banes\u00eb: \u2022 Mos pini cigare n\u00eb krevat.\u2022 Mos lini mbi sob\u00eb ose furnela en\u00eb kuzhine etj.\u2022 Mbani larg sob\u00ebs dhe furnelave material q\u00eb mund [&hellip;]<\/p>","protected":false},"author":17,"featured_media":0,"parent":33694,"menu_order":0,"comment_status":"closed","ping_status":"closed","template":"elementor_header_footer","meta":{"_et_pb_use_builder":"on","_et_pb_old_content":"<strong>Si t\u00eb parandalojm\u00eb nj\u00eb zjarr n\u00eb banes\u00eb:<\/strong>\r\n\r\n\u2022 Mos pini cigare n\u00eb krevat.\r\n\u2022 Mos lini mbi sob\u00eb ose furnela en\u00eb kuzhine etj.\r\n\u2022 Mbani larg sob\u00ebs dhe furnelave material q\u00eb mund t\u00eb digjet shpejt ose q\u00eb stimulon zjarrin.\r\n\u2022 Me teknik\u00eb t\u00eb fush\u00ebs kryeni her\u00eb pas here kontrolle t\u00eb impiantit t\u00eb ngrohjes n\u00ebse keni n\u00eb banes\u00eb, at\u00eb t\u00eb gazit p\u00ebr gatim dhe sistemit elektrik t\u00eb kuzhin\u00ebs.\r\n\u2022 Mbani larg f\u00ebmij\u00ebve shkrep\u00ebse dhe \u00e7akmak.\r\n\u2022 Mos mbani l\u00ebngje t\u00eb djegshme pran\u00eb burimeve t\u00eb nxeht\u00ebsis\u00eb.\r\n\r\n<strong>\u00c7far\u00eb t\u00eb b\u00ebjm\u00eb n\u00eb rast zjarri n\u00eb banes\u00eb:<\/strong>\r\n\r\n\u2022 N\u00ebse nj\u00eb en\u00eb kuzhine merr zjarr, p\u00ebr ta fikur mjafton t\u00eb vendosni nj\u00eb kapak n\u00eb m\u00ebnyr\u00eb p\u00ebr t\u00eb mbytur flak\u00ebt.\r\n\u2022 N\u00ebse rrobat tuaja kan\u00eb marr\u00eb zjarr mos filloni t\u00eb vraponi (ajri shton flak\u00ebt). Duhet t\u00eb p\u00ebrpiqeni t\u00eb hiqni rrobat ose t\u00eb fikni flak\u00ebt duke u rrokullisur n\u00eb tok\u00eb ose duke u mb\u00ebshtjell\u00eb me nj\u00eb batanije.\r\n\u2022 N\u00ebse nj\u00eb pajisje elektrike merr zjarr, p\u00ebrpara se t\u00eb tentoni ta fikni, ulni automatin kryesor t\u00eb energjis\u00eb elektrike. KUJDES! Mos p\u00ebrdorni ujin p\u00ebr t\u00eb fikur nj\u00eb zjarr me origjin\u00eb elektrike pasi mund t\u00eb d\u00ebmtoheni nga rryma elektrike.\r\n\u2022 Mos p\u00ebrdorni uj\u00eb kur zjarri vjen si pasoj\u00eb e naft\u00ebs ose benzin\u00ebs, pasi k\u00ebto l\u00ebngje q\u00ebndrojn\u00eb mbi uj\u00eb dhe n\u00eb k\u00ebt\u00eb m\u00ebnyr\u00eb ekziston mund\u00ebsia q\u00eb zjarri t\u00eb p\u00ebrhapet edhe n\u00eb ambiente t\u00eb tjera.\r\n\r\n&nbsp;\r\n\r\n<strong>Si t\u00eb parandalojm\u00eb nj\u00eb zjarr n\u00eb pyje:<\/strong>\r\n\r\n\u2022 Mos hidhni n\u00eb asnj\u00eb rast bishtat e cigareve n\u00eb zona ku ka bar pasi ekziston mund\u00ebsia p\u00ebr nisjen e nj\u00eb zjarri.\r\n\u2022 Mos ndizni zjarre n\u00eb pyje. N\u00ebse ndizni zjarr n\u00eb kamping mos u largoni pa u siguruar q\u00eb \u00ebsht\u00eb fikur t\u00ebr\u00ebsisht.\r\n\u2022 N\u00ebse parkoni automjetin sigurohuni q\u00eb marmita e makin\u00ebs tuaj mos jet\u00eb n\u00eb kontakt me barin e that\u00eb pasi marmita e nxeht\u00eb mund t\u00eb ndez\u00eb flak\u00ebt.\r\n\u2022 Mos digjni pa marr\u00eb masat e nevojshme deg\u00ebt e pem\u00ebve ose gjethet pasi n\u00eb pak minuta zjarri mund t\u00eb p\u00ebrhapet.\r\n\r\n<strong>\u00c7far\u00eb t\u00eb b\u00ebjm\u00eb gjat\u00eb zjarrit n\u00eb pyje:<\/strong>\r\n\r\n\u2022 N\u00ebse v\u00ebreni nj\u00eb zjarr ose dhe vet\u00ebm tym menj\u00ebher\u00eb telefononi sh\u00ebrbimin zjarrfik\u00ebs p\u00ebr t\u00eb dh\u00ebn\u00eb alarmin. Mos mendoni se njer\u00ebz t\u00eb tjer\u00eb e kan\u00eb b\u00ebr\u00eb k\u00ebt\u00eb para jush. Jepni vendndodhjen e sakt\u00eb t\u00eb zjarrit.\r\n\u2022 K\u00ebrkoni nj\u00eb rrug\u00eb t\u00eb sigurt p\u00ebr t\u2019u larguar, nj\u00eb rrug\u00eb ose brigjet e nj\u00eb lumi.\r\n\u2022 Mos ndaloni n\u00eb vende ku drejt jush fryn era, pasi mund t\u00eb mbeteni t\u00eb bllokuar mes flak\u00ebve.\r\n\u2022 Shtrihuni n\u00eb tok\u00eb n\u00eb nj\u00eb vend ku bim\u00ebsia \u00ebsht\u00eb e rrall\u00eb, pasi tymi ka tendenc\u00eb t\u00eb shkoj\u00eb lart dhe n\u00eb k\u00ebt\u00eb m\u00ebnyr\u00eb shmangni thithjen e tymit.\r\n\u2022 N\u00ebse jeni i rrethuar nga flak\u00ebt dhe nuk keni rrug\u00eb tjet\u00ebr mundohuni t\u00eb gjeni vendin ku flak\u00ebt jan\u00eb m\u00eb t\u00eb ul\u00ebta dhe kaloni n\u00eb an\u00ebn tjet\u00ebr.\r\n\u2022 Zjarri nuk \u00ebsht\u00eb nj\u00eb spektak\u00ebl. Mos q\u00ebndroni n\u00eb rrug\u00eb duke e par\u00eb. Mund t\u00eb bllokoni ose t\u00eb vononi qarkullimin e mjeteve t\u00eb emergjencave.","_et_gb_content_width":"","footnotes":"","_links_to":"","_links_to_target":""},"class_list":["post-33728","page","type-page","status-publish","hentry"],"yoast_head":"<!-- This site is optimized with the Yoast SEO plugin v23.4 - https:\/\/yoast.com\/wordpress\/plugins\/seo\/ -->\n<title>Zjarre - TogetherForLife<\/title>\n<meta name=\"robots\" content=\"index, follow, max-snippet:-1, max-image-preview:large, max-video-preview:-1\" \/>\n<link rel=\"canonical\" href=\"https:\/\/www.togetherforlife.org.al\/en\/emergjencat-civile\/zjarre\/\" \/>\n<meta property=\"og:locale\" content=\"en_GB\" \/>\n<meta property=\"og:type\" content=\"article\" \/>\n<meta property=\"og:title\" content=\"Zjarre - TogetherForLife\" \/>\n<meta property=\"og:description\" content=\"Si t\u00eb parandalojm\u00eb nj\u00eb zjarr n\u00eb banes\u00eb: \u2022 Mos pini cigare n\u00eb krevat.\u2022 Mos lini mbi sob\u00eb ose furnela en\u00eb kuzhine etj.\u2022 Mbani larg sob\u00ebs dhe furnelave material q\u00eb mund [&hellip;]\" \/>\n<meta property=\"og:url\" content=\"https:\/\/www.togetherforlife.org.al\/en\/emergjencat-civile\/zjarre\/\" \/>\n<meta property=\"og:site_name\" content=\"TogetherForLife\" \/>\n<meta property=\"article:modified_time\" content=\"2024-09-29T20:59:19+00:00\" \/>\n<meta name=\"twitter:card\" content=\"summary_large_image\" \/>\n<meta name=\"twitter:label1\" content=\"Estimated reading time\" \/>\n\t<meta name=\"twitter:data1\" content=\"3 minutes\" \/>\n<script type=\"application\/ld+json\" class=\"yoast-schema-graph\">{\"@context\":\"https:\/\/schema.org\",\"@graph\":[{\"@type\":\"WebPage\",\"@id\":\"https:\/\/www.togetherforlife.org.al\/emergjencat-civile\/zjarre\/\",\"url\":\"https:\/\/www.togetherforlife.org.al\/emergjencat-civile\/zjarre\/\",\"name\":\"Zjarre - TogetherForLife\",\"isPartOf\":{\"@id\":\"https:\/\/www.togetherforlife.org.al\/#website\"},\"datePublished\":\"2024-09-29T20:57:41+00:00\",\"dateModified\":\"2024-09-29T20:59:19+00:00\",\"breadcrumb\":{\"@id\":\"https:\/\/www.togetherforlife.org.al\/emergjencat-civile\/zjarre\/#breadcrumb\"},\"inLanguage\":\"en-GB\",\"potentialAction\":[{\"@type\":\"ReadAction\",\"target\":[\"https:\/\/www.togetherforlife.org.al\/emergjencat-civile\/zjarre\/\"]}]},{\"@type\":\"BreadcrumbList\",\"@id\":\"https:\/\/www.togetherforlife.org.al\/emergjencat-civile\/zjarre\/#breadcrumb\",\"itemListElement\":[{\"@type\":\"ListItem\",\"position\":1,\"name\":\"Home\",\"item\":\"https:\/\/www.togetherforlife.org.al\/\"},{\"@type\":\"ListItem\",\"position\":2,\"name\":\"Emergjencat Civile\",\"item\":\"https:\/\/www.togetherforlife.org.al\/emergjencat-civile\/\"},{\"@type\":\"ListItem\",\"position\":3,\"name\":\"Zjarre\"}]},{\"@type\":\"WebSite\",\"@id\":\"https:\/\/www.togetherforlife.org.al\/#website\",\"url\":\"https:\/\/www.togetherforlife.org.al\/\",\"name\":\"TogetherForLife\",\"description\":\"\",\"potentialAction\":[{\"@type\":\"SearchAction\",\"target\":{\"@type\":\"EntryPoint\",\"urlTemplate\":\"https:\/\/www.togetherforlife.org.al\/?s={search_term_string}\"},\"query-input\":{\"@type\":\"PropertyValueSpecification\",\"valueRequired\":true,\"valueName\":\"search_term_string\"}}],\"inLanguage\":\"en-GB\"}]}<\/script>\n<!-- \/ Yoast SEO plugin. -->","yoast_head_json":{"title":"Zjarre - TogetherForLife","robots":{"index":"index","follow":"follow","max-snippet":"max-snippet:-1","max-image-preview":"max-image-preview:large","max-video-preview":"max-video-preview:-1"},"canonical":"https:\/\/www.togetherforlife.org.al\/en\/emergjencat-civile\/zjarre\/","og_locale":"en_GB","og_type":"article","og_title":"Zjarre - TogetherForLife","og_description":"Si t\u00eb parandalojm\u00eb nj\u00eb zjarr n\u00eb banes\u00eb: \u2022 Mos pini cigare n\u00eb krevat.\u2022 Mos lini mbi sob\u00eb ose furnela en\u00eb kuzhine etj.\u2022 Mbani larg sob\u00ebs dhe furnelave material q\u00eb mund [&hellip;]","og_url":"https:\/\/www.togetherforlife.org.al\/en\/emergjencat-civile\/zjarre\/","og_site_name":"TogetherForLife","article_modified_time":"2024-09-29T20:59:19+00:00","twitter_card":"summary_large_image","twitter_misc":{"Estimated reading time":"3 minutes"},"schema":{"@context":"https:\/\/schema.org","@graph":[{"@type":"WebPage","@id":"https:\/\/www.togetherforlife.org.al\/emergjencat-civile\/zjarre\/","url":"https:\/\/www.togetherforlife.org.al\/emergjencat-civile\/zjarre\/","name":"Zjarre - TogetherForLife","isPartOf":{"@id":"https:\/\/www.togetherforlife.org.al\/#website"},"datePublished":"2024-09-29T20:57:41+00:00","dateModified":"2024-09-29T20:59:19+00:00","breadcrumb":{"@id":"https:\/\/www.togetherforlife.org.al\/emergjencat-civile\/zjarre\/#breadcrumb"},"inLanguage":"en-GB","potentialAction":[{"@type":"ReadAction","target":["https:\/\/www.togetherforlife.org.al\/emergjencat-civile\/zjarre\/"]}]},{"@type":"BreadcrumbList","@id":"https:\/\/www.togetherforlife.org.al\/emergjencat-civile\/zjarre\/#breadcrumb","itemListElement":[{"@type":"ListItem","position":1,"name":"Home","item":"https:\/\/www.togetherforlife.org.al\/"},{"@type":"ListItem","position":2,"name":"Emergjencat Civile","item":"https:\/\/www.togetherforlife.org.al\/emergjencat-civile\/"},{"@type":"ListItem","position":3,"name":"Zjarre"}]},{"@type":"WebSite","@id":"https:\/\/www.togetherforlife.org.al\/#website","url":"https:\/\/www.togetherforlife.org.al\/","name":"TogetherForLife","description":"","potentialAction":[{"@type":"SearchAction","target":{"@type":"EntryPoint","urlTemplate":"https:\/\/www.togetherforlife.org.al\/?s={search_term_string}"},"query-input":{"@type":"PropertyValueSpecification","valueRequired":true,"valueName":"search_term_string"}}],"inLanguage":"en-GB"}]}},"_links":{"self":[{"href":"https:\/\/www.togetherforlife.org.al\/en\/wp-json\/wp\/v2\/pages\/33728"}],"collection":[{"href":"https:\/\/www.togetherforlife.org.al\/en\/wp-json\/wp\/v2\/pages"}],"about":[{"href":"https:\/\/www.togetherforlife.org.al\/en\/wp-json\/wp\/v2\/types\/page"}],"author":[{"embeddable":true,"href":"https:\/\/www.togetherforlife.org.al\/en\/wp-json\/wp\/v2\/users\/17"}],"replies":[{"embeddable":true,"href":"https:\/\/www.togetherforlife.org.al\/en\/wp-json\/wp\/v2\/comments?post=33728"}],"version-history":[{"count":4,"href":"https:\/\/www.togetherforlife.org.al\/en\/wp-json\/wp\/v2\/pages\/33728\/revisions"}],"predecessor-version":[{"id":33732,"href":"https:\/\/www.togetherforlife.org.al\/en\/wp-json\/wp\/v2\/pages\/33728\/revisions\/33732"}],"up":[{"embeddable":true,"href":"https:\/\/www.togetherforlife.org.al\/en\/wp-json\/wp\/v2\/pages\/33694"}],"wp:attachment":[{"href":"https:\/\/www.togetherforlife.org.al\/en\/wp-json\/wp\/v2\/media?parent=33728"}],"curies":[{"name":"wp","href":"https:\/\/api.w.org\/{rel}","templated":true}]}}