{"id":33722,"date":"2024-09-29T22:54:46","date_gmt":"2024-09-29T20:54:46","guid":{"rendered":"https:\/\/www.togetherforlife.org.al\/?page_id=33722"},"modified":"2024-09-29T22:56:34","modified_gmt":"2024-09-29T20:56:34","slug":"rreshqitje-toke","status":"publish","type":"page","link":"https:\/\/www.togetherforlife.org.al\/en\/emergjencat-civile\/rreshqitje-toke\/","title":{"rendered":"Rr\u00ebshqitje Toke"},"content":{"rendered":"<p>[et_pb_section fb_built=&#8221;1&#8243; admin_label=&#8221;section&#8221; _builder_version=&#8221;4.16&#8243; global_colors_info=&#8221;{}&#8221;][et_pb_row admin_label=&#8221;row&#8221; _builder_version=&#8221;4.16&#8243; background_size=&#8221;initial&#8221; background_position=&#8221;top_left&#8221; background_repeat=&#8221;repeat&#8221; global_colors_info=&#8221;{}&#8221;][et_pb_column type=&#8221;4_4&#8243; _builder_version=&#8221;4.16&#8243; custom_padding=&#8221;|||&#8221; global_colors_info=&#8221;{}&#8221; custom_padding__hover=&#8221;|||&#8221;][et_pb_heading title=&#8221;Rr\u00ebshqitje Toke&#8221; _builder_version=&#8221;4.27.0&#8243; _module_preset=&#8221;default&#8221; title_font_size=&#8221;50px&#8221; hover_enabled=&#8221;0&#8243; sticky_enabled=&#8221;0&#8243;][\/et_pb_heading][et_pb_text admin_label=&#8221;Text&#8221; _builder_version=&#8221;4.16&#8243; background_size=&#8221;initial&#8221; background_position=&#8221;top_left&#8221; background_repeat=&#8221;repeat&#8221; global_colors_info=&#8221;{}&#8221;]<\/p>\n<p><strong>\u00c7far\u00eb duhet t\u00eb b\u00ebjm\u00eb p\u00ebr t\u00eb minimizuar veprimet e nj\u00eb rr\u00ebshqitje:<\/strong><\/p>\n<p>\u2022 Mos nd\u00ebrtoni n\u00eb terrene t\u00eb pa studiuara dhe pa lejen urbanistike nga bashkia.<br \/>\u2022 Mbillni sa m\u00eb shum\u00eb pem\u00eb n\u00eb zonat e rr\u00ebshqitshme.<br \/>\u2022 Mos lejoni hedhjen e mbeturinave n\u00eb kanalet e shkarkimit t\u00eb uj\u00ebrave sip\u00ebrfaq\u00ebsore sepse bllokimi i tyre sjell derdhjen e ujit n\u00eb terren duke g\u00ebrryer tok\u00ebn.<br \/>\u2022 Mos prisni asnj\u00ebher\u00eb pem\u00ebt sepse ato rrisin q\u00ebndrueshm\u00ebrin\u00eb e tok\u00ebs dhe pengojn\u00eb rr\u00ebshqitjet.<\/p>\n<p><strong>\u00c7far\u00eb t\u00eb b\u00ebjm\u00eb kur ka rr\u00ebshqitje n\u00ebse gjendeni n\u00eb nj\u00eb vend t\u00eb hapur:<br \/><\/strong><br \/>\u2022 Largohuni nga nd\u00ebrtesat, nga pem\u00ebt, nga linjat telefonike ose elektrike sepse mund t\u00eb bien dhe ju l\u00ebndojn\u00eb.<br \/>\u2022 Asnj\u00ebher\u00eb mos kaloni n\u00eb nj\u00eb rrug\u00eb ku sapo ka ndodhur nj\u00eb rr\u00ebshqitje sepse materialet jan\u00eb jo t\u00eb q\u00ebndrueshme dhe mund t\u00eb rivihen n\u00eb l\u00ebvizje.<br \/>\u2022 Mos q\u00ebndroni dhe mos b\u00ebni veprime n\u00eb pjes\u00ebn e poshtme t\u00eb rr\u00ebshqitjes sepse materialet e saj edhe pse mund t\u00eb na duken stab\u00ebl, mund t\u00eb fshehin rreziqe.<br \/>\u2022 Mos hyni n\u00eb banesat q\u00eb jan\u00eb vler\u00ebsuar si t\u00eb rrezikshme prej ekspert\u00ebve, sepse mund t\u00eb ken\u00eb p\u00ebsuar d\u00ebme dhe mund t\u00eb shemben.<br \/>\u2022 Mos drejtoni mjetin n\u00eb rrug\u00ebt me rr\u00ebshqitje se ato jan\u00eb burim aksidenti dhe rrezikoni jet\u00ebn tuaj.<\/p>\n<p><strong>\u00c7far\u00eb t\u00eb b\u00ebjm\u00eb n\u00ebse p\u00ebrballemi me nj\u00eb rr\u00ebshqitje:<\/strong><\/p>\n<p>N\u00ebse gjendeni n\u00eb brend\u00ebsi t\u00eb nj\u00eb nd\u00ebrtese:<br \/>\u2022 Mos dilni jasht\u00eb, por q\u00ebndroni aty ku ndodheni sepse brenda nd\u00ebrtes\u00ebs jeni m\u00eb t\u00eb mbrojtur.<br \/>\u2022 Futuni posht\u00eb ndonj\u00eb tavoline, ose n\u00ebn kolonat mbajt\u00ebse sepse mund t\u00eb mbroheni nga sendet q\u00eb bien nga sip\u00ebr.<br \/>\u2022 Largohuni nga dritaret, apo prej dyerve me xhama sepse ato mund t\u2019u d\u00ebmtojn\u00eb duke r\u00ebn\u00eb.<br \/>\u2022 Mos p\u00ebrdorni ashensorin, se mund t\u00eb bllokohet dhe t\u00eb mbeteni brenda tij.<br \/>\u2022 K\u00ebrkojini drejtuesve t\u00eb shkoll\u00ebs s\u00eb f\u00ebmij\u00ebve tuaj t\u00eb njihen me Planin e emergjenc\u00ebs dhe evakuimit, q\u00eb f\u00ebmij\u00ebt tuaj t\u00eb din\u00eb rrug\u00ebt e l\u00ebvizjes n\u00eb rast emergjence.<\/p>\n<p>[\/et_pb_text][\/et_pb_column][\/et_pb_row][et_pb_row _builder_version=&#8221;4.27.0&#8243; _module_preset=&#8221;default&#8221;][et_pb_column _builder_version=&#8221;4.27.0&#8243; _module_preset=&#8221;default&#8221; type=&#8221;4_4&#8243;][\/et_pb_column][\/et_pb_row][\/et_pb_section]<\/p>","protected":false},"excerpt":{"rendered":"<p>\u00c7far\u00eb duhet t\u00eb b\u00ebjm\u00eb p\u00ebr t\u00eb minimizuar veprimet e nj\u00eb rr\u00ebshqitje: \u2022 Mos nd\u00ebrtoni n\u00eb terrene t\u00eb pa studiuara dhe pa lejen urbanistike nga bashkia.\u2022 Mbillni sa m\u00eb shum\u00eb pem\u00eb [&hellip;]<\/p>","protected":false},"author":17,"featured_media":0,"parent":33694,"menu_order":0,"comment_status":"closed","ping_status":"closed","template":"elementor_header_footer","meta":{"_et_pb_use_builder":"on","_et_pb_old_content":"<strong>\u00c7far\u00eb duhet t\u00eb b\u00ebjm\u00eb p\u00ebr t\u00eb minimizuar veprimet e nj\u00eb rr\u00ebshqitje:<\/strong>\r\n\r\n\u2022 Mos nd\u00ebrtoni n\u00eb terrene t\u00eb pa studiuara dhe pa lejen urbanistike nga bashkia.\r\n\u2022 Mbillni sa m\u00eb shum\u00eb pem\u00eb n\u00eb zonat e rr\u00ebshqitshme.\r\n\u2022 Mos lejoni hedhjen e mbeturinave n\u00eb kanalet e shkarkimit t\u00eb uj\u00ebrave sip\u00ebrfaq\u00ebsore sepse bllokimi i tyre sjell derdhjen e ujit n\u00eb terren duke g\u00ebrryer tok\u00ebn.\r\n\u2022 Mos prisni asnj\u00ebher\u00eb pem\u00ebt sepse ato rrisin q\u00ebndrueshm\u00ebrin\u00eb e tok\u00ebs dhe pengojn\u00eb rr\u00ebshqitjet.\r\n\r\n<strong>\u00c7far\u00eb t\u00eb b\u00ebjm\u00eb kur ka rr\u00ebshqitje n\u00ebse gjendeni n\u00eb nj\u00eb vend t\u00eb hapur:\r\n<\/strong>\r\n\u2022 Largohuni nga nd\u00ebrtesat, nga pem\u00ebt, nga linjat telefonike ose elektrike sepse mund t\u00eb bien dhe ju l\u00ebndojn\u00eb.\r\n\u2022 Asnj\u00ebher\u00eb mos kaloni n\u00eb nj\u00eb rrug\u00eb ku sapo ka ndodhur nj\u00eb rr\u00ebshqitje sepse materialet jan\u00eb jo t\u00eb q\u00ebndrueshme dhe mund t\u00eb rivihen n\u00eb l\u00ebvizje.\r\n\u2022 Mos q\u00ebndroni dhe mos b\u00ebni veprime n\u00eb pjes\u00ebn e poshtme t\u00eb rr\u00ebshqitjes sepse materialet e saj edhe pse mund t\u00eb na duken stab\u00ebl, mund t\u00eb fshehin rreziqe.\r\n\u2022 Mos hyni n\u00eb banesat q\u00eb jan\u00eb vler\u00ebsuar si t\u00eb rrezikshme prej ekspert\u00ebve, sepse mund t\u00eb ken\u00eb p\u00ebsuar d\u00ebme dhe mund t\u00eb shemben.\r\n\u2022 Mos drejtoni mjetin n\u00eb rrug\u00ebt me rr\u00ebshqitje se ato jan\u00eb burim aksidenti dhe rrezikoni jet\u00ebn tuaj.\r\n\r\n<strong>\u00c7far\u00eb t\u00eb b\u00ebjm\u00eb n\u00ebse p\u00ebrballemi me nj\u00eb rr\u00ebshqitje:<\/strong>\r\n\r\nN\u00ebse gjendeni n\u00eb brend\u00ebsi t\u00eb nj\u00eb nd\u00ebrtese:\r\n\u2022 Mos dilni jasht\u00eb, por q\u00ebndroni aty ku ndodheni sepse brenda nd\u00ebrtes\u00ebs jeni m\u00eb t\u00eb mbrojtur.\r\n\u2022 Futuni posht\u00eb ndonj\u00eb tavoline, ose n\u00ebn kolonat mbajt\u00ebse sepse mund t\u00eb mbroheni nga sendet q\u00eb bien nga sip\u00ebr.\r\n\u2022 Largohuni nga dritaret, apo prej dyerve me xhama sepse ato mund t\u2019u d\u00ebmtojn\u00eb duke r\u00ebn\u00eb.\r\n\u2022 Mos p\u00ebrdorni ashensorin, se mund t\u00eb bllokohet dhe t\u00eb mbeteni brenda tij.\r\n\u2022 K\u00ebrkojini drejtuesve t\u00eb shkoll\u00ebs s\u00eb f\u00ebmij\u00ebve tuaj t\u00eb njihen me Planin e emergjenc\u00ebs dhe evakuimit, q\u00eb f\u00ebmij\u00ebt tuaj t\u00eb din\u00eb rrug\u00ebt e l\u00ebvizjes n\u00eb rast emergjence.","_et_gb_content_width":"","footnotes":"","_links_to":"","_links_to_target":""},"class_list":["post-33722","page","type-page","status-publish","hentry"],"yoast_head":"<!-- This site is optimized with the Yoast SEO plugin v23.4 - https:\/\/yoast.com\/wordpress\/plugins\/seo\/ -->\n<title>Rr\u00ebshqitje Toke - TogetherForLife<\/title>\n<meta name=\"robots\" content=\"index, follow, max-snippet:-1, max-image-preview:large, max-video-preview:-1\" \/>\n<link rel=\"canonical\" href=\"https:\/\/www.togetherforlife.org.al\/en\/emergjencat-civile\/rreshqitje-toke\/\" \/>\n<meta property=\"og:locale\" content=\"en_GB\" \/>\n<meta property=\"og:type\" content=\"article\" \/>\n<meta property=\"og:title\" content=\"Rr\u00ebshqitje Toke - TogetherForLife\" \/>\n<meta property=\"og:description\" content=\"\u00c7far\u00eb duhet t\u00eb b\u00ebjm\u00eb p\u00ebr t\u00eb minimizuar veprimet e nj\u00eb rr\u00ebshqitje: \u2022 Mos nd\u00ebrtoni n\u00eb terrene t\u00eb pa studiuara dhe pa lejen urbanistike nga bashkia.\u2022 Mbillni sa m\u00eb shum\u00eb pem\u00eb [&hellip;]\" \/>\n<meta property=\"og:url\" content=\"https:\/\/www.togetherforlife.org.al\/en\/emergjencat-civile\/rreshqitje-toke\/\" \/>\n<meta property=\"og:site_name\" content=\"TogetherForLife\" \/>\n<meta property=\"article:modified_time\" content=\"2024-09-29T20:56:34+00:00\" \/>\n<meta name=\"twitter:card\" content=\"summary_large_image\" \/>\n<script type=\"application\/ld+json\" class=\"yoast-schema-graph\">{\"@context\":\"https:\/\/schema.org\",\"@graph\":[{\"@type\":\"WebPage\",\"@id\":\"https:\/\/www.togetherforlife.org.al\/emergjencat-civile\/rreshqitje-toke\/\",\"url\":\"https:\/\/www.togetherforlife.org.al\/emergjencat-civile\/rreshqitje-toke\/\",\"name\":\"Rr\u00ebshqitje Toke - TogetherForLife\",\"isPartOf\":{\"@id\":\"https:\/\/www.togetherforlife.org.al\/#website\"},\"datePublished\":\"2024-09-29T20:54:46+00:00\",\"dateModified\":\"2024-09-29T20:56:34+00:00\",\"breadcrumb\":{\"@id\":\"https:\/\/www.togetherforlife.org.al\/emergjencat-civile\/rreshqitje-toke\/#breadcrumb\"},\"inLanguage\":\"en-GB\",\"potentialAction\":[{\"@type\":\"ReadAction\",\"target\":[\"https:\/\/www.togetherforlife.org.al\/emergjencat-civile\/rreshqitje-toke\/\"]}]},{\"@type\":\"BreadcrumbList\",\"@id\":\"https:\/\/www.togetherforlife.org.al\/emergjencat-civile\/rreshqitje-toke\/#breadcrumb\",\"itemListElement\":[{\"@type\":\"ListItem\",\"position\":1,\"name\":\"Home\",\"item\":\"https:\/\/www.togetherforlife.org.al\/\"},{\"@type\":\"ListItem\",\"position\":2,\"name\":\"Emergjencat Civile\",\"item\":\"https:\/\/www.togetherforlife.org.al\/emergjencat-civile\/\"},{\"@type\":\"ListItem\",\"position\":3,\"name\":\"Rr\u00ebshqitje Toke\"}]},{\"@type\":\"WebSite\",\"@id\":\"https:\/\/www.togetherforlife.org.al\/#website\",\"url\":\"https:\/\/www.togetherforlife.org.al\/\",\"name\":\"TogetherForLife\",\"description\":\"\",\"potentialAction\":[{\"@type\":\"SearchAction\",\"target\":{\"@type\":\"EntryPoint\",\"urlTemplate\":\"https:\/\/www.togetherforlife.org.al\/?s={search_term_string}\"},\"query-input\":{\"@type\":\"PropertyValueSpecification\",\"valueRequired\":true,\"valueName\":\"search_term_string\"}}],\"inLanguage\":\"en-GB\"}]}<\/script>\n<!-- \/ Yoast SEO plugin. -->","yoast_head_json":{"title":"Rr\u00ebshqitje Toke - TogetherForLife","robots":{"index":"index","follow":"follow","max-snippet":"max-snippet:-1","max-image-preview":"max-image-preview:large","max-video-preview":"max-video-preview:-1"},"canonical":"https:\/\/www.togetherforlife.org.al\/en\/emergjencat-civile\/rreshqitje-toke\/","og_locale":"en_GB","og_type":"article","og_title":"Rr\u00ebshqitje Toke - TogetherForLife","og_description":"\u00c7far\u00eb duhet t\u00eb b\u00ebjm\u00eb p\u00ebr t\u00eb minimizuar veprimet e nj\u00eb rr\u00ebshqitje: \u2022 Mos nd\u00ebrtoni n\u00eb terrene t\u00eb pa studiuara dhe pa lejen urbanistike nga bashkia.\u2022 Mbillni sa m\u00eb shum\u00eb pem\u00eb [&hellip;]","og_url":"https:\/\/www.togetherforlife.org.al\/en\/emergjencat-civile\/rreshqitje-toke\/","og_site_name":"TogetherForLife","article_modified_time":"2024-09-29T20:56:34+00:00","twitter_card":"summary_large_image","schema":{"@context":"https:\/\/schema.org","@graph":[{"@type":"WebPage","@id":"https:\/\/www.togetherforlife.org.al\/emergjencat-civile\/rreshqitje-toke\/","url":"https:\/\/www.togetherforlife.org.al\/emergjencat-civile\/rreshqitje-toke\/","name":"Rr\u00ebshqitje Toke - TogetherForLife","isPartOf":{"@id":"https:\/\/www.togetherforlife.org.al\/#website"},"datePublished":"2024-09-29T20:54:46+00:00","dateModified":"2024-09-29T20:56:34+00:00","breadcrumb":{"@id":"https:\/\/www.togetherforlife.org.al\/emergjencat-civile\/rreshqitje-toke\/#breadcrumb"},"inLanguage":"en-GB","potentialAction":[{"@type":"ReadAction","target":["https:\/\/www.togetherforlife.org.al\/emergjencat-civile\/rreshqitje-toke\/"]}]},{"@type":"BreadcrumbList","@id":"https:\/\/www.togetherforlife.org.al\/emergjencat-civile\/rreshqitje-toke\/#breadcrumb","itemListElement":[{"@type":"ListItem","position":1,"name":"Home","item":"https:\/\/www.togetherforlife.org.al\/"},{"@type":"ListItem","position":2,"name":"Emergjencat Civile","item":"https:\/\/www.togetherforlife.org.al\/emergjencat-civile\/"},{"@type":"ListItem","position":3,"name":"Rr\u00ebshqitje Toke"}]},{"@type":"WebSite","@id":"https:\/\/www.togetherforlife.org.al\/#website","url":"https:\/\/www.togetherforlife.org.al\/","name":"TogetherForLife","description":"","potentialAction":[{"@type":"SearchAction","target":{"@type":"EntryPoint","urlTemplate":"https:\/\/www.togetherforlife.org.al\/?s={search_term_string}"},"query-input":{"@type":"PropertyValueSpecification","valueRequired":true,"valueName":"search_term_string"}}],"inLanguage":"en-GB"}]}},"_links":{"self":[{"href":"https:\/\/www.togetherforlife.org.al\/en\/wp-json\/wp\/v2\/pages\/33722"}],"collection":[{"href":"https:\/\/www.togetherforlife.org.al\/en\/wp-json\/wp\/v2\/pages"}],"about":[{"href":"https:\/\/www.togetherforlife.org.al\/en\/wp-json\/wp\/v2\/types\/page"}],"author":[{"embeddable":true,"href":"https:\/\/www.togetherforlife.org.al\/en\/wp-json\/wp\/v2\/users\/17"}],"replies":[{"embeddable":true,"href":"https:\/\/www.togetherforlife.org.al\/en\/wp-json\/wp\/v2\/comments?post=33722"}],"version-history":[{"count":4,"href":"https:\/\/www.togetherforlife.org.al\/en\/wp-json\/wp\/v2\/pages\/33722\/revisions"}],"predecessor-version":[{"id":33726,"href":"https:\/\/www.togetherforlife.org.al\/en\/wp-json\/wp\/v2\/pages\/33722\/revisions\/33726"}],"up":[{"embeddable":true,"href":"https:\/\/www.togetherforlife.org.al\/en\/wp-json\/wp\/v2\/pages\/33694"}],"wp:attachment":[{"href":"https:\/\/www.togetherforlife.org.al\/en\/wp-json\/wp\/v2\/media?parent=33722"}],"curies":[{"name":"wp","href":"https:\/\/api.w.org\/{rel}","templated":true}]}}