{"id":33716,"date":"2024-09-29T22:51:04","date_gmt":"2024-09-29T20:51:04","guid":{"rendered":"https:\/\/www.togetherforlife.org.al\/?page_id=33716"},"modified":"2024-09-29T22:53:11","modified_gmt":"2024-09-29T20:53:11","slug":"bllokim-nga-debora","status":"publish","type":"page","link":"https:\/\/www.togetherforlife.org.al\/en\/emergjencat-civile\/bllokim-nga-debora\/","title":{"rendered":"Bllokim nga d\u00ebbora"},"content":{"rendered":"<p>[et_pb_section fb_built=&#8221;1&#8243; admin_label=&#8221;section&#8221; _builder_version=&#8221;4.27.0&#8243; hover_enabled=&#8221;0&#8243; global_colors_info=&#8221;{}&#8221; sticky_enabled=&#8221;0&#8243;][et_pb_row admin_label=&#8221;row&#8221; _builder_version=&#8221;4.16&#8243; background_size=&#8221;initial&#8221; background_position=&#8221;top_left&#8221; background_repeat=&#8221;repeat&#8221; hover_enabled=&#8221;0&#8243; global_colors_info=&#8221;{}&#8221; sticky_enabled=&#8221;0&#8243;][et_pb_column type=&#8221;4_4&#8243; _builder_version=&#8221;4.16&#8243; custom_padding=&#8221;|||&#8221; global_colors_info=&#8221;{}&#8221; custom_padding__hover=&#8221;|||&#8221;][et_pb_heading title=&#8221;Bllokim nga d\u00ebbora&#8221; _builder_version=&#8221;4.27.0&#8243; _module_preset=&#8221;default&#8221; theme_builder_area=&#8221;post_content&#8221; title_font_size=&#8221;50px&#8221; hover_enabled=&#8221;0&#8243; sticky_enabled=&#8221;0&#8243;][\/et_pb_heading][et_pb_text admin_label=&#8221;Text&#8221; _builder_version=&#8221;4.16&#8243; background_size=&#8221;initial&#8221; background_position=&#8221;top_left&#8221; background_repeat=&#8221;repeat&#8221; global_colors_info=&#8221;{}&#8221;]<main id=\"content\" class=\"site-main post-436 page type-page status-publish hentry\"><\/p>\n<div class=\"page-content\">\n<div class=\"elementor elementor-436\" data-elementor-type=\"wp-page\" data-elementor-id=\"436\">\n<section class=\"elementor-section elementor-top-section elementor-element elementor-element-8f4ee3a elementor-section-boxed elementor-section-height-default elementor-section-height-default\" data-id=\"8f4ee3a\" data-element_type=\"section\">\n<div class=\"elementor-container elementor-column-gap-default\">\n<div class=\"elementor-column elementor-col-100 elementor-top-column elementor-element elementor-element-cc5544a\" data-id=\"cc5544a\" data-element_type=\"column\">\n<div class=\"elementor-widget-wrap elementor-element-populated\">\n<div class=\"elementor-element elementor-element-0474e28 elementor-widget elementor-widget-text-editor\" data-id=\"0474e28\" data-element_type=\"widget\" data-widget_type=\"text-editor.default\">\n<div class=\"elementor-widget-container\">\n<p><strong>\u00c7far\u00eb duhet t\u00eb b\u00ebjm\u00eb para bllokimit nga d\u00ebbora:<\/strong><\/p>\n<p>\u2022 T\u00eb sigurojm\u00eb ushqimin p\u00ebr familjen dhe kafsh\u00ebt sht\u00ebpiake t\u00eb pakt\u00ebn p\u00ebr dy jav\u00eb.<br \/>\n\u2022 T\u00eb sigurojm\u00eb nga ngrirja rrjetin e tubacioneve t\u00eb ujit t\u00eb pijsh\u00ebm.<br \/>\n\u2022 T\u00eb sigurojm\u00eb mjetet e ngrohjes p\u00ebr t\u00eb gjith\u00eb periudh\u00ebn e dimrit.<br \/>\n\u2022 T\u00eb pastrojm\u00eb vazhdimisht \u00e7atit\u00eb e banesave nga shtresat e d\u00ebbor\u00ebs.<br \/>\n\u2022 T\u00eb sigurojm\u00eb veshje t\u00eb trasha p\u00ebr f\u00ebmij\u00ebt dhe t\u00eb moshuarit.<br \/>\n\u2022 T\u00eb kemi nj\u00eb paket\u00eb t\u00eb ndihm\u00ebs s\u00eb shpejt\u00eb p\u00ebr \u00e7do rast emergjent.<br \/>\n\u2022 T\u00eb sigurojm\u00eb nj\u00eb aparat telefoni celular dhe nj\u00eb bateri p\u00ebr at\u00eb.<br \/>\n\u2022 T\u00eb kemi numrat e sh\u00ebrbimeve emergjente nj\u00eb nga telefonat e linjave celulare.<br \/>\n\u2022 T\u00eb sigurojm\u00eb nj\u00eb mjet ndri\u00e7imi me bateri, t\u00eb pavarur nga rrjeti elektrik.<\/p>\n<p><strong>\u00c7far\u00eb duhet t\u00eb b\u00ebjm\u00eb gjat\u00eb bllokimit nga d\u00ebbora:<\/strong><\/p>\n<p>\u2022 T\u00eb sigurojm\u00eb vazhdimisht ngrohje t\u00eb banes\u00ebs.<br \/>\n\u2022 T\u00eb sigurojm\u00eb ndri\u00e7im t\u00eb pand\u00ebrprer\u00eb n\u00eb dhom\u00ebn ku kemi t\u00eb moshuar, f\u00ebmij\u00eb apo persona t\u00eb s\u00ebmur\u00eb.<br \/>\n\u2022 T\u00eb vendosim kontakte me t\u00eb af\u00ebrmit dhe t\u2019i ndihmoni n\u00eb rast fatkeq\u00ebsie.<br \/>\n\u2022 T\u00eb mbajm\u00eb t\u00eb hapur rrug\u00ebn n\u00eb oborret brenda sht\u00ebpis\u00eb.<br \/>\n\u2022 T\u00eb kontrollojm\u00eb vazhdimisht kafsh\u00ebt sht\u00ebpiake dhe t\u00eb sigurojm\u00eb ngrohjen p\u00ebr ambientet e tyre.<br \/>\n\u2022 T\u00eb jemi t\u00eb informuar n\u00eb \u00e7do koh\u00eb p\u00ebr situat\u00ebn dhe veprimet e ekipit t\u00eb menaxhimit t\u00eb emergjenc\u00ebs n\u00eb bashkin\u00eb ton\u00eb.<br \/>\n\u2022 T\u00eb ndihmojm\u00eb ekipet e emergjenc\u00ebs kur kjo gj\u00eb t\u00eb k\u00ebrkohet nga drejtuesit e tyre dhe nj\u00ebsit\u00eb vendore.<\/p>\n<p><strong>\u00c7far\u00eb duhet t\u00eb b\u00ebjm\u00eb pas bllokimit nga d\u00ebbora:<\/strong><\/p>\n<p>\u2022 T\u00eb pastrojm\u00eb \u00e7atit\u00eb e banesave nga d\u00ebbora.<br \/>\n\u2022 T\u00eb sigurojm\u00eb t\u00eb af\u00ebrmit nga rr\u00ebshqitja n\u00eb d\u00ebbor\u00eb.<br \/>\n\u2022 T\u00eb ndihmojm\u00eb n\u00eb hapjen e rrug\u00ebve k\u00ebmb\u00ebsore dhe automobilistike.<br \/>\n\u2022 T\u00eb punojm\u00eb s\u00eb bashku me komunitetin p\u00ebr t\u00eb ndihmuar ekipet e emergjenc\u00ebs.<br \/>\n\u2022 T\u00eb krijojm\u00eb kushte p\u00ebr strehimin e ekipeve t\u00eb emergjenc\u00ebs, kur kjo gj\u00eb k\u00ebrkohet nga drejtuesit e tyre dhe t\u00eb nj\u00ebsis\u00eb vendore.<br \/>\n\u2022 T\u00eb informojm\u00eb ekipet e emergjenc\u00ebs p\u00ebr familjet q\u00eb kan\u00eb probleme n\u00eb territorin e lagjes son\u00eb.<br \/>\n\u2022 T\u00eb ndihmojm\u00eb t\u00eb s\u00ebmur\u00ebt dhe personat me aft\u00ebsi t\u00eb kufizuara.<br \/>\n\u2022 T\u00eb mos pengojm\u00eb veprimet e forcave t\u00eb emergjenc\u00ebs n\u00eb realizimin e objektivave t\u00eb tyre p\u00ebr dh\u00ebnien e ndihm\u00ebs p\u00ebr komunitetin.<\/p>\n<\/div>\n<\/div>\n<\/div>\n<\/div>\n<\/div>\n<\/section>\n<\/div>\n<\/div>\n<p><\/main><\/p>\n<div class=\"elementor elementor-401 elementor-location-footer\" data-elementor-type=\"footer\" data-elementor-id=\"401\">\n<div class=\"elementor-section-wrap\"><\/div>\n<\/div>\n<p>[\/et_pb_text][\/et_pb_column][\/et_pb_row][\/et_pb_section][et_pb_section fb_built=&#8221;1&#8243; theme_builder_area=&#8221;post_content&#8221; _builder_version=&#8221;4.27.0&#8243; _module_preset=&#8221;default&#8221;][et_pb_row _builder_version=&#8221;4.27.0&#8243; _module_preset=&#8221;default&#8221; theme_builder_area=&#8221;post_content&#8221;][et_pb_column _builder_version=&#8221;4.27.0&#8243; _module_preset=&#8221;default&#8221; type=&#8221;4_4&#8243; theme_builder_area=&#8221;post_content&#8221;][\/et_pb_column][\/et_pb_row][\/et_pb_section]<\/p>","protected":false},"excerpt":{"rendered":"<p>\u00c7far\u00eb duhet t\u00eb b\u00ebjm\u00eb para bllokimit nga d\u00ebbora: \u2022 T\u00eb sigurojm\u00eb ushqimin p\u00ebr familjen dhe kafsh\u00ebt sht\u00ebpiake t\u00eb pakt\u00ebn p\u00ebr dy jav\u00eb. \u2022 T\u00eb sigurojm\u00eb nga ngrirja rrjetin e tubacioneve [&hellip;]<\/p>","protected":false},"author":17,"featured_media":0,"parent":33694,"menu_order":0,"comment_status":"closed","ping_status":"closed","template":"elementor_header_footer","meta":{"_et_pb_use_builder":"on","_et_pb_old_content":"<main id=\"content\" class=\"site-main post-436 page type-page status-publish hentry\">\r\n<div class=\"page-content\">\r\n<div class=\"elementor elementor-436\" data-elementor-type=\"wp-page\" data-elementor-id=\"436\"><section class=\"elementor-section elementor-top-section elementor-element elementor-element-8f4ee3a elementor-section-boxed elementor-section-height-default elementor-section-height-default\" data-id=\"8f4ee3a\" data-element_type=\"section\">\r\n<div class=\"elementor-container elementor-column-gap-default\">\r\n<div class=\"elementor-column elementor-col-100 elementor-top-column elementor-element elementor-element-cc5544a\" data-id=\"cc5544a\" data-element_type=\"column\">\r\n<div class=\"elementor-widget-wrap elementor-element-populated\">\r\n<div class=\"elementor-element elementor-element-0474e28 elementor-widget elementor-widget-text-editor\" data-id=\"0474e28\" data-element_type=\"widget\" data-widget_type=\"text-editor.default\">\r\n<div class=\"elementor-widget-container\">\r\n\r\n<strong>\u00c7far\u00eb duhet t\u00eb b\u00ebjm\u00eb para bllokimit nga d\u00ebbora:<\/strong>\r\n\r\n\u2022 T\u00eb sigurojm\u00eb ushqimin p\u00ebr familjen dhe kafsh\u00ebt sht\u00ebpiake t\u00eb pakt\u00ebn p\u00ebr dy jav\u00eb.\r\n\u2022 T\u00eb sigurojm\u00eb nga ngrirja rrjetin e tubacioneve t\u00eb ujit t\u00eb pijsh\u00ebm.\r\n\u2022 T\u00eb sigurojm\u00eb mjetet e ngrohjes p\u00ebr t\u00eb gjith\u00eb periudh\u00ebn e dimrit.\r\n\u2022 T\u00eb pastrojm\u00eb vazhdimisht \u00e7atit\u00eb e banesave nga shtresat e d\u00ebbor\u00ebs.\r\n\u2022 T\u00eb sigurojm\u00eb veshje t\u00eb trasha p\u00ebr f\u00ebmij\u00ebt dhe t\u00eb moshuarit.\r\n\u2022 T\u00eb kemi nj\u00eb paket\u00eb t\u00eb ndihm\u00ebs s\u00eb shpejt\u00eb p\u00ebr \u00e7do rast emergjent.\r\n\u2022 T\u00eb sigurojm\u00eb nj\u00eb aparat telefoni celular dhe nj\u00eb bateri p\u00ebr at\u00eb.\r\n\u2022 T\u00eb kemi numrat e sh\u00ebrbimeve emergjente nj\u00eb nga telefonat e linjave celulare.\r\n\u2022 T\u00eb sigurojm\u00eb nj\u00eb mjet ndri\u00e7imi me bateri, t\u00eb pavarur nga rrjeti elektrik.\r\n\r\n<strong>\u00c7far\u00eb duhet t\u00eb b\u00ebjm\u00eb gjat\u00eb bllokimit nga d\u00ebbora:<\/strong>\r\n\r\n\u2022 T\u00eb sigurojm\u00eb vazhdimisht ngrohje t\u00eb banes\u00ebs.\r\n\u2022 T\u00eb sigurojm\u00eb ndri\u00e7im t\u00eb pand\u00ebrprer\u00eb n\u00eb dhom\u00ebn ku kemi t\u00eb moshuar, f\u00ebmij\u00eb apo persona t\u00eb s\u00ebmur\u00eb.\r\n\u2022 T\u00eb vendosim kontakte me t\u00eb af\u00ebrmit dhe t\u2019i ndihmoni n\u00eb rast fatkeq\u00ebsie.\r\n\u2022 T\u00eb mbajm\u00eb t\u00eb hapur rrug\u00ebn n\u00eb oborret brenda sht\u00ebpis\u00eb.\r\n\u2022 T\u00eb kontrollojm\u00eb vazhdimisht kafsh\u00ebt sht\u00ebpiake dhe t\u00eb sigurojm\u00eb ngrohjen p\u00ebr ambientet e tyre.\r\n\u2022 T\u00eb jemi t\u00eb informuar n\u00eb \u00e7do koh\u00eb p\u00ebr situat\u00ebn dhe veprimet e ekipit t\u00eb menaxhimit t\u00eb emergjenc\u00ebs n\u00eb bashkin\u00eb ton\u00eb.\r\n\u2022 T\u00eb ndihmojm\u00eb ekipet e emergjenc\u00ebs kur kjo gj\u00eb t\u00eb k\u00ebrkohet nga drejtuesit e tyre dhe nj\u00ebsit\u00eb vendore.\r\n\r\n<strong>\u00c7far\u00eb duhet t\u00eb b\u00ebjm\u00eb pas bllokimit nga d\u00ebbora:<\/strong>\r\n\r\n\u2022 T\u00eb pastrojm\u00eb \u00e7atit\u00eb e banesave nga d\u00ebbora.\r\n\u2022 T\u00eb sigurojm\u00eb t\u00eb af\u00ebrmit nga rr\u00ebshqitja n\u00eb d\u00ebbor\u00eb.\r\n\u2022 T\u00eb ndihmojm\u00eb n\u00eb hapjen e rrug\u00ebve k\u00ebmb\u00ebsore dhe automobilistike.\r\n\u2022 T\u00eb punojm\u00eb s\u00eb bashku me komunitetin p\u00ebr t\u00eb ndihmuar ekipet e emergjenc\u00ebs.\r\n\u2022 T\u00eb krijojm\u00eb kushte p\u00ebr strehimin e ekipeve t\u00eb emergjenc\u00ebs, kur kjo gj\u00eb k\u00ebrkohet nga drejtuesit e tyre dhe t\u00eb nj\u00ebsis\u00eb vendore.\r\n\u2022 T\u00eb informojm\u00eb ekipet e emergjenc\u00ebs p\u00ebr familjet q\u00eb kan\u00eb probleme n\u00eb territorin e lagjes son\u00eb.\r\n\u2022 T\u00eb ndihmojm\u00eb t\u00eb s\u00ebmur\u00ebt dhe personat me aft\u00ebsi t\u00eb kufizuara.\r\n\u2022 T\u00eb mos pengojm\u00eb veprimet e forcave t\u00eb emergjenc\u00ebs n\u00eb realizimin e objektivave t\u00eb tyre p\u00ebr dh\u00ebnien e ndihm\u00ebs p\u00ebr komunitetin.\r\n\r\n<\/div>\r\n<\/div>\r\n<\/div>\r\n<\/div>\r\n<\/div>\r\n<\/section><\/div>\r\n<\/div>\r\n<\/main>\r\n<div class=\"elementor elementor-401 elementor-location-footer\" data-elementor-type=\"footer\" data-elementor-id=\"401\">\r\n<div class=\"elementor-section-wrap\"><\/div>\r\n<\/div>","_et_gb_content_width":"","footnotes":"","_links_to":"","_links_to_target":""},"class_list":["post-33716","page","type-page","status-publish","hentry"],"yoast_head":"<!-- This site is optimized with the Yoast SEO plugin v23.4 - https:\/\/yoast.com\/wordpress\/plugins\/seo\/ -->\n<title>Bllokim nga d\u00ebbora - TogetherForLife<\/title>\n<meta name=\"robots\" content=\"index, follow, max-snippet:-1, max-image-preview:large, max-video-preview:-1\" \/>\n<link rel=\"canonical\" href=\"https:\/\/www.togetherforlife.org.al\/en\/emergjencat-civile\/bllokim-nga-debora\/\" \/>\n<meta property=\"og:locale\" content=\"en_GB\" \/>\n<meta property=\"og:type\" content=\"article\" \/>\n<meta property=\"og:title\" content=\"Bllokim nga d\u00ebbora - TogetherForLife\" \/>\n<meta property=\"og:description\" content=\"\u00c7far\u00eb duhet t\u00eb b\u00ebjm\u00eb para bllokimit nga d\u00ebbora: \u2022 T\u00eb sigurojm\u00eb ushqimin p\u00ebr familjen dhe kafsh\u00ebt sht\u00ebpiake t\u00eb pakt\u00ebn p\u00ebr dy jav\u00eb. \u2022 T\u00eb sigurojm\u00eb nga ngrirja rrjetin e tubacioneve [&hellip;]\" \/>\n<meta property=\"og:url\" content=\"https:\/\/www.togetherforlife.org.al\/en\/emergjencat-civile\/bllokim-nga-debora\/\" \/>\n<meta property=\"og:site_name\" content=\"TogetherForLife\" \/>\n<meta property=\"article:modified_time\" content=\"2024-09-29T20:53:11+00:00\" \/>\n<meta name=\"twitter:card\" content=\"summary_large_image\" \/>\n<script type=\"application\/ld+json\" class=\"yoast-schema-graph\">{\"@context\":\"https:\/\/schema.org\",\"@graph\":[{\"@type\":\"WebPage\",\"@id\":\"https:\/\/www.togetherforlife.org.al\/emergjencat-civile\/bllokim-nga-debora\/\",\"url\":\"https:\/\/www.togetherforlife.org.al\/emergjencat-civile\/bllokim-nga-debora\/\",\"name\":\"Bllokim nga d\u00ebbora - TogetherForLife\",\"isPartOf\":{\"@id\":\"https:\/\/www.togetherforlife.org.al\/#website\"},\"datePublished\":\"2024-09-29T20:51:04+00:00\",\"dateModified\":\"2024-09-29T20:53:11+00:00\",\"breadcrumb\":{\"@id\":\"https:\/\/www.togetherforlife.org.al\/emergjencat-civile\/bllokim-nga-debora\/#breadcrumb\"},\"inLanguage\":\"en-GB\",\"potentialAction\":[{\"@type\":\"ReadAction\",\"target\":[\"https:\/\/www.togetherforlife.org.al\/emergjencat-civile\/bllokim-nga-debora\/\"]}]},{\"@type\":\"BreadcrumbList\",\"@id\":\"https:\/\/www.togetherforlife.org.al\/emergjencat-civile\/bllokim-nga-debora\/#breadcrumb\",\"itemListElement\":[{\"@type\":\"ListItem\",\"position\":1,\"name\":\"Home\",\"item\":\"https:\/\/www.togetherforlife.org.al\/\"},{\"@type\":\"ListItem\",\"position\":2,\"name\":\"Emergjencat Civile\",\"item\":\"https:\/\/www.togetherforlife.org.al\/emergjencat-civile\/\"},{\"@type\":\"ListItem\",\"position\":3,\"name\":\"Bllokim nga d\u00ebbora\"}]},{\"@type\":\"WebSite\",\"@id\":\"https:\/\/www.togetherforlife.org.al\/#website\",\"url\":\"https:\/\/www.togetherforlife.org.al\/\",\"name\":\"TogetherForLife\",\"description\":\"\",\"potentialAction\":[{\"@type\":\"SearchAction\",\"target\":{\"@type\":\"EntryPoint\",\"urlTemplate\":\"https:\/\/www.togetherforlife.org.al\/?s={search_term_string}\"},\"query-input\":{\"@type\":\"PropertyValueSpecification\",\"valueRequired\":true,\"valueName\":\"search_term_string\"}}],\"inLanguage\":\"en-GB\"}]}<\/script>\n<!-- \/ Yoast SEO plugin. -->","yoast_head_json":{"title":"Bllokim nga d\u00ebbora - TogetherForLife","robots":{"index":"index","follow":"follow","max-snippet":"max-snippet:-1","max-image-preview":"max-image-preview:large","max-video-preview":"max-video-preview:-1"},"canonical":"https:\/\/www.togetherforlife.org.al\/en\/emergjencat-civile\/bllokim-nga-debora\/","og_locale":"en_GB","og_type":"article","og_title":"Bllokim nga d\u00ebbora - TogetherForLife","og_description":"\u00c7far\u00eb duhet t\u00eb b\u00ebjm\u00eb para bllokimit nga d\u00ebbora: \u2022 T\u00eb sigurojm\u00eb ushqimin p\u00ebr familjen dhe kafsh\u00ebt sht\u00ebpiake t\u00eb pakt\u00ebn p\u00ebr dy jav\u00eb. \u2022 T\u00eb sigurojm\u00eb nga ngrirja rrjetin e tubacioneve [&hellip;]","og_url":"https:\/\/www.togetherforlife.org.al\/en\/emergjencat-civile\/bllokim-nga-debora\/","og_site_name":"TogetherForLife","article_modified_time":"2024-09-29T20:53:11+00:00","twitter_card":"summary_large_image","schema":{"@context":"https:\/\/schema.org","@graph":[{"@type":"WebPage","@id":"https:\/\/www.togetherforlife.org.al\/emergjencat-civile\/bllokim-nga-debora\/","url":"https:\/\/www.togetherforlife.org.al\/emergjencat-civile\/bllokim-nga-debora\/","name":"Bllokim nga d\u00ebbora - TogetherForLife","isPartOf":{"@id":"https:\/\/www.togetherforlife.org.al\/#website"},"datePublished":"2024-09-29T20:51:04+00:00","dateModified":"2024-09-29T20:53:11+00:00","breadcrumb":{"@id":"https:\/\/www.togetherforlife.org.al\/emergjencat-civile\/bllokim-nga-debora\/#breadcrumb"},"inLanguage":"en-GB","potentialAction":[{"@type":"ReadAction","target":["https:\/\/www.togetherforlife.org.al\/emergjencat-civile\/bllokim-nga-debora\/"]}]},{"@type":"BreadcrumbList","@id":"https:\/\/www.togetherforlife.org.al\/emergjencat-civile\/bllokim-nga-debora\/#breadcrumb","itemListElement":[{"@type":"ListItem","position":1,"name":"Home","item":"https:\/\/www.togetherforlife.org.al\/"},{"@type":"ListItem","position":2,"name":"Emergjencat Civile","item":"https:\/\/www.togetherforlife.org.al\/emergjencat-civile\/"},{"@type":"ListItem","position":3,"name":"Bllokim nga d\u00ebbora"}]},{"@type":"WebSite","@id":"https:\/\/www.togetherforlife.org.al\/#website","url":"https:\/\/www.togetherforlife.org.al\/","name":"TogetherForLife","description":"","potentialAction":[{"@type":"SearchAction","target":{"@type":"EntryPoint","urlTemplate":"https:\/\/www.togetherforlife.org.al\/?s={search_term_string}"},"query-input":{"@type":"PropertyValueSpecification","valueRequired":true,"valueName":"search_term_string"}}],"inLanguage":"en-GB"}]}},"_links":{"self":[{"href":"https:\/\/www.togetherforlife.org.al\/en\/wp-json\/wp\/v2\/pages\/33716"}],"collection":[{"href":"https:\/\/www.togetherforlife.org.al\/en\/wp-json\/wp\/v2\/pages"}],"about":[{"href":"https:\/\/www.togetherforlife.org.al\/en\/wp-json\/wp\/v2\/types\/page"}],"author":[{"embeddable":true,"href":"https:\/\/www.togetherforlife.org.al\/en\/wp-json\/wp\/v2\/users\/17"}],"replies":[{"embeddable":true,"href":"https:\/\/www.togetherforlife.org.al\/en\/wp-json\/wp\/v2\/comments?post=33716"}],"version-history":[{"count":4,"href":"https:\/\/www.togetherforlife.org.al\/en\/wp-json\/wp\/v2\/pages\/33716\/revisions"}],"predecessor-version":[{"id":33720,"href":"https:\/\/www.togetherforlife.org.al\/en\/wp-json\/wp\/v2\/pages\/33716\/revisions\/33720"}],"up":[{"embeddable":true,"href":"https:\/\/www.togetherforlife.org.al\/en\/wp-json\/wp\/v2\/pages\/33694"}],"wp:attachment":[{"href":"https:\/\/www.togetherforlife.org.al\/en\/wp-json\/wp\/v2\/media?parent=33716"}],"curies":[{"name":"wp","href":"https:\/\/api.w.org\/{rel}","templated":true}]}}