{"id":33711,"date":"2024-09-29T22:47:58","date_gmt":"2024-09-29T20:47:58","guid":{"rendered":"https:\/\/www.togetherforlife.org.al\/?page_id=33711"},"modified":"2024-09-29T22:49:31","modified_gmt":"2024-09-29T20:49:31","slug":"termete","status":"publish","type":"page","link":"https:\/\/www.togetherforlife.org.al\/en\/emergjencat-civile\/termete\/","title":{"rendered":"T\u00ebrmete"},"content":{"rendered":"<p>[et_pb_section fb_built=&#8221;1&#8243; admin_label=&#8221;section&#8221; _builder_version=&#8221;4.16&#8243; hover_enabled=&#8221;0&#8243; global_colors_info=&#8221;{}&#8221; sticky_enabled=&#8221;0&#8243;][et_pb_row admin_label=&#8221;row&#8221; _builder_version=&#8221;4.16&#8243; background_size=&#8221;initial&#8221; background_position=&#8221;top_left&#8221; background_repeat=&#8221;repeat&#8221; global_colors_info=&#8221;{}&#8221;][et_pb_column type=&#8221;4_4&#8243; _builder_version=&#8221;4.16&#8243; custom_padding=&#8221;|||&#8221; global_colors_info=&#8221;{}&#8221; custom_padding__hover=&#8221;|||&#8221;][et_pb_heading title=&#8221;T\u00ebrmete&#8221; _builder_version=&#8221;4.27.0&#8243; _module_preset=&#8221;default&#8221; title_font_size=&#8221;50px&#8221; hover_enabled=&#8221;0&#8243; sticky_enabled=&#8221;0&#8243;][\/et_pb_heading][et_pb_text admin_label=&#8221;Text&#8221; _builder_version=&#8221;4.16&#8243; background_size=&#8221;initial&#8221; background_position=&#8221;top_left&#8221; background_repeat=&#8221;repeat&#8221; global_colors_info=&#8221;{}&#8221;]<strong>\u00c7far\u00eb duhet t\u00eb b\u00ebjm\u00eb p\u00ebrpara nj\u00eb t\u00ebrmeti:<\/strong><\/p>\n<p>\u2022 N\u00ebse nuk jeni t\u00eb bindur q\u00eb banesa juaj \u00ebsht\u00eb e projektuar q\u00eb mund t\u00eb p\u00ebrballoj\u00eb nj\u00eb t\u00ebrmet at\u00ebher\u00eb me ndihm\u00ebn e nj\u00eb specialisti mund t\u00eb p\u00ebrforconi muret mbajt\u00ebse dhe lidhjet mes mureve dhe solet\u00ebs.<br \/>\n\u2022 Mundohuni t\u00eb shmangni vendosjen e mobilieve t\u00eb r\u00ebnda.<br \/>\n\u2022 Siguroni mir\u00eb n\u00eb mure, raftet, bibliotekat, piktura dhe pasqyrat.<br \/>\n\u2022 Gjithmon\u00eb vendosni objektet m\u00eb t\u00eb r\u00ebnda n\u00eb katet e poshtme t\u00eb rafteve.<br \/>\n\u2022 N\u00eb kuzhin\u00eb siguroni q\u00eb dyert e rafteve ose sirtar\u00ebve ku mbani pjatat, gotat, filxhan\u00ebt dhe thikat t\u00eb mos hapen n\u00eb rast t\u00eb l\u00ebkundjeve t\u00eb t\u00ebrmetit.<br \/>\n\u2022 M\u00ebsoni ku jan\u00eb dhe si t\u00eb mbyllni rubinetat e gazit, ujit dhe automatin kryesor t\u00eb energjis\u00eb elektrike.<br \/>\n\u2022 P\u00ebrcaktoni pikat m\u00eb t\u00eb sigurta t\u00eb banes\u00ebs, ku t\u00eb strehoheni n\u00eb rast t\u00ebrmeti: posht\u00eb kasave t\u00eb dyerve, n\u00eb cepat e mureve ose posht\u00eb tavolin\u00ebs dhe krevatit.<br \/>\n\u2022 Mbani gjithnj\u00eb n\u00eb sht\u00ebpi nj\u00eb kuti t\u00eb ndihm\u00ebs s\u00eb shpejt\u00eb. Nj\u00eb elektrik\u00eb dore, nj\u00eb radio me bateri. P\u00ebr k\u00ebto sigurohuni q\u00eb \u00e7do pjes\u00ebtar i familjes t\u00eb dij\u00eb ku k\u00ebto ndodhen.<br \/>\n\u2022 Eliminoni \u00e7do situat\u00eb q\u00eb n\u00eb rast t\u00ebrmeti mund t\u00eb p\u00ebrb\u00ebjn\u00eb rrezik p\u00ebr ju dhe familjen tuaj.<\/p>\n<p><strong>\u00c7far\u00eb duhet t\u00eb b\u00ebjm\u00eb gjat\u00eb nj\u00eb t\u00ebrmeti:<\/strong><\/p>\n<p>\u2022 N\u00ebse gjendeni n\u00eb nj\u00eb vend t\u00eb mbyllur shkoni menj\u00ebher\u00eb posht\u00eb traut t\u00eb banes\u00ebs, n\u00eb kas\u00ebn e dyerve ose pran\u00eb nj\u00eb muri mbajt\u00ebs.<br \/>\n\u2022 Duhet t\u00eb kini kujdes nga gj\u00ebrat q\u00eb mund t\u2019ju godasin si xhama, mobilje etj.,<br \/>\n\u2022 Kini kujdes n\u00eb p\u00ebrdorimin e shkall\u00ebve. Shpesh her\u00eb jan\u00eb pak rezistente dhe mund t\u00eb d\u00ebmtohen.<br \/>\n\u2022 \u00cbsht\u00eb mir\u00eb t\u00eb shmangni p\u00ebrdorimin e ashensorit. Mund t\u00eb bllokohet ose t\u00eb jet\u00eb d\u00ebmtuar.<br \/>\n\u2022 Kini kujdes nga pasoja t\u00eb tjera nga t\u00ebrmeti, si shembjet e urave, rr\u00ebshqitjet e terrenit dhe rrjedhjet e gazit.<br \/>\n\u2022 N\u00ebse jeni n\u00eb mjedis t\u00eb hapur largohuni nga nd\u00ebrtesat e larta, pem\u00ebt, shtyllat elektrike pasi mund t\u00eb goditeni nga materiale t\u00eb ndryshme.<\/p>\n<p><strong>\u00a0\u00c7far\u00eb duhet t\u00eb b\u00ebjm\u00eb pas t\u00ebrmetit:<\/strong><\/p>\n<p>\u2022 Sigurohuni q\u00eb personat rreth jush jan\u00eb n\u00eb gjendje t\u00eb mir\u00eb sh\u00ebndet\u00ebsore.<br \/>\n\u2022 Dilni me kujdes nga banesat.<br \/>\n\u2022 Mos harroni t\u00eb vishni k\u00ebpuc\u00ebt, pasi jasht\u00eb mund t\u00eb ket\u00eb xhama dhe sende t\u00eb tjera dhe mund t\u00eb d\u00ebmtoheni nga k\u00ebmb\u00ebt.[\/et_pb_text][\/et_pb_column][\/et_pb_row][et_pb_row _builder_version=&#8221;4.27.0&#8243; _module_preset=&#8221;default&#8221;][et_pb_column _builder_version=&#8221;4.27.0&#8243; _module_preset=&#8221;default&#8221; type=&#8221;4_4&#8243;][\/et_pb_column][\/et_pb_row][\/et_pb_section]<\/p>","protected":false},"excerpt":{"rendered":"<p>\u00c7far\u00eb duhet t\u00eb b\u00ebjm\u00eb p\u00ebrpara nj\u00eb t\u00ebrmeti: \u2022 N\u00ebse nuk jeni t\u00eb bindur q\u00eb banesa juaj \u00ebsht\u00eb e projektuar q\u00eb mund t\u00eb p\u00ebrballoj\u00eb nj\u00eb t\u00ebrmet at\u00ebher\u00eb me ndihm\u00ebn e nj\u00eb [&hellip;]<\/p>","protected":false},"author":17,"featured_media":0,"parent":33694,"menu_order":0,"comment_status":"closed","ping_status":"closed","template":"elementor_header_footer","meta":{"_et_pb_use_builder":"on","_et_pb_old_content":"<strong>\u00c7far\u00eb duhet t\u00eb b\u00ebjm\u00eb p\u00ebrpara nj\u00eb t\u00ebrmeti:<\/strong>\r\n\r\n\u2022 N\u00ebse nuk jeni t\u00eb bindur q\u00eb banesa juaj \u00ebsht\u00eb e projektuar q\u00eb mund t\u00eb p\u00ebrballoj\u00eb nj\u00eb t\u00ebrmet at\u00ebher\u00eb me ndihm\u00ebn e nj\u00eb specialisti mund t\u00eb p\u00ebrforconi muret mbajt\u00ebse dhe lidhjet mes mureve dhe solet\u00ebs.\r\n\u2022 Mundohuni t\u00eb shmangni vendosjen e mobilieve t\u00eb r\u00ebnda.\r\n\u2022 Siguroni mir\u00eb n\u00eb mure, raftet, bibliotekat, piktura dhe pasqyrat.\r\n\u2022 Gjithmon\u00eb vendosni objektet m\u00eb t\u00eb r\u00ebnda n\u00eb katet e poshtme t\u00eb rafteve.\r\n\u2022 N\u00eb kuzhin\u00eb siguroni q\u00eb dyert e rafteve ose sirtar\u00ebve ku mbani pjatat, gotat, filxhan\u00ebt dhe thikat t\u00eb mos hapen n\u00eb rast t\u00eb l\u00ebkundjeve t\u00eb t\u00ebrmetit.\r\n\u2022 M\u00ebsoni ku jan\u00eb dhe si t\u00eb mbyllni rubinetat e gazit, ujit dhe automatin kryesor t\u00eb energjis\u00eb elektrike.\r\n\u2022 P\u00ebrcaktoni pikat m\u00eb t\u00eb sigurta t\u00eb banes\u00ebs, ku t\u00eb strehoheni n\u00eb rast t\u00ebrmeti: posht\u00eb kasave t\u00eb dyerve, n\u00eb cepat e mureve ose posht\u00eb tavolin\u00ebs dhe krevatit.\r\n\u2022 Mbani gjithnj\u00eb n\u00eb sht\u00ebpi nj\u00eb kuti t\u00eb ndihm\u00ebs s\u00eb shpejt\u00eb. Nj\u00eb elektrik\u00eb dore, nj\u00eb radio me bateri. P\u00ebr k\u00ebto sigurohuni q\u00eb \u00e7do pjes\u00ebtar i familjes t\u00eb dij\u00eb ku k\u00ebto ndodhen.\r\n\u2022 Eliminoni \u00e7do situat\u00eb q\u00eb n\u00eb rast t\u00ebrmeti mund t\u00eb p\u00ebrb\u00ebjn\u00eb rrezik p\u00ebr ju dhe familjen tuaj.\r\n\r\n<strong>\u00c7far\u00eb duhet t\u00eb b\u00ebjm\u00eb gjat\u00eb nj\u00eb t\u00ebrmeti:<\/strong>\r\n\r\n\u2022 N\u00ebse gjendeni n\u00eb nj\u00eb vend t\u00eb mbyllur shkoni menj\u00ebher\u00eb posht\u00eb traut t\u00eb banes\u00ebs, n\u00eb kas\u00ebn e dyerve ose pran\u00eb nj\u00eb muri mbajt\u00ebs.\r\n\u2022 Duhet t\u00eb kini kujdes nga gj\u00ebrat q\u00eb mund t\u2019ju godasin si xhama, mobilje etj.,\r\n\u2022 Kini kujdes n\u00eb p\u00ebrdorimin e shkall\u00ebve. Shpesh her\u00eb jan\u00eb pak rezistente dhe mund t\u00eb d\u00ebmtohen.\r\n\u2022 \u00cbsht\u00eb mir\u00eb t\u00eb shmangni p\u00ebrdorimin e ashensorit. Mund t\u00eb bllokohet ose t\u00eb jet\u00eb d\u00ebmtuar.\r\n\u2022 Kini kujdes nga pasoja t\u00eb tjera nga t\u00ebrmeti, si shembjet e urave, rr\u00ebshqitjet e terrenit dhe rrjedhjet e gazit.\r\n\u2022 N\u00ebse jeni n\u00eb mjedis t\u00eb hapur largohuni nga nd\u00ebrtesat e larta, pem\u00ebt, shtyllat elektrike pasi mund t\u00eb goditeni nga materiale t\u00eb ndryshme.\r\n\r\n<strong>\u00a0\u00c7far\u00eb duhet t\u00eb b\u00ebjm\u00eb pas t\u00ebrmetit:<\/strong>\r\n\r\n\u2022 Sigurohuni q\u00eb personat rreth jush jan\u00eb n\u00eb gjendje t\u00eb mir\u00eb sh\u00ebndet\u00ebsore.\r\n\u2022 Dilni me kujdes nga banesat.\r\n\u2022 Mos harroni t\u00eb vishni k\u00ebpuc\u00ebt, pasi jasht\u00eb mund t\u00eb ket\u00eb xhama dhe sende t\u00eb tjera dhe mund t\u00eb d\u00ebmtoheni nga k\u00ebmb\u00ebt.","_et_gb_content_width":"","footnotes":"","_links_to":"","_links_to_target":""},"class_list":["post-33711","page","type-page","status-publish","hentry"],"yoast_head":"<!-- This site is optimized with the Yoast SEO plugin v23.4 - https:\/\/yoast.com\/wordpress\/plugins\/seo\/ -->\n<title>T\u00ebrmete - TogetherForLife<\/title>\n<meta name=\"robots\" content=\"index, follow, max-snippet:-1, max-image-preview:large, max-video-preview:-1\" \/>\n<link rel=\"canonical\" href=\"https:\/\/www.togetherforlife.org.al\/en\/emergjencat-civile\/termete\/\" \/>\n<meta property=\"og:locale\" content=\"en_GB\" \/>\n<meta property=\"og:type\" content=\"article\" \/>\n<meta property=\"og:title\" content=\"T\u00ebrmete - TogetherForLife\" \/>\n<meta property=\"og:description\" content=\"\u00c7far\u00eb duhet t\u00eb b\u00ebjm\u00eb p\u00ebrpara nj\u00eb t\u00ebrmeti: \u2022 N\u00ebse nuk jeni t\u00eb bindur q\u00eb banesa juaj \u00ebsht\u00eb e projektuar q\u00eb mund t\u00eb p\u00ebrballoj\u00eb nj\u00eb t\u00ebrmet at\u00ebher\u00eb me ndihm\u00ebn e nj\u00eb [&hellip;]\" \/>\n<meta property=\"og:url\" content=\"https:\/\/www.togetherforlife.org.al\/en\/emergjencat-civile\/termete\/\" \/>\n<meta property=\"og:site_name\" content=\"TogetherForLife\" \/>\n<meta property=\"article:modified_time\" content=\"2024-09-29T20:49:31+00:00\" \/>\n<meta name=\"twitter:card\" content=\"summary_large_image\" \/>\n<script type=\"application\/ld+json\" class=\"yoast-schema-graph\">{\"@context\":\"https:\/\/schema.org\",\"@graph\":[{\"@type\":\"WebPage\",\"@id\":\"https:\/\/www.togetherforlife.org.al\/emergjencat-civile\/termete\/\",\"url\":\"https:\/\/www.togetherforlife.org.al\/emergjencat-civile\/termete\/\",\"name\":\"T\u00ebrmete - TogetherForLife\",\"isPartOf\":{\"@id\":\"https:\/\/www.togetherforlife.org.al\/#website\"},\"datePublished\":\"2024-09-29T20:47:58+00:00\",\"dateModified\":\"2024-09-29T20:49:31+00:00\",\"breadcrumb\":{\"@id\":\"https:\/\/www.togetherforlife.org.al\/emergjencat-civile\/termete\/#breadcrumb\"},\"inLanguage\":\"en-GB\",\"potentialAction\":[{\"@type\":\"ReadAction\",\"target\":[\"https:\/\/www.togetherforlife.org.al\/emergjencat-civile\/termete\/\"]}]},{\"@type\":\"BreadcrumbList\",\"@id\":\"https:\/\/www.togetherforlife.org.al\/emergjencat-civile\/termete\/#breadcrumb\",\"itemListElement\":[{\"@type\":\"ListItem\",\"position\":1,\"name\":\"Home\",\"item\":\"https:\/\/www.togetherforlife.org.al\/\"},{\"@type\":\"ListItem\",\"position\":2,\"name\":\"Emergjencat Civile\",\"item\":\"https:\/\/www.togetherforlife.org.al\/emergjencat-civile\/\"},{\"@type\":\"ListItem\",\"position\":3,\"name\":\"T\u00ebrmete\"}]},{\"@type\":\"WebSite\",\"@id\":\"https:\/\/www.togetherforlife.org.al\/#website\",\"url\":\"https:\/\/www.togetherforlife.org.al\/\",\"name\":\"TogetherForLife\",\"description\":\"\",\"potentialAction\":[{\"@type\":\"SearchAction\",\"target\":{\"@type\":\"EntryPoint\",\"urlTemplate\":\"https:\/\/www.togetherforlife.org.al\/?s={search_term_string}\"},\"query-input\":{\"@type\":\"PropertyValueSpecification\",\"valueRequired\":true,\"valueName\":\"search_term_string\"}}],\"inLanguage\":\"en-GB\"}]}<\/script>\n<!-- \/ Yoast SEO plugin. -->","yoast_head_json":{"title":"T\u00ebrmete - TogetherForLife","robots":{"index":"index","follow":"follow","max-snippet":"max-snippet:-1","max-image-preview":"max-image-preview:large","max-video-preview":"max-video-preview:-1"},"canonical":"https:\/\/www.togetherforlife.org.al\/en\/emergjencat-civile\/termete\/","og_locale":"en_GB","og_type":"article","og_title":"T\u00ebrmete - TogetherForLife","og_description":"\u00c7far\u00eb duhet t\u00eb b\u00ebjm\u00eb p\u00ebrpara nj\u00eb t\u00ebrmeti: \u2022 N\u00ebse nuk jeni t\u00eb bindur q\u00eb banesa juaj \u00ebsht\u00eb e projektuar q\u00eb mund t\u00eb p\u00ebrballoj\u00eb nj\u00eb t\u00ebrmet at\u00ebher\u00eb me ndihm\u00ebn e nj\u00eb [&hellip;]","og_url":"https:\/\/www.togetherforlife.org.al\/en\/emergjencat-civile\/termete\/","og_site_name":"TogetherForLife","article_modified_time":"2024-09-29T20:49:31+00:00","twitter_card":"summary_large_image","schema":{"@context":"https:\/\/schema.org","@graph":[{"@type":"WebPage","@id":"https:\/\/www.togetherforlife.org.al\/emergjencat-civile\/termete\/","url":"https:\/\/www.togetherforlife.org.al\/emergjencat-civile\/termete\/","name":"T\u00ebrmete - TogetherForLife","isPartOf":{"@id":"https:\/\/www.togetherforlife.org.al\/#website"},"datePublished":"2024-09-29T20:47:58+00:00","dateModified":"2024-09-29T20:49:31+00:00","breadcrumb":{"@id":"https:\/\/www.togetherforlife.org.al\/emergjencat-civile\/termete\/#breadcrumb"},"inLanguage":"en-GB","potentialAction":[{"@type":"ReadAction","target":["https:\/\/www.togetherforlife.org.al\/emergjencat-civile\/termete\/"]}]},{"@type":"BreadcrumbList","@id":"https:\/\/www.togetherforlife.org.al\/emergjencat-civile\/termete\/#breadcrumb","itemListElement":[{"@type":"ListItem","position":1,"name":"Home","item":"https:\/\/www.togetherforlife.org.al\/"},{"@type":"ListItem","position":2,"name":"Emergjencat Civile","item":"https:\/\/www.togetherforlife.org.al\/emergjencat-civile\/"},{"@type":"ListItem","position":3,"name":"T\u00ebrmete"}]},{"@type":"WebSite","@id":"https:\/\/www.togetherforlife.org.al\/#website","url":"https:\/\/www.togetherforlife.org.al\/","name":"TogetherForLife","description":"","potentialAction":[{"@type":"SearchAction","target":{"@type":"EntryPoint","urlTemplate":"https:\/\/www.togetherforlife.org.al\/?s={search_term_string}"},"query-input":{"@type":"PropertyValueSpecification","valueRequired":true,"valueName":"search_term_string"}}],"inLanguage":"en-GB"}]}},"_links":{"self":[{"href":"https:\/\/www.togetherforlife.org.al\/en\/wp-json\/wp\/v2\/pages\/33711"}],"collection":[{"href":"https:\/\/www.togetherforlife.org.al\/en\/wp-json\/wp\/v2\/pages"}],"about":[{"href":"https:\/\/www.togetherforlife.org.al\/en\/wp-json\/wp\/v2\/types\/page"}],"author":[{"embeddable":true,"href":"https:\/\/www.togetherforlife.org.al\/en\/wp-json\/wp\/v2\/users\/17"}],"replies":[{"embeddable":true,"href":"https:\/\/www.togetherforlife.org.al\/en\/wp-json\/wp\/v2\/comments?post=33711"}],"version-history":[{"count":3,"href":"https:\/\/www.togetherforlife.org.al\/en\/wp-json\/wp\/v2\/pages\/33711\/revisions"}],"predecessor-version":[{"id":33714,"href":"https:\/\/www.togetherforlife.org.al\/en\/wp-json\/wp\/v2\/pages\/33711\/revisions\/33714"}],"up":[{"embeddable":true,"href":"https:\/\/www.togetherforlife.org.al\/en\/wp-json\/wp\/v2\/pages\/33694"}],"wp:attachment":[{"href":"https:\/\/www.togetherforlife.org.al\/en\/wp-json\/wp\/v2\/media?parent=33711"}],"curies":[{"name":"wp","href":"https:\/\/api.w.org\/{rel}","templated":true}]}}