{"id":33694,"date":"2024-09-29T22:26:22","date_gmt":"2024-09-29T20:26:22","guid":{"rendered":"https:\/\/www.togetherforlife.org.al\/?page_id=33694"},"modified":"2024-09-29T23:04:14","modified_gmt":"2024-09-29T21:04:14","slug":"emergjencat-civile","status":"publish","type":"page","link":"https:\/\/www.togetherforlife.org.al\/en\/emergjencat-civile\/","title":{"rendered":"Emergjencat Civile"},"content":{"rendered":"<p>[et_pb_section fb_built=&#8221;1&#8243; admin_label=&#8221;Header&#8221; _builder_version=&#8221;4.25.2&#8243; _module_preset=&#8221;default&#8221; use_background_color_gradient=&#8221;on&#8221; background_color_gradient_direction=&#8221;90deg&#8221; background_color_gradient_stops=&#8221;#ffffff 0%|rgba(255,255,255,0.8) 100%&#8221; background_color_gradient_overlays_image=&#8221;on&#8221; background_color_gradient_start=&#8221;#ffffff&#8221; background_color_gradient_end=&#8221;rgba(255,255,255,0.8)&#8221; background_image=&#8221;https:\/\/www.togetherforlife.org.al\/wp-content\/uploads\/2024\/06\/ambulance-doctors-working-team-standing-and-posing-2023-11-27-05-03-10-utc-scaled.jpg&#8221; min_height=&#8221;200px&#8221; custom_margin=&#8221;0px||||false|false&#8221; custom_padding=&#8221;10px||0px||false|false&#8221; border_radii=&#8221;off|NaNpx|NaNpx|30px|30px&#8221; collapsed=&#8221;off&#8221; global_colors_info=&#8221;{}&#8221; theme_builder_area=&#8221;post_content&#8221;][et_pb_row column_structure=&#8221;2_5,3_5&#8243; use_custom_gutter=&#8221;on&#8221; make_equal=&#8221;on&#8221; _builder_version=&#8221;4.16&#8243; _module_preset=&#8221;default&#8221; background_enable_color=&#8221;off&#8221; positioning=&#8221;absolute&#8221; width=&#8221;100%&#8221; max_width=&#8221;none&#8221; height=&#8221;100%&#8221; custom_padding=&#8221;62px||62px||true|false&#8221; collapsed=&#8221;on&#8221; global_colors_info=&#8221;{}&#8221; theme_builder_area=&#8221;post_content&#8221;][et_pb_column type=&#8221;2_5&#8243; _builder_version=&#8221;4.16&#8243; _module_preset=&#8221;default&#8221; global_colors_info=&#8221;{}&#8221; theme_builder_area=&#8221;post_content&#8221;][et_pb_divider show_divider=&#8221;off&#8221; _builder_version=&#8221;4.25.1&#8243; _module_preset=&#8221;default&#8221; background_enable_color=&#8221;off&#8221; background_enable_image=&#8221;off&#8221; background_size=&#8221;initial&#8221; background_repeat=&#8221;repeat&#8221; height=&#8221;100%&#8221; global_colors_info=&#8221;{%22gcid-4721c02e-63da-4985-9f86-80b98bb29c52%22:%91%93}&#8221; theme_builder_area=&#8221;post_content&#8221;][\/et_pb_divider][\/et_pb_column][et_pb_column type=&#8221;3_5&#8243; _builder_version=&#8221;4.16&#8243; _module_preset=&#8221;default&#8221; global_colors_info=&#8221;{}&#8221; theme_builder_area=&#8221;post_content&#8221;][\/et_pb_column][\/et_pb_row][et_pb_row _builder_version=&#8221;4.25.2&#8243; _module_preset=&#8221;default&#8221; z_index=&#8221;10&#8243; min_height=&#8221;200px&#8221; custom_margin=&#8221;0px|auto||auto|false|false&#8221; collapsed=&#8221;on&#8221; global_colors_info=&#8221;{}&#8221; theme_builder_area=&#8221;post_content&#8221;][et_pb_column type=&#8221;4_4&#8243; _builder_version=&#8221;4.25.2&#8243; _module_preset=&#8221;default&#8221; global_colors_info=&#8221;{}&#8221; theme_builder_area=&#8221;post_content&#8221;][et_pb_text _builder_version=&#8221;4.25.2&#8243; _module_preset=&#8221;6ca64ecf-fbe3-4428-b1e8-65745f623d5d&#8221; text_font=&#8221;Quicksand||||||||&#8221; header_font=&#8221;Poppins|700|||||||&#8221; header_text_color=&#8221;#000000&#8243; header_font_size=&#8221;70px&#8221; header_line_height=&#8221;1.2em&#8221; text_orientation=&#8221;center&#8221; header_font_size_tablet=&#8221;40px&#8221; header_font_size_phone=&#8221;25px&#8221; header_font_size_last_edited=&#8221;on|phone&#8221; locked=&#8221;off&#8221; global_colors_info=&#8221;{}&#8221; theme_builder_area=&#8221;post_content&#8221;]<\/p>\n<h1>Emergjencat Civile<\/h1>\n<p>[\/et_pb_text][\/et_pb_column][\/et_pb_row][\/et_pb_section][et_pb_section fb_built=&#8221;1&#8243; admin_label=&#8221;section&#8221; _builder_version=&#8221;4.16&#8243; global_colors_info=&#8221;{}&#8221;][et_pb_row column_structure=&#8221;1_2,1_2&#8243; use_custom_gutter=&#8221;on&#8221; gutter_width=&#8221;2&#8243; _builder_version=&#8221;4.27.0&#8243; _module_preset=&#8221;default&#8221; width=&#8221;100%&#8221; max_width=&#8221;900px&#8221; custom_padding=&#8221;2px|||||&#8221; global_colors_info=&#8221;{}&#8221;][et_pb_column type=&#8221;1_2&#8243; _builder_version=&#8221;4.27.0&#8243; _dynamic_attributes=&#8221;link_option_url&#8221; _module_preset=&#8221;default&#8221; link_option_url=&#8221;@ET-DC@eyJkeW5hbWljIjp0cnVlLCJjb250ZW50IjoicG9zdF9saW5rX3VybF9wYWdlIiwic2V0dGluZ3MiOnsicG9zdF9pZCI6IjMzMDI0In19@&#8221; global_colors_info=&#8221;{}&#8221;][et_pb_blurb title=&#8221;P\u00ebrmbytje&#8221; url=&#8221;https:\/\/www.togetherforlife.org.al\/emergjencat-civile\/permbytje\/&#8221; url_new_window=&#8221;on&#8221; image=&#8221;https:\/\/www.togetherforlife.org.al\/wp-content\/uploads\/2024\/06\/flood.png&#8221; image_icon_width=&#8221;48px&#8221; content_max_width=&#8221;100%&#8221; image_icon_width_tablet=&#8221;32px&#8221; image_icon_width_phone=&#8221;32px&#8221; image_icon_width_last_edited=&#8221;on|phone&#8221; _builder_version=&#8221;4.27.0&#8243; _module_preset=&#8221;3e17696c-80b2-42c8-b2b5-9d31146ea833&#8243; header_font=&#8221;Work Sans||||||||&#8221; header_text_color=&#8221;#004E43&#8243; header_font_size=&#8221;20px&#8221; header_line_height=&#8221;1.2em&#8221; background_color=&#8221;#FFFFFF&#8221; text_orientation=&#8221;center&#8221; custom_padding=&#8221;20px|20px|20px|20px|true|true&#8221; animation=&#8221;off&#8221; header_font_size_tablet=&#8221;14px&#8221; header_font_size_phone=&#8221;&#8221; header_font_size_last_edited=&#8221;on|phone&#8221; border_radii=&#8221;on|20px|20px|20px|20px&#8221; box_shadow_style=&#8221;preset1&#8243; box_shadow_blur=&#8221;10px&#8221; image_max_width=&#8221;48px&#8221; image_max_width_tablet=&#8221;32px&#8221; image_max_width_phone=&#8221;32px&#8221; image_max_width_last_edited=&#8221;on|phone&#8221; locked=&#8221;off&#8221; global_colors_info=&#8221;{}&#8221; background_color__hover=&#8221;rgba(226,226,29,0.14)&#8221; background__hover_enabled=&#8221;on|hover&#8221; background_enable_color__hover=&#8221;on&#8221;]<\/p>\n<p>N\u00ebse afroheni n\u00eb nj\u00eb rrug\u00eb ose kalim t\u00eb p\u00ebrmbytur, ndiqni k\u00ebt\u00eb rregull: kthehuni mbrapsht!<\/p>\n<p>[\/et_pb_blurb][et_pb_blurb title=&#8221;Bllokim nga D\u00ebbora&#8221; url=&#8221;https:\/\/www.togetherforlife.org.al\/emergjencat-civile\/bllokim-nga-debora\/&#8221; url_new_window=&#8221;on&#8221; image=&#8221;https:\/\/www.togetherforlife.org.al\/wp-content\/uploads\/2024\/06\/snow-storm.png&#8221; image_icon_width=&#8221;48px&#8221; content_max_width=&#8221;100%&#8221; image_icon_width_tablet=&#8221;32px&#8221; image_icon_width_phone=&#8221;32px&#8221; image_icon_width_last_edited=&#8221;on|phone&#8221; _builder_version=&#8221;4.27.0&#8243; _module_preset=&#8221;3e17696c-80b2-42c8-b2b5-9d31146ea833&#8243; header_font=&#8221;Work Sans||||||||&#8221; header_text_color=&#8221;#004E43&#8243; header_font_size=&#8221;20px&#8221; header_line_height=&#8221;1.2em&#8221; background_color=&#8221;#FFFFFF&#8221; text_orientation=&#8221;center&#8221; custom_padding=&#8221;20px|20px|20px|20px|true|true&#8221; animation=&#8221;off&#8221; header_font_size_tablet=&#8221;14px&#8221; header_font_size_phone=&#8221;&#8221; header_font_size_last_edited=&#8221;on|phone&#8221; border_radii=&#8221;on|20px|20px|20px|20px&#8221; box_shadow_style=&#8221;preset1&#8243; box_shadow_blur=&#8221;10px&#8221; image_max_width=&#8221;48px&#8221; image_max_width_tablet=&#8221;32px&#8221; image_max_width_phone=&#8221;32px&#8221; image_max_width_last_edited=&#8221;on|phone&#8221; locked=&#8221;off&#8221; global_colors_info=&#8221;{}&#8221; background_color__hover=&#8221;rgba(226,226,29,0.14)&#8221; background_enable_color__hover=&#8221;on&#8221; background__hover_enabled=&#8221;on|hover&#8221;]<\/p>\n<p>Udh\u00ebzime p\u00ebr Sigurin\u00eb dhe Mb\u00ebshtetjen gjat\u00eb Bllokimit nga D\u00ebbora<\/p>\n<p>[\/et_pb_blurb][et_pb_blurb title=&#8221;Zjarre&#8221; url=&#8221;https:\/\/www.togetherforlife.org.al\/emergjencat-civile\/zjarre\/&#8221; url_new_window=&#8221;on&#8221; image=&#8221;https:\/\/www.togetherforlife.org.al\/wp-content\/uploads\/2024\/06\/danger.png&#8221; image_icon_width=&#8221;48px&#8221; content_max_width=&#8221;100%&#8221; image_icon_width_tablet=&#8221;32px&#8221; image_icon_width_phone=&#8221;32px&#8221; image_icon_width_last_edited=&#8221;on|phone&#8221; _builder_version=&#8221;4.27.0&#8243; _module_preset=&#8221;3e17696c-80b2-42c8-b2b5-9d31146ea833&#8243; header_font=&#8221;Work Sans||||||||&#8221; header_text_color=&#8221;#004E43&#8243; header_font_size=&#8221;20px&#8221; header_line_height=&#8221;1.2em&#8221; background_color=&#8221;#FFFFFF&#8221; text_orientation=&#8221;center&#8221; custom_padding=&#8221;20px|20px|20px|20px|true|true&#8221; animation=&#8221;off&#8221; header_font_size_tablet=&#8221;14px&#8221; header_font_size_phone=&#8221;&#8221; header_font_size_last_edited=&#8221;on|phone&#8221; border_radii=&#8221;on|20px|20px|20px|20px&#8221; box_shadow_style=&#8221;preset1&#8243; box_shadow_blur=&#8221;10px&#8221; image_max_width=&#8221;48px&#8221; image_max_width_tablet=&#8221;32px&#8221; image_max_width_phone=&#8221;32px&#8221; image_max_width_last_edited=&#8221;on|phone&#8221; locked=&#8221;off&#8221; global_colors_info=&#8221;{}&#8221; background_color__hover=&#8221;rgba(226,226,29,0.14)&#8221; background_enable_color__hover=&#8221;on&#8221; background__hover_enabled=&#8221;on|hover&#8221;]<\/p>\n<p><span style=\"font-size: 14px; background-color: #ffffff;\">Masat Parandaluese dhe Veprimet e Nevojshme p\u00ebr Parandalimin dhe Menaxhimin e Zjarreve n\u00eb Banes\u00eb dhe n\u00eb Pyje<\/span><\/p>\n<p>[\/et_pb_blurb][\/et_pb_column][et_pb_column type=&#8221;1_2&#8243; _builder_version=&#8221;4.25.2&#8243; _dynamic_attributes=&#8221;link_option_url&#8221; _module_preset=&#8221;default&#8221; link_option_url=&#8221;@ET-DC@eyJkeW5hbWljIjp0cnVlLCJjb250ZW50IjoicG9zdF9saW5rX3VybF9wYWdlIiwic2V0dGluZ3MiOnsicG9zdF9pZCI6IjMzMDM3In19@&#8221; global_colors_info=&#8221;{}&#8221;][et_pb_blurb title=&#8221;T\u00ebrmete&#8221; url=&#8221;https:\/\/www.togetherforlife.org.al\/emergjencat-civile\/termete\/&#8221; url_new_window=&#8221;on&#8221; image=&#8221;https:\/\/www.togetherforlife.org.al\/wp-content\/uploads\/2024\/06\/earthquake.png&#8221; image_icon_width=&#8221;48px&#8221; content_max_width=&#8221;100%&#8221; image_icon_width_tablet=&#8221;32px&#8221; image_icon_width_phone=&#8221;32px&#8221; image_icon_width_last_edited=&#8221;on|phone&#8221; _builder_version=&#8221;4.27.0&#8243; _module_preset=&#8221;3e17696c-80b2-42c8-b2b5-9d31146ea833&#8243; header_font=&#8221;Work Sans||||||||&#8221; header_text_color=&#8221;#004E43&#8243; header_font_size=&#8221;20px&#8221; header_line_height=&#8221;1.2em&#8221; background_color=&#8221;#FFFFFF&#8221; text_orientation=&#8221;center&#8221; custom_padding=&#8221;20px|20px|20px|20px|true|true&#8221; animation=&#8221;off&#8221; header_font_size_tablet=&#8221;14px&#8221; header_font_size_phone=&#8221;&#8221; header_font_size_last_edited=&#8221;on|phone&#8221; border_radii=&#8221;on|20px|20px|20px|20px&#8221; box_shadow_style=&#8221;preset1&#8243; box_shadow_blur=&#8221;10px&#8221; image_max_width=&#8221;48px&#8221; image_max_width_tablet=&#8221;32px&#8221; image_max_width_phone=&#8221;32px&#8221; image_max_width_last_edited=&#8221;on|phone&#8221; locked=&#8221;off&#8221; global_colors_info=&#8221;{}&#8221; background_color__hover=&#8221;rgba(226,226,29,0.14)&#8221; background_enable_color__hover=&#8221;on&#8221; background__hover_enabled=&#8221;on|hover&#8221;]<\/p>\n<p>Mbani Veten t\u00eb Sigurt: P\u00ebrgatituni dhe Reagoni ndaj Veprimtaris\u00eb Sismike<\/p>\n<p>[\/et_pb_blurb][et_pb_blurb title=&#8221;Rr\u00ebshqitje Toke&#8221; url=&#8221;https:\/\/www.togetherforlife.org.al\/emergjencat-civile\/rreshqitje-toke\/&#8221; url_new_window=&#8221;on&#8221; image=&#8221;https:\/\/www.togetherforlife.org.al\/wp-content\/uploads\/2024\/06\/landslide.png&#8221; image_icon_width=&#8221;48px&#8221; content_max_width=&#8221;100%&#8221; image_icon_width_tablet=&#8221;32px&#8221; image_icon_width_phone=&#8221;32px&#8221; image_icon_width_last_edited=&#8221;on|phone&#8221; _builder_version=&#8221;4.27.0&#8243; _module_preset=&#8221;3e17696c-80b2-42c8-b2b5-9d31146ea833&#8243; header_font=&#8221;Work Sans||||||||&#8221; header_text_color=&#8221;#004E43&#8243; header_font_size=&#8221;20px&#8221; header_line_height=&#8221;1.2em&#8221; background_color=&#8221;#FFFFFF&#8221; text_orientation=&#8221;center&#8221; custom_padding=&#8221;20px|20px|20px|20px|true|true&#8221; animation=&#8221;off&#8221; header_font_size_tablet=&#8221;14px&#8221; header_font_size_phone=&#8221;&#8221; header_font_size_last_edited=&#8221;on|phone&#8221; border_radii=&#8221;on|20px|20px|20px|20px&#8221; box_shadow_style=&#8221;preset1&#8243; box_shadow_blur=&#8221;10px&#8221; image_max_width=&#8221;48px&#8221; image_max_width_tablet=&#8221;32px&#8221; image_max_width_phone=&#8221;32px&#8221; image_max_width_last_edited=&#8221;on|phone&#8221; locked=&#8221;off&#8221; global_colors_info=&#8221;{}&#8221; background_color__hover=&#8221;rgba(226,226,29,0.14)&#8221; background_enable_color__hover=&#8221;on&#8221; background__hover_enabled=&#8221;on|hover&#8221;]<\/p>\n<p>Masat Parandaluese dhe Veprimet e Nevojshme gjat\u00eb dhe pas Rr\u00ebshqitjeve t\u00eb Terrenit<\/p>\n<p>[\/et_pb_blurb][\/et_pb_column][\/et_pb_row][\/et_pb_section]<\/p>","protected":false},"excerpt":{"rendered":"<p>Emergjencat CivileN\u00ebse afroheni n\u00eb nj\u00eb rrug\u00eb ose kalim t\u00eb p\u00ebrmbytur, ndiqni k\u00ebt\u00eb rregull: kthehuni mbrapsht!Udh\u00ebzime p\u00ebr Sigurin\u00eb dhe Mb\u00ebshtetjen gjat\u00eb Bllokimit nga D\u00ebboraMasat Parandaluese dhe Veprimet e Nevojshme p\u00ebr Parandalimin [&hellip;]<\/p>","protected":false},"author":17,"featured_media":0,"parent":0,"menu_order":0,"comment_status":"closed","ping_status":"closed","template":"elementor_header_footer","meta":{"_et_pb_use_builder":"on","_et_pb_old_content":"","_et_gb_content_width":"","footnotes":"","_links_to":"","_links_to_target":""},"class_list":["post-33694","page","type-page","status-publish","hentry"],"yoast_head":"<!-- This site is optimized with the Yoast SEO plugin v23.4 - https:\/\/yoast.com\/wordpress\/plugins\/seo\/ -->\n<title>Emergjencat Civile - TogetherForLife<\/title>\n<meta name=\"robots\" content=\"index, follow, max-snippet:-1, max-image-preview:large, max-video-preview:-1\" \/>\n<link rel=\"canonical\" href=\"https:\/\/www.togetherforlife.org.al\/en\/emergjencat-civile\/\" \/>\n<meta property=\"og:locale\" content=\"en_GB\" \/>\n<meta property=\"og:type\" content=\"article\" \/>\n<meta property=\"og:title\" content=\"Emergjencat Civile - TogetherForLife\" \/>\n<meta property=\"og:description\" content=\"Emergjencat CivileN\u00ebse afroheni n\u00eb nj\u00eb rrug\u00eb ose kalim t\u00eb p\u00ebrmbytur, ndiqni k\u00ebt\u00eb rregull: kthehuni mbrapsht!Udh\u00ebzime p\u00ebr Sigurin\u00eb dhe Mb\u00ebshtetjen gjat\u00eb Bllokimit nga D\u00ebboraMasat Parandaluese dhe Veprimet e Nevojshme p\u00ebr Parandalimin [&hellip;]\" \/>\n<meta property=\"og:url\" content=\"https:\/\/www.togetherforlife.org.al\/en\/emergjencat-civile\/\" \/>\n<meta property=\"og:site_name\" content=\"TogetherForLife\" \/>\n<meta property=\"article:modified_time\" content=\"2024-09-29T21:04:14+00:00\" \/>\n<meta name=\"twitter:card\" content=\"summary_large_image\" \/>\n<script type=\"application\/ld+json\" class=\"yoast-schema-graph\">{\"@context\":\"https:\/\/schema.org\",\"@graph\":[{\"@type\":\"WebPage\",\"@id\":\"https:\/\/www.togetherforlife.org.al\/emergjencat-civile\/\",\"url\":\"https:\/\/www.togetherforlife.org.al\/emergjencat-civile\/\",\"name\":\"Emergjencat Civile - TogetherForLife\",\"isPartOf\":{\"@id\":\"https:\/\/www.togetherforlife.org.al\/#website\"},\"datePublished\":\"2024-09-29T20:26:22+00:00\",\"dateModified\":\"2024-09-29T21:04:14+00:00\",\"breadcrumb\":{\"@id\":\"https:\/\/www.togetherforlife.org.al\/emergjencat-civile\/#breadcrumb\"},\"inLanguage\":\"en-GB\",\"potentialAction\":[{\"@type\":\"ReadAction\",\"target\":[\"https:\/\/www.togetherforlife.org.al\/emergjencat-civile\/\"]}]},{\"@type\":\"BreadcrumbList\",\"@id\":\"https:\/\/www.togetherforlife.org.al\/emergjencat-civile\/#breadcrumb\",\"itemListElement\":[{\"@type\":\"ListItem\",\"position\":1,\"name\":\"Home\",\"item\":\"https:\/\/www.togetherforlife.org.al\/\"},{\"@type\":\"ListItem\",\"position\":2,\"name\":\"Emergjencat Civile\"}]},{\"@type\":\"WebSite\",\"@id\":\"https:\/\/www.togetherforlife.org.al\/#website\",\"url\":\"https:\/\/www.togetherforlife.org.al\/\",\"name\":\"TogetherForLife\",\"description\":\"\",\"potentialAction\":[{\"@type\":\"SearchAction\",\"target\":{\"@type\":\"EntryPoint\",\"urlTemplate\":\"https:\/\/www.togetherforlife.org.al\/?s={search_term_string}\"},\"query-input\":{\"@type\":\"PropertyValueSpecification\",\"valueRequired\":true,\"valueName\":\"search_term_string\"}}],\"inLanguage\":\"en-GB\"}]}<\/script>\n<!-- \/ Yoast SEO plugin. -->","yoast_head_json":{"title":"Emergjencat Civile - TogetherForLife","robots":{"index":"index","follow":"follow","max-snippet":"max-snippet:-1","max-image-preview":"max-image-preview:large","max-video-preview":"max-video-preview:-1"},"canonical":"https:\/\/www.togetherforlife.org.al\/en\/emergjencat-civile\/","og_locale":"en_GB","og_type":"article","og_title":"Emergjencat Civile - TogetherForLife","og_description":"Emergjencat CivileN\u00ebse afroheni n\u00eb nj\u00eb rrug\u00eb ose kalim t\u00eb p\u00ebrmbytur, ndiqni k\u00ebt\u00eb rregull: kthehuni mbrapsht!Udh\u00ebzime p\u00ebr Sigurin\u00eb dhe Mb\u00ebshtetjen gjat\u00eb Bllokimit nga D\u00ebboraMasat Parandaluese dhe Veprimet e Nevojshme p\u00ebr Parandalimin [&hellip;]","og_url":"https:\/\/www.togetherforlife.org.al\/en\/emergjencat-civile\/","og_site_name":"TogetherForLife","article_modified_time":"2024-09-29T21:04:14+00:00","twitter_card":"summary_large_image","schema":{"@context":"https:\/\/schema.org","@graph":[{"@type":"WebPage","@id":"https:\/\/www.togetherforlife.org.al\/emergjencat-civile\/","url":"https:\/\/www.togetherforlife.org.al\/emergjencat-civile\/","name":"Emergjencat Civile - TogetherForLife","isPartOf":{"@id":"https:\/\/www.togetherforlife.org.al\/#website"},"datePublished":"2024-09-29T20:26:22+00:00","dateModified":"2024-09-29T21:04:14+00:00","breadcrumb":{"@id":"https:\/\/www.togetherforlife.org.al\/emergjencat-civile\/#breadcrumb"},"inLanguage":"en-GB","potentialAction":[{"@type":"ReadAction","target":["https:\/\/www.togetherforlife.org.al\/emergjencat-civile\/"]}]},{"@type":"BreadcrumbList","@id":"https:\/\/www.togetherforlife.org.al\/emergjencat-civile\/#breadcrumb","itemListElement":[{"@type":"ListItem","position":1,"name":"Home","item":"https:\/\/www.togetherforlife.org.al\/"},{"@type":"ListItem","position":2,"name":"Emergjencat Civile"}]},{"@type":"WebSite","@id":"https:\/\/www.togetherforlife.org.al\/#website","url":"https:\/\/www.togetherforlife.org.al\/","name":"TogetherForLife","description":"","potentialAction":[{"@type":"SearchAction","target":{"@type":"EntryPoint","urlTemplate":"https:\/\/www.togetherforlife.org.al\/?s={search_term_string}"},"query-input":{"@type":"PropertyValueSpecification","valueRequired":true,"valueName":"search_term_string"}}],"inLanguage":"en-GB"}]}},"_links":{"self":[{"href":"https:\/\/www.togetherforlife.org.al\/en\/wp-json\/wp\/v2\/pages\/33694"}],"collection":[{"href":"https:\/\/www.togetherforlife.org.al\/en\/wp-json\/wp\/v2\/pages"}],"about":[{"href":"https:\/\/www.togetherforlife.org.al\/en\/wp-json\/wp\/v2\/types\/page"}],"author":[{"embeddable":true,"href":"https:\/\/www.togetherforlife.org.al\/en\/wp-json\/wp\/v2\/users\/17"}],"replies":[{"embeddable":true,"href":"https:\/\/www.togetherforlife.org.al\/en\/wp-json\/wp\/v2\/comments?post=33694"}],"version-history":[{"count":5,"href":"https:\/\/www.togetherforlife.org.al\/en\/wp-json\/wp\/v2\/pages\/33694\/revisions"}],"predecessor-version":[{"id":33737,"href":"https:\/\/www.togetherforlife.org.al\/en\/wp-json\/wp\/v2\/pages\/33694\/revisions\/33737"}],"wp:attachment":[{"href":"https:\/\/www.togetherforlife.org.al\/en\/wp-json\/wp\/v2\/media?parent=33694"}],"curies":[{"name":"wp","href":"https:\/\/api.w.org\/{rel}","templated":true}]}}