{"id":33684,"date":"2024-09-29T21:58:39","date_gmt":"2024-09-29T19:58:39","guid":{"rendered":"https:\/\/www.togetherforlife.org.al\/?page_id=33684"},"modified":"2024-11-07T15:10:49","modified_gmt":"2024-11-07T14:10:49","slug":"crn","status":"publish","type":"page","link":"https:\/\/www.togetherforlife.org.al\/en\/crn\/","title":{"rendered":"CRN"},"content":{"rendered":"<div data-elementor-type=\"wp-page\" data-elementor-id=\"33684\" class=\"elementor elementor-33684\" data-elementor-post-type=\"page\">\n\t\t\t\t<div class=\"elementor-element elementor-element-4ef4c3ad e-con-full e-flex e-con e-parent\" data-id=\"4ef4c3ad\" data-element_type=\"container\" data-settings=\"{&quot;background_background&quot;:&quot;classic&quot;}\">\n\t\t\t\t<div class=\"elementor-element elementor-element-38329bf6 animated-slow elementor-invisible elementor-widget elementor-widget-heading\" data-id=\"38329bf6\" data-element_type=\"widget\" data-settings=\"{&quot;_animation&quot;:&quot;slideInUp&quot;}\" data-widget_type=\"heading.default\">\n\t\t\t\t<div class=\"elementor-widget-container\">\n\t\t\t<h2 class=\"elementor-heading-title elementor-size-default\">Rreth Nesh<\/h2>\t\t<\/div>\n\t\t\t\t<\/div>\n\t\t\t\t<div class=\"elementor-element elementor-element-57e53602 animated-slow elementor-invisible elementor-widget elementor-widget-heading\" data-id=\"57e53602\" data-element_type=\"widget\" data-settings=\"{&quot;_animation&quot;:&quot;slideInUp&quot;}\" data-widget_type=\"heading.default\">\n\t\t\t\t<div class=\"elementor-widget-container\">\n\t\t\t<h2 class=\"elementor-heading-title elementor-size-default\">Rjeti i Aft\u00ebsis\u00eb <span style=\"background-color: rgb(255, 255, 255); font-size: 30px; white-space-collapse: collapse;\">Rip\u00ebrt\u00ebrit\u00ebse<\/span><br>dhe <br>Q\u00ebndrueshm\u00ebris\u00eb s\u00eb Komunitetit - CRN<\/h2>\t\t<\/div>\n\t\t\t\t<\/div>\n\t\t<div class=\"elementor-element elementor-element-79982e47 e-flex e-con-boxed e-con e-child\" data-id=\"79982e47\" data-element_type=\"container\">\n\t\t\t\t\t<div class=\"e-con-inner\">\n\t\t<div class=\"elementor-element elementor-element-78f4a3af animated-slow e-con-full e-flex elementor-invisible e-con e-child\" data-id=\"78f4a3af\" data-element_type=\"container\" data-settings=\"{&quot;background_background&quot;:&quot;classic&quot;,&quot;animation&quot;:&quot;fadeInUp&quot;,&quot;animation_delay&quot;:600}\">\n\t\t\t\t<div class=\"elementor-element elementor-element-1ac7f6f elementor-widget elementor-widget-image\" data-id=\"1ac7f6f\" data-element_type=\"widget\" data-widget_type=\"image.default\">\n\t\t\t\t<div class=\"elementor-widget-container\">\n\t\t\t\t\t\t\t\t\t\t\t\t\t<img fetchpriority=\"high\" decoding=\"async\" width=\"1600\" height=\"1200\" src=\"https:\/\/www.togetherforlife.org.al\/wp-content\/uploads\/2024\/11\/crn.jpeg\" class=\"attachment-full size-full wp-image-33839\" alt=\"\" srcset=\"https:\/\/www.togetherforlife.org.al\/wp-content\/uploads\/2024\/11\/crn.jpeg 1600w, https:\/\/www.togetherforlife.org.al\/wp-content\/uploads\/2024\/11\/crn-1280x960.jpeg 1280w, https:\/\/www.togetherforlife.org.al\/wp-content\/uploads\/2024\/11\/crn-980x735.jpeg 980w, https:\/\/www.togetherforlife.org.al\/wp-content\/uploads\/2024\/11\/crn-480x360.jpeg 480w\" sizes=\"(min-width: 0px) and (max-width: 480px) 480px, (min-width: 481px) and (max-width: 980px) 980px, (min-width: 981px) and (max-width: 1280px) 1280px, (min-width: 1281px) 1600px, 100vw\" \/>\t\t\t\t\t\t\t\t\t\t\t\t\t<\/div>\n\t\t\t\t<\/div>\n\t\t\t\t<\/div>\n\t\t<div class=\"elementor-element elementor-element-4f6900e8 e-con-full e-flex e-con e-child\" data-id=\"4f6900e8\" data-element_type=\"container\">\n\t\t\t\t<div class=\"elementor-element elementor-element-2e27bd80 elementor-widget elementor-widget-text-editor\" data-id=\"2e27bd80\" data-element_type=\"widget\" data-widget_type=\"text-editor.default\">\n\t\t\t\t<div class=\"elementor-widget-container\">\n\t\t\t\t\t\t\t<p>Rrjeti i Aft\u00ebsis\u00eb rip\u00ebrt\u00ebrit\u00ebse (q\u00ebndrueshm\u00ebris\u00eb) s\u00eb Komunitetit n\u00eb nivel lokal \u00ebsht\u00eb nj\u00eb rrjet joformal q\u00eb luan nj\u00eb rol t\u00eb r\u00ebnd\u00ebsish\u00ebm n\u00eb rritjen e gatishm\u00ebris\u00eb dhe n\u00eb realizimin e nj\u00eb p\u00ebrgjigje sa m\u00eb efektive ndaj emergjencave sh\u00ebndet\u00ebsore. Ai \u00ebsht\u00eb nj\u00eb rrjet p\u00ebr sh\u00ebrbimin ndaj komunitetit para, gjat\u00eb dhe pas emergjencave sh\u00ebndet\u00ebsore. Ky rrjet bashkon aktor\u00eb t\u00eb ndrysh\u00ebm, burime dhe ekspertiz\u00eb brenda nj\u00eb komuniteti p\u00ebr t\u00eb trajtuar n\u00eb m\u00ebnyr\u00eb efektive nj\u00eb gam\u00eb t\u00eb gj\u00ebr\u00eb rreziqesh sh\u00ebndet\u00ebsore, duke p\u00ebrfshir\u00eb epidemit\u00eb, pandemit\u00eb, fatkeq\u00ebsit\u00eb e ndryshme natyrore, shp\u00ebrthimet e s\u00ebmundjeve dhe emergjenca t\u00eb tjera. Duke nxitur bashk\u00ebpunimin, koordinimin dhe komunikimin nd\u00ebrmjet aktor\u00ebve t\u00eb ndrysh\u00ebm, Rrjeti i Aft\u00ebsis\u00eb rip\u00ebrt\u00ebrit\u00ebse (q\u00ebndrueshm\u00ebris\u00eb) s\u00eb Komunitetit synon t\u00eb krijoj\u00eb nj\u00eb baz\u00eb t\u00eb fort\u00eb p\u00ebr forcimin e gatishm\u00ebris\u00eb s\u00eb komunitetit, reagimin e shpejt\u00eb n\u00eb raste emergjencash sh\u00ebndet\u00ebsore dhe rim\u00ebk\u00ebmbjen e q\u00ebndrueshme p\u00ebrball\u00eb sfidave t\u00eb papritura sh\u00ebndet\u00ebsore.<\/p>\t\t\t\t\t\t<\/div>\n\t\t\t\t<\/div>\n\t\t\t\t<\/div>\n\t\t\t\t\t<\/div>\n\t\t\t\t<\/div>\n\t\t<div class=\"elementor-element elementor-element-c242125 e-flex e-con-boxed e-con e-child\" data-id=\"c242125\" data-element_type=\"container\">\n\t\t\t\t\t<div class=\"e-con-inner\">\n\t\t<div class=\"elementor-element elementor-element-b8da1f8 animated-slow e-con-full e-flex elementor-invisible e-con e-child\" data-id=\"b8da1f8\" data-element_type=\"container\" data-settings=\"{&quot;background_background&quot;:&quot;classic&quot;,&quot;animation&quot;:&quot;fadeInUp&quot;,&quot;animation_delay&quot;:600}\">\n\t\t\t\t<div class=\"elementor-element elementor-element-ba943dd elementor-widget elementor-widget-text-editor\" data-id=\"ba943dd\" data-element_type=\"widget\" data-widget_type=\"text-editor.default\">\n\t\t\t\t<div class=\"elementor-widget-container\">\n\t\t\t\t\t\t\t<p>Rrjeti i Q\u00ebndrueshm\u00ebris\u00eb s\u00eb Komunitetit ka si pik\u00ebnisje qendrore an\u00ebtar\u00ebt e komunitetit. An\u00ebtar\u00ebt e komunitetit marrin mb\u00ebshtetje p\u00ebr t\u00eb organizuar vetveten, p\u00ebr t\u00eb zhvilluar ide dhe p\u00ebr t\u00eb mund\u00ebsuar pjes\u00ebmarrjen e t\u00eb gjith\u00eb an\u00ebtar\u00ebve t\u00eb komunitetit, p\u00ebrfshir\u00eb ata t\u00eb cenuesh\u00ebm, n\u00eb diskutimet mbi problemet e tyre, p\u00ebr t\u00eb arritur nj\u00eb pik\u00ebpamje t\u00eb p\u00ebrbashk\u00ebt mbi prioritetet e nevojshme dhe gradualisht p\u00ebr t\u00eb krijuar partneritete me aktor\u00ebt kryesor\u00eb rreth tyre: qendra sh\u00ebndet\u00ebsore, shkolla, bashkia, personat e mbrojtjes civile n\u00eb prefektur\u00eb, etj.\u00a0<\/p><p>Rrjeti i Q\u00ebndrueshm\u00ebris\u00eb s\u00eb Komunitetit ka si pik\u00ebnisje qendrore an\u00ebtar\u00ebt e komunitetit. An\u00ebtar\u00ebt e komunitetit marrin mb\u00ebshtetje p\u00ebr t\u00eb organizuar vetveten, p\u00ebr t\u00eb zhvilluar ide dhe p\u00ebr t\u00eb mund\u00ebsuar pjes\u00ebmarrjen e t\u00eb gjith\u00eb an\u00ebtar\u00ebve t\u00eb komunitetit, p\u00ebrfshir\u00eb ata t\u00eb cenuesh\u00ebm, n\u00eb diskutimet mbi problemet e tyre, p\u00ebr t\u00eb arritur nj\u00eb pik\u00ebpamje t\u00eb p\u00ebrbashk\u00ebt mbi prioritetet e nevojshme dhe gradualisht p\u00ebr t\u00eb krijuar partneritete me aktor\u00ebt kryesor\u00eb rreth tyre: qendra sh\u00ebndet\u00ebsore, shkolla, bashkia, personat e mbrojtjes civile n\u00eb prefektur\u00eb, etj.\u00a0<\/p>\t\t\t\t\t\t<\/div>\n\t\t\t\t<\/div>\n\t\t\t\t<\/div>\n\t\t<div class=\"elementor-element elementor-element-2c5021d e-con-full e-flex e-con e-child\" data-id=\"2c5021d\" data-element_type=\"container\">\n\t\t\t\t<div class=\"elementor-element elementor-element-7d85c55 elementor-widget elementor-widget-image\" data-id=\"7d85c55\" data-element_type=\"widget\" data-widget_type=\"image.default\">\n\t\t\t\t<div class=\"elementor-widget-container\">\n\t\t\t\t\t\t\t\t\t\t\t\t\t<img decoding=\"async\" width=\"1600\" height=\"1200\" src=\"https:\/\/www.togetherforlife.org.al\/wp-content\/uploads\/2024\/11\/crn-takim.jpeg\" class=\"attachment-full size-full wp-image-33863\" alt=\"\" srcset=\"https:\/\/www.togetherforlife.org.al\/wp-content\/uploads\/2024\/11\/crn-takim.jpeg 1600w, https:\/\/www.togetherforlife.org.al\/wp-content\/uploads\/2024\/11\/crn-takim-1280x960.jpeg 1280w, https:\/\/www.togetherforlife.org.al\/wp-content\/uploads\/2024\/11\/crn-takim-980x735.jpeg 980w, https:\/\/www.togetherforlife.org.al\/wp-content\/uploads\/2024\/11\/crn-takim-480x360.jpeg 480w\" sizes=\"(min-width: 0px) and (max-width: 480px) 480px, (min-width: 481px) and (max-width: 980px) 980px, (min-width: 981px) and (max-width: 1280px) 1280px, (min-width: 1281px) 1600px, 100vw\" \/>\t\t\t\t\t\t\t\t\t\t\t\t\t<\/div>\n\t\t\t\t<\/div>\n\t\t\t\t<\/div>\n\t\t\t\t\t<\/div>\n\t\t\t\t<\/div>\n\t\t<div class=\"elementor-element elementor-element-0ca2ba8 e-flex e-con-boxed e-con e-child\" data-id=\"0ca2ba8\" data-element_type=\"container\">\n\t\t\t\t\t<div class=\"e-con-inner\">\n\t\t\t\t<div class=\"elementor-element elementor-element-2f74d8d elementor-widget elementor-widget-text-editor\" data-id=\"2f74d8d\" data-element_type=\"widget\" data-widget_type=\"text-editor.default\">\n\t\t\t\t<div class=\"elementor-widget-container\">\n\t\t\t\t\t\t\t<p><strong>Misioni:<\/strong> <em>(Rritja e kapaciteteve ose i aft\u00ebsive t\u00eb komunitetit p\u00ebr t\u00eb qen\u00eb i p\u00ebrgatitur p\u00ebr t\u2019iu p\u00ebrgjigjur n\u00eb m\u00ebnyr\u00eb efektive emergjencave sh\u00ebndet\u00ebsore).<\/em><\/p><p>P\u00ebr diskutim me CRN, q\u00eb ata t\u00eb formulojn\u00eb vet\u00eb misionin e tyre.<\/p><p>Misioni i Rrjetit t\u00eb Q\u00ebndrueshm\u00ebris\u00eb s\u00eb Komunitetit \u00ebsht\u00eb t\u00eb mund\u00ebsoj\u00eb dhe fuqizoj\u00eb komunitetet lokale p\u00ebr t\u00eb udh\u00ebhequr p\u00ebrpjekjet p\u00ebr tu b\u00ebr\u00eb komunitete t\u00eb q\u00ebndrueshme. N\u00ebp\u00ebrmjet Rrjetit t\u00eb Q\u00ebndrueshm\u00ebris\u00eb s\u00eb Komunitetit, komunitetet lokale iniciojnw nd\u00ebrtimin e nj\u00eb rrjeti t\u00eb fuqish\u00ebm aktor\u00ebsh, organizatash dhe an\u00ebtar\u00ebsh t\u00eb komunitetit q\u00eb bashk\u00ebpunojn\u00eb, koordinojn\u00eb dhe mb\u00ebshtesin nj\u00ebri-tjetrin n\u00eb adresimin e sfidave t\u00eb lidhura me cenueshm\u00ebrin\u00eb, emergjencat sh\u00ebndet\u00ebsore n\u00eb koh\u00eb paqeje dhe n\u00eb koh\u00eb katastrofash. Lidhjet vertikale hierarkike transformohen n\u00eb lidhje horizontale t\u00eb rrjetizimit. Q\u00ebllimi i rrjetit \u00ebsht\u00eb t\u00eb praktikoj\u00eb pron\u00ebsin\u00eb e komunitetit lokal, t\u00eb promovoj\u00eb q\u00ebndrueshm\u00ebrin\u00eb, t\u00eb rris\u00eb nd\u00ebrgjegj\u00ebsimin, t\u00eb promovoj\u00eb p\u00ebrgatitjen dhe t\u00eb siguroj\u00eb nj\u00eb p\u00ebrgjigje t\u00eb shpejt\u00eb dhe t\u00eb koordinuar ndaj emergjencave sh\u00ebndet\u00ebsore. An\u00ebtar\u00ebt e komunitetit lokal, p\u00ebrfshir\u00eb ata m\u00eb t\u00eb cenuesh\u00ebm, fuqizohen p\u00ebr t\u00eb mbrojtur sh\u00ebndetin dhe mir\u00ebqenien e tyre dhe nuk jan\u00eb vet\u00ebm marr\u00ebs pasiv\u00eb t\u00eb mb\u00ebshtetjes q\u00eb vjen nga institucionet lart.<\/p><p><strong>Vizioni: <\/strong><em>(Krijimi i nj\u00eb komuniteti t\u00eb aft\u00eb (q\u00ebndruesh\u00ebm) dhe t\u00eb fuqizuar q\u00eb mund t\u00eb zbus\u00eb, t\u00eb p\u00ebrshtatet dhe t\u00eb rim\u00ebk\u00ebmbet n\u00eb m\u00ebnyr\u00eb efektive nga emergjencat sh\u00ebndet\u00ebsore.)<\/em><\/p><p>P\u00ebr diskutim me CRN, q\u00eb ata t\u00eb formulojne vet\u00eb vizionin e tyre.<\/p><p>P\u00ebrmes krijimit t\u00eb Rrjetit (Aft\u00ebsis\u00eb rip\u00ebrt\u00ebrit\u00ebse ) t\u00eb Q\u00ebndrueshm\u00ebris\u00eb s\u00eb Komunitetit, synohet fuqizimi i an\u00ebtar\u00ebve t\u00eb komunitetit, p\u00ebrfshir\u00eb ata m\u00eb t\u00eb cenuesh\u00ebm, p\u00ebr tu organizuar dhe p\u00ebr t\u00eb marr\u00eb pjes\u00eb n\u00eb krijimin e nj\u00eb kulture bashk\u00ebpunimi, komunikimi dhe koordinimi midis aktor\u00ebve t\u00eb ndrysh\u00ebm n\u00eb t\u00eb ardhmen, duke nisur nga organizatat lokale t\u00eb komunitetit dhe duke p\u00ebrfshir\u00eb institucione dhe struktura lokale t\u00eb mbrojtjes civile, ofruesit e kujdesit sh\u00ebndet\u00ebsor, vullnetar\u00ebt, bizneset, banor\u00ebt etj., p\u00ebr t\u00eb siguruar nj\u00eb qasje t\u00eb plot\u00eb dhe t\u00eb integruar n\u00eb menaxhimin e emergjencave sh\u00ebndet\u00ebsore<\/p>\t\t\t\t\t\t<\/div>\n\t\t\t\t<\/div>\n\t\t\t\t\t<\/div>\n\t\t\t\t<\/div>\n\t\t\t\t<\/div>\n\t\t\t\t<\/div>","protected":false},"excerpt":{"rendered":"<p>Rreth Nesh Rjeti i Aft\u00ebsis\u00eb Rip\u00ebrt\u00ebrit\u00ebsedhe Q\u00ebndrueshm\u00ebris\u00eb s\u00eb Komunitetit &#8211; CRN Rrjeti i Aft\u00ebsis\u00eb rip\u00ebrt\u00ebrit\u00ebse (q\u00ebndrueshm\u00ebris\u00eb) s\u00eb Komunitetit n\u00eb nivel lokal \u00ebsht\u00eb nj\u00eb rrjet joformal q\u00eb luan nj\u00eb rol t\u00eb [&hellip;]<\/p>","protected":false},"author":17,"featured_media":0,"parent":0,"menu_order":0,"comment_status":"closed","ping_status":"closed","template":"elementor_header_footer","meta":{"_et_pb_use_builder":"on","_et_pb_old_content":"<h2>Rreth Nesh<\/h2>\t\t\n\t\t\t<h2>CRN<\/h2>\t\t\n\t\t\t\t\t\t\t\t\t\t\t\t\t<img width=\"400\" height=\"516\" src=\"https:\/\/www.togetherforlife.org.al\/wp-content\/uploads\/2024\/09\/help-400x516.webp\" alt=\"\" \/>\t\t\t\t\t\t\t\t\t\t\t\t\t\n\t\t<p>Lorem ipsum dolor sit amet, consectetur adipiscing elit, sed do eiusmod tempor incididunt ut labore et dolore magna aliqua. Ut enim ad minim veniam, quis nostrud exercitation ullamco laboris nisi ut aliquip ex ea commodo consequat.<\/p><p>Lorem ipsum dolor sit amet, consectetur adipiscing elit, sed do eiusmod tempor incididunt ut labore et dolore magna aliqua. Ut enim ad minim veniam, quis nostrud exercitation ullamco laboris nisi ut aliquip ex ea commodo consequat.<\/p>","_et_gb_content_width":"","footnotes":"","_links_to":"","_links_to_target":""},"class_list":["post-33684","page","type-page","status-publish","hentry"],"yoast_head":"<!-- This site is optimized with the Yoast SEO plugin v23.4 - https:\/\/yoast.com\/wordpress\/plugins\/seo\/ -->\n<title>CRN - TogetherForLife<\/title>\n<meta name=\"robots\" content=\"index, follow, max-snippet:-1, max-image-preview:large, max-video-preview:-1\" \/>\n<link rel=\"canonical\" href=\"https:\/\/www.togetherforlife.org.al\/en\/crn\/\" \/>\n<meta property=\"og:locale\" content=\"en_GB\" \/>\n<meta property=\"og:type\" content=\"article\" \/>\n<meta property=\"og:title\" content=\"CRN - TogetherForLife\" \/>\n<meta property=\"og:description\" content=\"Rreth Nesh Rjeti i Aft\u00ebsis\u00eb Rip\u00ebrt\u00ebrit\u00ebsedhe Q\u00ebndrueshm\u00ebris\u00eb s\u00eb Komunitetit - CRN Rrjeti i Aft\u00ebsis\u00eb rip\u00ebrt\u00ebrit\u00ebse (q\u00ebndrueshm\u00ebris\u00eb) s\u00eb Komunitetit n\u00eb nivel lokal \u00ebsht\u00eb nj\u00eb rrjet joformal q\u00eb luan nj\u00eb rol t\u00eb [&hellip;]\" \/>\n<meta property=\"og:url\" content=\"https:\/\/www.togetherforlife.org.al\/en\/crn\/\" \/>\n<meta property=\"og:site_name\" content=\"TogetherForLife\" \/>\n<meta property=\"article:modified_time\" content=\"2024-11-07T14:10:49+00:00\" \/>\n<meta property=\"og:image\" content=\"https:\/\/www.togetherforlife.org.al\/wp-content\/uploads\/2024\/11\/crn.jpeg\" \/>\n<meta name=\"twitter:card\" content=\"summary_large_image\" \/>\n<meta name=\"twitter:label1\" content=\"Estimated reading time\" \/>\n\t<meta name=\"twitter:data1\" content=\"4 minutes\" \/>\n<script type=\"application\/ld+json\" class=\"yoast-schema-graph\">{\"@context\":\"https:\/\/schema.org\",\"@graph\":[{\"@type\":\"WebPage\",\"@id\":\"https:\/\/www.togetherforlife.org.al\/crn\/\",\"url\":\"https:\/\/www.togetherforlife.org.al\/crn\/\",\"name\":\"CRN - TogetherForLife\",\"isPartOf\":{\"@id\":\"https:\/\/www.togetherforlife.org.al\/#website\"},\"primaryImageOfPage\":{\"@id\":\"https:\/\/www.togetherforlife.org.al\/crn\/#primaryimage\"},\"image\":{\"@id\":\"https:\/\/www.togetherforlife.org.al\/crn\/#primaryimage\"},\"thumbnailUrl\":\"https:\/\/www.togetherforlife.org.al\/wp-content\/uploads\/2024\/11\/crn.jpeg\",\"datePublished\":\"2024-09-29T19:58:39+00:00\",\"dateModified\":\"2024-11-07T14:10:49+00:00\",\"breadcrumb\":{\"@id\":\"https:\/\/www.togetherforlife.org.al\/crn\/#breadcrumb\"},\"inLanguage\":\"en-GB\",\"potentialAction\":[{\"@type\":\"ReadAction\",\"target\":[\"https:\/\/www.togetherforlife.org.al\/crn\/\"]}]},{\"@type\":\"ImageObject\",\"inLanguage\":\"en-GB\",\"@id\":\"https:\/\/www.togetherforlife.org.al\/crn\/#primaryimage\",\"url\":\"https:\/\/www.togetherforlife.org.al\/wp-content\/uploads\/2024\/11\/crn.jpeg\",\"contentUrl\":\"https:\/\/www.togetherforlife.org.al\/wp-content\/uploads\/2024\/11\/crn.jpeg\"},{\"@type\":\"BreadcrumbList\",\"@id\":\"https:\/\/www.togetherforlife.org.al\/crn\/#breadcrumb\",\"itemListElement\":[{\"@type\":\"ListItem\",\"position\":1,\"name\":\"Home\",\"item\":\"https:\/\/www.togetherforlife.org.al\/\"},{\"@type\":\"ListItem\",\"position\":2,\"name\":\"CRN\"}]},{\"@type\":\"WebSite\",\"@id\":\"https:\/\/www.togetherforlife.org.al\/#website\",\"url\":\"https:\/\/www.togetherforlife.org.al\/\",\"name\":\"TogetherForLife\",\"description\":\"\",\"potentialAction\":[{\"@type\":\"SearchAction\",\"target\":{\"@type\":\"EntryPoint\",\"urlTemplate\":\"https:\/\/www.togetherforlife.org.al\/?s={search_term_string}\"},\"query-input\":{\"@type\":\"PropertyValueSpecification\",\"valueRequired\":true,\"valueName\":\"search_term_string\"}}],\"inLanguage\":\"en-GB\"}]}<\/script>\n<!-- \/ Yoast SEO plugin. -->","yoast_head_json":{"title":"CRN - TogetherForLife","robots":{"index":"index","follow":"follow","max-snippet":"max-snippet:-1","max-image-preview":"max-image-preview:large","max-video-preview":"max-video-preview:-1"},"canonical":"https:\/\/www.togetherforlife.org.al\/en\/crn\/","og_locale":"en_GB","og_type":"article","og_title":"CRN - TogetherForLife","og_description":"Rreth Nesh Rjeti i Aft\u00ebsis\u00eb Rip\u00ebrt\u00ebrit\u00ebsedhe Q\u00ebndrueshm\u00ebris\u00eb s\u00eb Komunitetit - CRN Rrjeti i Aft\u00ebsis\u00eb rip\u00ebrt\u00ebrit\u00ebse (q\u00ebndrueshm\u00ebris\u00eb) s\u00eb Komunitetit n\u00eb nivel lokal \u00ebsht\u00eb nj\u00eb rrjet joformal q\u00eb luan nj\u00eb rol t\u00eb [&hellip;]","og_url":"https:\/\/www.togetherforlife.org.al\/en\/crn\/","og_site_name":"TogetherForLife","article_modified_time":"2024-11-07T14:10:49+00:00","og_image":[{"url":"https:\/\/www.togetherforlife.org.al\/wp-content\/uploads\/2024\/11\/crn.jpeg"}],"twitter_card":"summary_large_image","twitter_misc":{"Estimated reading time":"4 minutes"},"schema":{"@context":"https:\/\/schema.org","@graph":[{"@type":"WebPage","@id":"https:\/\/www.togetherforlife.org.al\/crn\/","url":"https:\/\/www.togetherforlife.org.al\/crn\/","name":"CRN - TogetherForLife","isPartOf":{"@id":"https:\/\/www.togetherforlife.org.al\/#website"},"primaryImageOfPage":{"@id":"https:\/\/www.togetherforlife.org.al\/crn\/#primaryimage"},"image":{"@id":"https:\/\/www.togetherforlife.org.al\/crn\/#primaryimage"},"thumbnailUrl":"https:\/\/www.togetherforlife.org.al\/wp-content\/uploads\/2024\/11\/crn.jpeg","datePublished":"2024-09-29T19:58:39+00:00","dateModified":"2024-11-07T14:10:49+00:00","breadcrumb":{"@id":"https:\/\/www.togetherforlife.org.al\/crn\/#breadcrumb"},"inLanguage":"en-GB","potentialAction":[{"@type":"ReadAction","target":["https:\/\/www.togetherforlife.org.al\/crn\/"]}]},{"@type":"ImageObject","inLanguage":"en-GB","@id":"https:\/\/www.togetherforlife.org.al\/crn\/#primaryimage","url":"https:\/\/www.togetherforlife.org.al\/wp-content\/uploads\/2024\/11\/crn.jpeg","contentUrl":"https:\/\/www.togetherforlife.org.al\/wp-content\/uploads\/2024\/11\/crn.jpeg"},{"@type":"BreadcrumbList","@id":"https:\/\/www.togetherforlife.org.al\/crn\/#breadcrumb","itemListElement":[{"@type":"ListItem","position":1,"name":"Home","item":"https:\/\/www.togetherforlife.org.al\/"},{"@type":"ListItem","position":2,"name":"CRN"}]},{"@type":"WebSite","@id":"https:\/\/www.togetherforlife.org.al\/#website","url":"https:\/\/www.togetherforlife.org.al\/","name":"TogetherForLife","description":"","potentialAction":[{"@type":"SearchAction","target":{"@type":"EntryPoint","urlTemplate":"https:\/\/www.togetherforlife.org.al\/?s={search_term_string}"},"query-input":{"@type":"PropertyValueSpecification","valueRequired":true,"valueName":"search_term_string"}}],"inLanguage":"en-GB"}]}},"_links":{"self":[{"href":"https:\/\/www.togetherforlife.org.al\/en\/wp-json\/wp\/v2\/pages\/33684"}],"collection":[{"href":"https:\/\/www.togetherforlife.org.al\/en\/wp-json\/wp\/v2\/pages"}],"about":[{"href":"https:\/\/www.togetherforlife.org.al\/en\/wp-json\/wp\/v2\/types\/page"}],"author":[{"embeddable":true,"href":"https:\/\/www.togetherforlife.org.al\/en\/wp-json\/wp\/v2\/users\/17"}],"replies":[{"embeddable":true,"href":"https:\/\/www.togetherforlife.org.al\/en\/wp-json\/wp\/v2\/comments?post=33684"}],"version-history":[{"count":41,"href":"https:\/\/www.togetherforlife.org.al\/en\/wp-json\/wp\/v2\/pages\/33684\/revisions"}],"predecessor-version":[{"id":33879,"href":"https:\/\/www.togetherforlife.org.al\/en\/wp-json\/wp\/v2\/pages\/33684\/revisions\/33879"}],"wp:attachment":[{"href":"https:\/\/www.togetherforlife.org.al\/en\/wp-json\/wp\/v2\/media?parent=33684"}],"curies":[{"name":"wp","href":"https:\/\/api.w.org\/{rel}","templated":true}]}}