{"id":33024,"date":"2024-06-10T04:26:47","date_gmt":"2024-06-10T02:26:47","guid":{"rendered":"https:\/\/www.togetherforlife.org.al\/?page_id=33024"},"modified":"2024-09-29T22:46:20","modified_gmt":"2024-09-29T20:46:20","slug":"permbytje","status":"publish","type":"page","link":"https:\/\/www.togetherforlife.org.al\/en\/emergjencat-civile\/permbytje\/","title":{"rendered":"P\u00cbRMBYTJE"},"content":{"rendered":"<p>[et_pb_section fb_built=&#8221;1&#8243; _builder_version=&#8221;4.25.2&#8243; _module_preset=&#8221;default&#8221; custom_padding=&#8221;8px|||||&#8221; global_colors_info=&#8221;{}&#8221;][et_pb_row _builder_version=&#8221;4.25.1&#8243; _module_preset=&#8221;default&#8221; global_colors_info=&#8221;{}&#8221;][et_pb_column type=&#8221;4_4&#8243; _builder_version=&#8221;4.25.1&#8243; _module_preset=&#8221;default&#8221; global_colors_info=&#8221;{}&#8221;][et_pb_post_title meta=&#8221;off&#8221; featured_image=&#8221;off&#8221; _builder_version=&#8221;4.25.2&#8243; _module_preset=&#8221;default&#8221; title_font_size=&#8221;50px&#8221; meta_font_size=&#8221;28px&#8221; custom_margin=&#8221;20px||20px||false|false&#8221; global_colors_info=&#8221;{}&#8221;][\/et_pb_post_title][et_pb_text _builder_version=&#8221;4.25.1&#8243; _module_preset=&#8221;default&#8221; global_colors_info=&#8221;{}&#8221;]<\/p>\n<p><span style=\"color: #0a0a0a;\"><strong>\u00c7far\u00eb duhet t\u00eb b\u00ebjm\u00eb para p\u00ebrmbytjes:<\/strong><\/span><\/p>\n<p><span style=\"color: #0a0a0a;\">\u2022 T\u00eb praktikojm\u00eb me familjen planet e emergjenc\u00ebs dhe evakuimit p\u00ebr t\u00eb qen\u00eb gjithmon\u00eb t\u00eb gatsh\u00ebm.<\/span><br \/><span style=\"color: #0a0a0a;\">\u2022 T\u00eb p\u00ebrgatisim nj\u00eb paket\u00eb me ushqime , uj\u00eb dhe disa veshje rezerv\u00eb p\u00ebr t\u00eb gjith\u00eb pjes\u00ebtar\u00ebt e familjes.<\/span><br \/><span style=\"color: #0a0a0a;\">\u2022 T\u00eb mbajm\u00eb gjithmon\u00eb kutin\u00eb e ndihm\u00ebs s\u00eb shpejt\u00eb n\u00eb vende t\u00eb sigurta bashk\u00eb me dokumentet e r\u00ebnd\u00ebsishme p\u00ebr t\u2019i marr\u00eb me vete n\u00eb nj\u00eb moment rreziku.<\/span><br \/><span style=\"color: #0a0a0a;\">\u2022 T\u00eb vendosim pajisjet elektrike dhe ushqimet e emergjenc\u00ebs n\u00eb vende dhe katet e sip\u00ebrme t\u00eb nd\u00ebrtes\u00ebs ku nuk mund t\u00eb preken nga p\u00ebrmbytja<\/span><\/p>\n<p><span style=\"color: #0a0a0a;\"><strong>\u00c7far\u00eb duhet t\u00eb b\u00ebjm\u00eb gjat\u00eb p\u00ebrmbytjes:<\/strong><\/span><\/p>\n<p><span style=\"color: #0a0a0a;\">\u2022 T\u00eb largohemi nga sht\u00ebpia q\u00eb rrezikohet dhe kur nuk mundemi t\u00eb ngjitemi n\u00eb pjes\u00ebn m\u00eb t\u00eb lart\u00eb t\u00eb saj.<\/span><br \/><span style=\"color: #0a0a0a;\">\u2022 T\u00eb ndihmojm\u00eb f\u00ebmij\u00ebt t\u00eb moshuarit dhe t\u00eb s\u00ebmur\u00ebt p\u00ebr t\u00eb shp\u00ebtuar nga mbytja.<\/span><br \/><span style=\"color: #0a0a0a;\">\u2022 T\u00eb q\u00ebndrojm\u00eb larg vendeve t\u00eb rrezikshme si puseta, kanale, uj\u00ebmbledh\u00ebs, pasi vrulli i ujit mund t\u00eb na marr\u00eb duke rrezikuar jet\u00ebn ton\u00eb.<\/span><br \/><span style=\"color: #0a0a0a;\">\u2022 T\u00eb jemi gjithmon\u00eb t\u00eb kujdessh\u00ebm dhe t\u00eb mos ecim p\u00ebrmes uj\u00ebrave t\u00eb rr\u00ebmbyesh\u00ebm sepse mund t\u00eb rr\u00ebzohemi, bllokohemi apo objekte t\u00eb ndryshme mund t\u00eb na d\u00ebmtojn\u00eb trupin ton\u00eb.<\/span><br \/><span style=\"color: #0a0a0a;\">\u2022 Kur lajm\u00ebrohemi p\u00ebr evakuim (shp\u00ebrngulje) duhet t\u00eb d\u00ebgjojm\u00eb me v\u00ebmendje dhe t\u00eb zbatojm\u00eb k\u00ebshillat dhe udh\u00ebzimet e autoriteteve q\u00eb menaxhojn\u00eb emergjencat dhe t\u00eb ndjekin menj\u00ebher\u00eb at\u00eb rrug\u00eb q\u00eb kan\u00eb p\u00ebrcaktuar p\u00ebr evakuim.<\/span><br \/><span style=\"color: #0a0a0a;\">\u2022 N\u00ebse jemi duke drejtuar mjetin, ndalojm\u00eb dhe parkojm\u00eb n\u00eb nj\u00eb vend ku nuk preket nga p\u00ebrmbytja.<\/span><\/p>\n<p><span style=\"color: #0a0a0a;\"><strong>\u00c7far\u00eb t\u00eb b\u00ebjm\u00eb pas p\u00ebrmbytjeve:<\/strong><\/span><\/p>\n<p><span style=\"color: #0a0a0a;\">\u2022 T\u00eb ktheheni n\u00eb banes\u00eb pasi t\u00eb ken\u00eb urdh\u00ebruar drejtuesit e emergjenc\u00ebs.<\/span><br \/><span style=\"color: #0a0a0a;\">\u2022 T\u00eb mos takojm\u00eb asnj\u00eb \u00e7el\u00ebs elektrik pa u bindur p\u00ebr sigurin\u00eb e rrjetit.<\/span><br \/><span style=\"color: #0a0a0a;\">\u2022 T\u00eb kontrollojm\u00eb rr\u00ebzimin e mureve, shkall\u00ebve, dyerve apo kanalet e ndryshme t\u00eb shkarkimeve t\u00eb uj\u00ebrave dhe t\u00eb lajm\u00ebrojm\u00eb autoritetet p\u00ebr d\u00ebmtimet e ndryshme t\u00eb banes\u00ebs.<\/span><br \/><span style=\"color: #0a0a0a;\">\u2022 Asnj\u00ebher\u00eb mos t\u00eb p\u00ebrdorni ujin p\u00ebr pirje q\u00eb vjen nga rrjeti i uj\u00ebsjell\u00ebsit sepse mund t\u00eb jet\u00eb i infektuar. Kur \u00ebsht\u00eb e domosdoshme duhet ta ziejm\u00eb at\u00eb.<\/span><br \/><span style=\"color: #0a0a0a;\">\u2022 T\u00eb mos p\u00ebrdorim ushqimet e lagura nga p\u00ebrmbytja sepse mund t\u00eb s\u00ebmuremi.<\/span><br \/><span style=\"color: #0a0a0a;\">\u2022 T\u00eb p\u00ebrdorim mjete rrethanore p\u00ebr t\u00eb pastruar banes\u00ebn nga uji ose kur keni mund\u00ebsi mund t\u00eb p\u00ebrdorim pompa dore ose motopompa, t\u00eb ndihmuar nga specialist\u00ebt.<\/span><\/p>\n<p>[\/et_pb_text][\/et_pb_column][\/et_pb_row][\/et_pb_section]<\/p>","protected":false},"excerpt":{"rendered":"<p>\u00c7far\u00eb duhet t\u00eb b\u00ebjm\u00eb para p\u00ebrmbytjes: \u2022 T\u00eb praktikojm\u00eb me familjen planet e emergjenc\u00ebs dhe evakuimit p\u00ebr t\u00eb qen\u00eb gjithmon\u00eb t\u00eb gatsh\u00ebm.\u2022 T\u00eb p\u00ebrgatisim nj\u00eb paket\u00eb me ushqime , uj\u00eb [&hellip;]<\/p>","protected":false},"author":17,"featured_media":0,"parent":33694,"menu_order":0,"comment_status":"closed","ping_status":"closed","template":"elementor_header_footer","meta":{"_et_pb_use_builder":"on","_et_pb_old_content":"","_et_gb_content_width":"","footnotes":"","_links_to":"","_links_to_target":""},"class_list":["post-33024","page","type-page","status-publish","hentry"],"yoast_head":"<!-- This site is optimized with the Yoast SEO plugin v23.4 - https:\/\/yoast.com\/wordpress\/plugins\/seo\/ -->\n<title>P\u00cbRMBYTJE - TogetherForLife<\/title>\n<meta name=\"robots\" content=\"index, follow, max-snippet:-1, max-image-preview:large, max-video-preview:-1\" \/>\n<link rel=\"canonical\" href=\"https:\/\/www.togetherforlife.org.al\/en\/emergjencat-civile\/permbytje\/\" \/>\n<meta property=\"og:locale\" content=\"en_GB\" \/>\n<meta property=\"og:type\" content=\"article\" \/>\n<meta property=\"og:title\" content=\"P\u00cbRMBYTJE - TogetherForLife\" \/>\n<meta property=\"og:description\" content=\"\u00c7far\u00eb duhet t\u00eb b\u00ebjm\u00eb para p\u00ebrmbytjes: \u2022 T\u00eb praktikojm\u00eb me familjen planet e emergjenc\u00ebs dhe evakuimit p\u00ebr t\u00eb qen\u00eb gjithmon\u00eb t\u00eb gatsh\u00ebm.\u2022 T\u00eb p\u00ebrgatisim nj\u00eb paket\u00eb me ushqime , uj\u00eb [&hellip;]\" \/>\n<meta property=\"og:url\" content=\"https:\/\/www.togetherforlife.org.al\/en\/emergjencat-civile\/permbytje\/\" \/>\n<meta property=\"og:site_name\" content=\"TogetherForLife\" \/>\n<meta property=\"article:modified_time\" content=\"2024-09-29T20:46:20+00:00\" \/>\n<meta name=\"twitter:card\" content=\"summary_large_image\" \/>\n<meta name=\"twitter:label1\" content=\"Estimated reading time\" \/>\n\t<meta name=\"twitter:data1\" content=\"3 minutes\" \/>\n<script type=\"application\/ld+json\" class=\"yoast-schema-graph\">{\"@context\":\"https:\/\/schema.org\",\"@graph\":[{\"@type\":\"WebPage\",\"@id\":\"https:\/\/www.togetherforlife.org.al\/emergjencat-civile\/permbytje\/\",\"url\":\"https:\/\/www.togetherforlife.org.al\/emergjencat-civile\/permbytje\/\",\"name\":\"P\u00cbRMBYTJE - TogetherForLife\",\"isPartOf\":{\"@id\":\"https:\/\/www.togetherforlife.org.al\/#website\"},\"datePublished\":\"2024-06-10T02:26:47+00:00\",\"dateModified\":\"2024-09-29T20:46:20+00:00\",\"breadcrumb\":{\"@id\":\"https:\/\/www.togetherforlife.org.al\/emergjencat-civile\/permbytje\/#breadcrumb\"},\"inLanguage\":\"en-GB\",\"potentialAction\":[{\"@type\":\"ReadAction\",\"target\":[\"https:\/\/www.togetherforlife.org.al\/emergjencat-civile\/permbytje\/\"]}]},{\"@type\":\"BreadcrumbList\",\"@id\":\"https:\/\/www.togetherforlife.org.al\/emergjencat-civile\/permbytje\/#breadcrumb\",\"itemListElement\":[{\"@type\":\"ListItem\",\"position\":1,\"name\":\"Home\",\"item\":\"https:\/\/www.togetherforlife.org.al\/\"},{\"@type\":\"ListItem\",\"position\":2,\"name\":\"Emergjencat Civile\",\"item\":\"https:\/\/www.togetherforlife.org.al\/emergjencat-civile\/\"},{\"@type\":\"ListItem\",\"position\":3,\"name\":\"P\u00cbRMBYTJE\"}]},{\"@type\":\"WebSite\",\"@id\":\"https:\/\/www.togetherforlife.org.al\/#website\",\"url\":\"https:\/\/www.togetherforlife.org.al\/\",\"name\":\"TogetherForLife\",\"description\":\"\",\"potentialAction\":[{\"@type\":\"SearchAction\",\"target\":{\"@type\":\"EntryPoint\",\"urlTemplate\":\"https:\/\/www.togetherforlife.org.al\/?s={search_term_string}\"},\"query-input\":{\"@type\":\"PropertyValueSpecification\",\"valueRequired\":true,\"valueName\":\"search_term_string\"}}],\"inLanguage\":\"en-GB\"}]}<\/script>\n<!-- \/ Yoast SEO plugin. -->","yoast_head_json":{"title":"P\u00cbRMBYTJE - TogetherForLife","robots":{"index":"index","follow":"follow","max-snippet":"max-snippet:-1","max-image-preview":"max-image-preview:large","max-video-preview":"max-video-preview:-1"},"canonical":"https:\/\/www.togetherforlife.org.al\/en\/emergjencat-civile\/permbytje\/","og_locale":"en_GB","og_type":"article","og_title":"P\u00cbRMBYTJE - TogetherForLife","og_description":"\u00c7far\u00eb duhet t\u00eb b\u00ebjm\u00eb para p\u00ebrmbytjes: \u2022 T\u00eb praktikojm\u00eb me familjen planet e emergjenc\u00ebs dhe evakuimit p\u00ebr t\u00eb qen\u00eb gjithmon\u00eb t\u00eb gatsh\u00ebm.\u2022 T\u00eb p\u00ebrgatisim nj\u00eb paket\u00eb me ushqime , uj\u00eb [&hellip;]","og_url":"https:\/\/www.togetherforlife.org.al\/en\/emergjencat-civile\/permbytje\/","og_site_name":"TogetherForLife","article_modified_time":"2024-09-29T20:46:20+00:00","twitter_card":"summary_large_image","twitter_misc":{"Estimated reading time":"3 minutes"},"schema":{"@context":"https:\/\/schema.org","@graph":[{"@type":"WebPage","@id":"https:\/\/www.togetherforlife.org.al\/emergjencat-civile\/permbytje\/","url":"https:\/\/www.togetherforlife.org.al\/emergjencat-civile\/permbytje\/","name":"P\u00cbRMBYTJE - TogetherForLife","isPartOf":{"@id":"https:\/\/www.togetherforlife.org.al\/#website"},"datePublished":"2024-06-10T02:26:47+00:00","dateModified":"2024-09-29T20:46:20+00:00","breadcrumb":{"@id":"https:\/\/www.togetherforlife.org.al\/emergjencat-civile\/permbytje\/#breadcrumb"},"inLanguage":"en-GB","potentialAction":[{"@type":"ReadAction","target":["https:\/\/www.togetherforlife.org.al\/emergjencat-civile\/permbytje\/"]}]},{"@type":"BreadcrumbList","@id":"https:\/\/www.togetherforlife.org.al\/emergjencat-civile\/permbytje\/#breadcrumb","itemListElement":[{"@type":"ListItem","position":1,"name":"Home","item":"https:\/\/www.togetherforlife.org.al\/"},{"@type":"ListItem","position":2,"name":"Emergjencat Civile","item":"https:\/\/www.togetherforlife.org.al\/emergjencat-civile\/"},{"@type":"ListItem","position":3,"name":"P\u00cbRMBYTJE"}]},{"@type":"WebSite","@id":"https:\/\/www.togetherforlife.org.al\/#website","url":"https:\/\/www.togetherforlife.org.al\/","name":"TogetherForLife","description":"","potentialAction":[{"@type":"SearchAction","target":{"@type":"EntryPoint","urlTemplate":"https:\/\/www.togetherforlife.org.al\/?s={search_term_string}"},"query-input":{"@type":"PropertyValueSpecification","valueRequired":true,"valueName":"search_term_string"}}],"inLanguage":"en-GB"}]}},"_links":{"self":[{"href":"https:\/\/www.togetherforlife.org.al\/en\/wp-json\/wp\/v2\/pages\/33024"}],"collection":[{"href":"https:\/\/www.togetherforlife.org.al\/en\/wp-json\/wp\/v2\/pages"}],"about":[{"href":"https:\/\/www.togetherforlife.org.al\/en\/wp-json\/wp\/v2\/types\/page"}],"author":[{"embeddable":true,"href":"https:\/\/www.togetherforlife.org.al\/en\/wp-json\/wp\/v2\/users\/17"}],"replies":[{"embeddable":true,"href":"https:\/\/www.togetherforlife.org.al\/en\/wp-json\/wp\/v2\/comments?post=33024"}],"version-history":[{"count":9,"href":"https:\/\/www.togetherforlife.org.al\/en\/wp-json\/wp\/v2\/pages\/33024\/revisions"}],"predecessor-version":[{"id":33709,"href":"https:\/\/www.togetherforlife.org.al\/en\/wp-json\/wp\/v2\/pages\/33024\/revisions\/33709"}],"up":[{"embeddable":true,"href":"https:\/\/www.togetherforlife.org.al\/en\/wp-json\/wp\/v2\/pages\/33694"}],"wp:attachment":[{"href":"https:\/\/www.togetherforlife.org.al\/en\/wp-json\/wp\/v2\/media?parent=33024"}],"curies":[{"name":"wp","href":"https:\/\/api.w.org\/{rel}","templated":true}]}}