{"id":29188,"date":"2021-03-09T15:22:48","date_gmt":"2021-03-09T15:22:48","guid":{"rendered":"https:\/\/new.togetherforlife.org.al\/?page_id=29188"},"modified":"2024-07-27T11:00:23","modified_gmt":"2024-07-27T09:00:23","slug":"kombetare","status":"publish","type":"page","link":"https:\/\/www.togetherforlife.org.al\/en\/kombetare\/","title":{"rendered":"National"},"content":{"rendered":"<div data-elementor-type=\"wp-page\" data-elementor-id=\"29188\" class=\"elementor elementor-29188\" data-elementor-post-type=\"page\">\n\t\t\t\t<div class=\"elementor-element elementor-element-351d1f6 e-flex e-con-boxed e-con e-parent\" data-id=\"351d1f6\" data-element_type=\"container\">\n\t\t\t\t\t<div class=\"e-con-inner\">\n\t\t\t\t<div class=\"elementor-element elementor-element-e7147ae elementor-grid-3 elementor-grid-tablet-2 elementor-grid-mobile-1 elementor-posts--thumbnail-top elementor-widget elementor-widget-posts\" data-id=\"e7147ae\" data-element_type=\"widget\" data-settings=\"{&quot;classic_columns&quot;:&quot;3&quot;,&quot;classic_columns_tablet&quot;:&quot;2&quot;,&quot;classic_columns_mobile&quot;:&quot;1&quot;,&quot;classic_row_gap&quot;:{&quot;unit&quot;:&quot;px&quot;,&quot;size&quot;:35,&quot;sizes&quot;:[]},&quot;classic_row_gap_tablet&quot;:{&quot;unit&quot;:&quot;px&quot;,&quot;size&quot;:&quot;&quot;,&quot;sizes&quot;:[]},&quot;classic_row_gap_mobile&quot;:{&quot;unit&quot;:&quot;px&quot;,&quot;size&quot;:&quot;&quot;,&quot;sizes&quot;:[]}}\" data-widget_type=\"posts.classic\">\n\t\t\t\t<div class=\"elementor-widget-container\">\n\t\t\t\t\t<div class=\"elementor-posts-container elementor-posts elementor-posts--skin-classic elementor-grid\">\n\t\t\t\t<article class=\"elementor-post elementor-grid-item post-34044 post type-post status-publish format-standard has-post-thumbnail hentry category-kombetare category-te-moshuarit\">\n\t\t\t\t<a class=\"elementor-post__thumbnail__link\" href=\"https:\/\/www.togetherforlife.org.al\/en\/te-moshuarit-me-pamundesi-levizjeje-gezojne-te-drejtat-themelore-per-nje-jete-dinjitoze-permes-permiresimit-te-kujdesit-ne-banese\/\" tabindex=\"-1\" >\n\t\t\t<div class=\"elementor-post__thumbnail\"><img fetchpriority=\"high\" decoding=\"async\" width=\"400\" height=\"250\" src=\"https:\/\/www.togetherforlife.org.al\/wp-content\/uploads\/2025\/01\/HAP-400x250.jpg\" class=\"attachment-et-pb-post-main-image size-et-pb-post-main-image wp-image-34045\" alt=\"\" \/><\/div>\n\t\t<\/a>\n\t\t\t\t<div class=\"elementor-post__text\">\n\t\t\t\t<h3 class=\"elementor-post__title\">\n\t\t\t<a href=\"https:\/\/www.togetherforlife.org.al\/en\/te-moshuarit-me-pamundesi-levizjeje-gezojne-te-drejtat-themelore-per-nje-jete-dinjitoze-permes-permiresimit-te-kujdesit-ne-banese\/\" >\n\t\t\t\tElderly people with temporary and permanent immobility, enjoy basic rights for a dignified life through improved homecare\t\t\t<\/a>\n\t\t<\/h3>\n\t\t\t\t<div class=\"elementor-post__meta-data\">\n\t\t\t\t\t<span class=\"elementor-post-date\">\n\t\t\tJanuary 21, 2025\t\t<\/span>\n\t\t\t\t<\/div>\n\t\t\n\t\t<a class=\"elementor-post__read-more\" href=\"https:\/\/www.togetherforlife.org.al\/en\/te-moshuarit-me-pamundesi-levizjeje-gezojne-te-drejtat-themelore-per-nje-jete-dinjitoze-permes-permiresimit-te-kujdesit-ne-banese\/\" aria-label=\"Read more about T\u00eb moshuarit me pamund\u00ebsi l\u00ebvizjeje g\u00ebzojn\u00eb t\u00eb drejtat themelore p\u00ebr nj\u00eb jet\u00eb dinjitoze, p\u00ebrmes p\u00ebrmir\u00ebsimit t\u00eb kujdesit n\u00eb banes\u00eb\" tabindex=\"-1\" >\n\t\t\tLexo me shume \u00bb\t\t<\/a>\n\n\t\t\t\t<\/div>\n\t\t\t\t<\/article>\n\t\t\t\t<article class=\"elementor-post elementor-grid-item post-34026 post type-post status-publish format-standard has-post-thumbnail hentry category-aktivitete-shendet-dhe-mireqenie category-aktivitete-te-drejtat-e-njeriut-dhe-transparenca category-aktivitetet-e-fundit category-kombetare category-te-drejtat-e-njeriut-dhe-transparenca\">\n\t\t\t\t<a class=\"elementor-post__thumbnail__link\" href=\"https:\/\/www.togetherforlife.org.al\/en\/mbeshtesim-pjesemarrjen-pergjegjshmerine-dhe-fuqizimin-e-shoqerise-civile\/\" tabindex=\"-1\" >\n\t\t\t<div class=\"elementor-post__thumbnail\"><img decoding=\"async\" width=\"400\" height=\"250\" src=\"https:\/\/www.togetherforlife.org.al\/wp-content\/uploads\/2025\/01\/Space-2-400x250.jpg\" class=\"attachment-et-pb-post-main-image size-et-pb-post-main-image wp-image-34031\" alt=\"\" \/><\/div>\n\t\t<\/a>\n\t\t\t\t<div class=\"elementor-post__text\">\n\t\t\t\t<h3 class=\"elementor-post__title\">\n\t\t\t<a href=\"https:\/\/www.togetherforlife.org.al\/en\/mbeshtesim-pjesemarrjen-pergjegjshmerine-dhe-fuqizimin-e-shoqerise-civile\/\" >\n\t\t\t\tSupport Participation, Accountability and Civil Society Empowerment (SPACE)\t\t\t<\/a>\n\t\t<\/h3>\n\t\t\t\t<div class=\"elementor-post__meta-data\">\n\t\t\t\t\t<span class=\"elementor-post-date\">\n\t\t\tJanuary 16, 2025\t\t<\/span>\n\t\t\t\t<\/div>\n\t\t\n\t\t<a class=\"elementor-post__read-more\" href=\"https:\/\/www.togetherforlife.org.al\/en\/mbeshtesim-pjesemarrjen-pergjegjshmerine-dhe-fuqizimin-e-shoqerise-civile\/\" aria-label=\"Read more about Mb\u00ebshtesim Pjes\u00ebmarrjen, P\u00ebrgjegjshm\u00ebrin\u00eb dhe Fuqizimin e Shoq\u00ebris\u00eb Civile\" tabindex=\"-1\" >\n\t\t\tLexo me shume \u00bb\t\t<\/a>\n\n\t\t\t\t<\/div>\n\t\t\t\t<\/article>\n\t\t\t\t<article class=\"elementor-post elementor-grid-item post-34019 post type-post status-publish format-standard has-post-thumbnail hentry category-kombetare category-projekte-te-drejtat-e-njeriut-dhe-transparenca\">\n\t\t\t\t<a class=\"elementor-post__thumbnail__link\" href=\"https:\/\/www.togetherforlife.org.al\/en\/qytetaret-te-paret-bashke-per-nje-qeverisje-vendore-transparente\/\" tabindex=\"-1\" >\n\t\t\t<div class=\"elementor-post__thumbnail\"><img decoding=\"async\" width=\"400\" height=\"250\" src=\"https:\/\/www.togetherforlife.org.al\/wp-content\/uploads\/2025\/01\/Qytetaret-te-paret-Bashke-per-nje-qeverisje-vendore-transparente-400x250.jpg\" class=\"attachment-et-pb-post-main-image size-et-pb-post-main-image wp-image-34020\" alt=\"\" \/><\/div>\n\t\t<\/a>\n\t\t\t\t<div class=\"elementor-post__text\">\n\t\t\t\t<h3 class=\"elementor-post__title\">\n\t\t\t<a href=\"https:\/\/www.togetherforlife.org.al\/en\/qytetaret-te-paret-bashke-per-nje-qeverisje-vendore-transparente\/\" >\n\t\t\t\tFirst Citizens: Together for Transparent Local Governance\t\t\t<\/a>\n\t\t<\/h3>\n\t\t\t\t<div class=\"elementor-post__meta-data\">\n\t\t\t\t\t<span class=\"elementor-post-date\">\n\t\t\tJanuary 16, 2025\t\t<\/span>\n\t\t\t\t<\/div>\n\t\t\n\t\t<a class=\"elementor-post__read-more\" href=\"https:\/\/www.togetherforlife.org.al\/en\/qytetaret-te-paret-bashke-per-nje-qeverisje-vendore-transparente\/\" aria-label=\"Read more about Qytetar\u00ebt t\u00eb par\u00ebt: Bashk\u00eb p\u00ebr nj\u00eb qeverisje vendore transparente\" tabindex=\"-1\" >\n\t\t\tLexo me shume \u00bb\t\t<\/a>\n\n\t\t\t\t<\/div>\n\t\t\t\t<\/article>\n\t\t\t\t<article class=\"elementor-post elementor-grid-item post-33994 post type-post status-publish format-standard has-post-thumbnail hentry category-kombetare category-shendet-dhe-mireqenie category-te-drejtat-e-njeriut-dhe-transparenca\">\n\t\t\t\t<a class=\"elementor-post__thumbnail__link\" href=\"https:\/\/www.togetherforlife.org.al\/en\/transparenca-dhe-llogaridhenia-ne-sektorin-e-shendetesise-ne-shqiperi\/\" tabindex=\"-1\" >\n\t\t\t<div class=\"elementor-post__thumbnail\"><img loading=\"lazy\" decoding=\"async\" width=\"400\" height=\"250\" src=\"https:\/\/www.togetherforlife.org.al\/wp-content\/uploads\/2025\/01\/Transparenca-dhe-llogaridhenia-ne-sektorin-e-shendetesise-ne-Shqiperi-1-400x250.png\" class=\"attachment-et-pb-post-main-image size-et-pb-post-main-image wp-image-34014\" alt=\"\" \/><\/div>\n\t\t<\/a>\n\t\t\t\t<div class=\"elementor-post__text\">\n\t\t\t\t<h3 class=\"elementor-post__title\">\n\t\t\t<a href=\"https:\/\/www.togetherforlife.org.al\/en\/transparenca-dhe-llogaridhenia-ne-sektorin-e-shendetesise-ne-shqiperi\/\" >\n\t\t\t\tTransparent and Accountable Health Sector in Albania\t\t\t<\/a>\n\t\t<\/h3>\n\t\t\t\t<div class=\"elementor-post__meta-data\">\n\t\t\t\t\t<span class=\"elementor-post-date\">\n\t\t\tJanuary 16, 2025\t\t<\/span>\n\t\t\t\t<\/div>\n\t\t\n\t\t<a class=\"elementor-post__read-more\" href=\"https:\/\/www.togetherforlife.org.al\/en\/transparenca-dhe-llogaridhenia-ne-sektorin-e-shendetesise-ne-shqiperi\/\" aria-label=\"Read more about Transparenca dhe llogaridh\u00ebnia n\u00eb sektorin e sh\u00ebndet\u00ebsis\u00eb n\u00eb Shqip\u00ebri\" tabindex=\"-1\" >\n\t\t\tLexo me shume \u00bb\t\t<\/a>\n\n\t\t\t\t<\/div>\n\t\t\t\t<\/article>\n\t\t\t\t<article class=\"elementor-post elementor-grid-item post-33415 post type-post status-publish format-standard has-post-thumbnail hentry category-kombetare category-projekte-shendet-dhe-mireqenie\">\n\t\t\t\t<a class=\"elementor-post__thumbnail__link\" href=\"https:\/\/www.togetherforlife.org.al\/en\/solidar-bashke-ne-emergjencat-shendetesore\/\" tabindex=\"-1\" >\n\t\t\t<div class=\"elementor-post__thumbnail\"><img loading=\"lazy\" decoding=\"async\" width=\"400\" height=\"250\" src=\"https:\/\/www.togetherforlife.org.al\/wp-content\/uploads\/2024\/07\/Transparenca-dhe-llogaridhenia-ne-sektorin-e-shendetesise-ne-Shqiperi-1-400x250.jpg\" class=\"attachment-et-pb-post-main-image size-et-pb-post-main-image wp-image-34000\" alt=\"\" \/><\/div>\n\t\t<\/a>\n\t\t\t\t<div class=\"elementor-post__text\">\n\t\t\t\t<h3 class=\"elementor-post__title\">\n\t\t\t<a href=\"https:\/\/www.togetherforlife.org.al\/en\/solidar-bashke-ne-emergjencat-shendetesore\/\" >\n\t\t\t\tSOLIDAR &#8211; Bashk\u00eb n\u00eb emergjencat sh\u00ebndet\u00ebsore\t\t\t<\/a>\n\t\t<\/h3>\n\t\t\t\t<div class=\"elementor-post__meta-data\">\n\t\t\t\t\t<span class=\"elementor-post-date\">\n\t\t\tJuly 23, 2024\t\t<\/span>\n\t\t\t\t<\/div>\n\t\t\n\t\t<a class=\"elementor-post__read-more\" href=\"https:\/\/www.togetherforlife.org.al\/en\/solidar-bashke-ne-emergjencat-shendetesore\/\" aria-label=\"Read more about SOLIDAR &#8211; Bashk\u00eb n\u00eb emergjencat sh\u00ebndet\u00ebsore\" tabindex=\"-1\" >\n\t\t\tLexo me shume \u00bb\t\t<\/a>\n\n\t\t\t\t<\/div>\n\t\t\t\t<\/article>\n\t\t\t\t<article class=\"elementor-post elementor-grid-item post-32019 post type-post status-publish format-standard has-post-thumbnail hentry category-kombetare category-video-mjedisi category-projekte-mjedis\">\n\t\t\t\t<a class=\"elementor-post__thumbnail__link\" href=\"https:\/\/www.togetherforlife.org.al\/en\/ajer-i-paster-jete-e-shendetshme\/\" tabindex=\"-1\" >\n\t\t\t<div class=\"elementor-post__thumbnail\"><img loading=\"lazy\" decoding=\"async\" width=\"400\" height=\"250\" src=\"https:\/\/www.togetherforlife.org.al\/wp-content\/uploads\/2023\/07\/ajer-i-paster-jete-e-shendetshme-web-shqip-1-400x250.jpg\" class=\"attachment-et-pb-post-main-image size-et-pb-post-main-image wp-image-32029\" alt=\"\" \/><\/div>\n\t\t<\/a>\n\t\t\t\t<div class=\"elementor-post__text\">\n\t\t\t\t<h3 class=\"elementor-post__title\">\n\t\t\t<a href=\"https:\/\/www.togetherforlife.org.al\/en\/ajer-i-paster-jete-e-shendetshme\/\" >\n\t\t\t\t\"Clean air, healthy life\"\t\t\t<\/a>\n\t\t<\/h3>\n\t\t\t\t<div class=\"elementor-post__meta-data\">\n\t\t\t\t\t<span class=\"elementor-post-date\">\n\t\t\tJuly 24, 2023\t\t<\/span>\n\t\t\t\t<\/div>\n\t\t\n\t\t<a class=\"elementor-post__read-more\" href=\"https:\/\/www.togetherforlife.org.al\/en\/ajer-i-paster-jete-e-shendetshme\/\" aria-label=\"Read more about &#8220;Aj\u00ebr i past\u00ebr, jet\u00eb e sh\u00ebndetshme&#8221;\" tabindex=\"-1\" >\n\t\t\tLexo me shume \u00bb\t\t<\/a>\n\n\t\t\t\t<\/div>\n\t\t\t\t<\/article>\n\t\t\t\t<article class=\"elementor-post elementor-grid-item post-32002 post type-post status-publish format-standard has-post-thumbnail hentry category-kombetare category-projekte-shendet-dhe-mireqenie\">\n\t\t\t\t<a class=\"elementor-post__thumbnail__link\" href=\"https:\/\/www.togetherforlife.org.al\/en\/riintegrimi-i-te-kthyerve-nga-migrimi-permes-rritjes-se-aksesit-ndaj-kujdesit-shendetesor-dhe-permiresimit-te-shendetit-te-tyre\/\" tabindex=\"-1\" >\n\t\t\t<div class=\"elementor-post__thumbnail\"><img loading=\"lazy\" decoding=\"async\" width=\"400\" height=\"250\" src=\"https:\/\/www.togetherforlife.org.al\/wp-content\/uploads\/2023\/07\/GIZ-projekti-web-shqip-400x250.png\" class=\"attachment-et-pb-post-main-image size-et-pb-post-main-image wp-image-32017\" alt=\"\" \/><\/div>\n\t\t<\/a>\n\t\t\t\t<div class=\"elementor-post__text\">\n\t\t\t\t<h3 class=\"elementor-post__title\">\n\t\t\t<a href=\"https:\/\/www.togetherforlife.org.al\/en\/riintegrimi-i-te-kthyerve-nga-migrimi-permes-rritjes-se-aksesit-ndaj-kujdesit-shendetesor-dhe-permiresimit-te-shendetit-te-tyre\/\" >\n\t\t\t\t\"Reintegration of returnees by increasing their access to health care and improving\u00a0their\u00a0health\"\t\t\t<\/a>\n\t\t<\/h3>\n\t\t\t\t<div class=\"elementor-post__meta-data\">\n\t\t\t\t\t<span class=\"elementor-post-date\">\n\t\t\tJuly 24, 2023\t\t<\/span>\n\t\t\t\t<\/div>\n\t\t\n\t\t<a class=\"elementor-post__read-more\" href=\"https:\/\/www.togetherforlife.org.al\/en\/riintegrimi-i-te-kthyerve-nga-migrimi-permes-rritjes-se-aksesit-ndaj-kujdesit-shendetesor-dhe-permiresimit-te-shendetit-te-tyre\/\" aria-label=\"Read more about \u201cRiintegrimi i t\u00eb kthyerve nga migrimi p\u00ebrmes rritjes s\u00eb aksesit ndaj kujdesit sh\u00ebndet\u00ebsor dhe p\u00ebrmir\u00ebsimit t\u00eb sh\u00ebndetit t\u00eb tyre\u201d\" tabindex=\"-1\" >\n\t\t\tLexo me shume \u00bb\t\t<\/a>\n\n\t\t\t\t<\/div>\n\t\t\t\t<\/article>\n\t\t\t\t<article class=\"elementor-post elementor-grid-item post-31541 post type-post status-publish format-standard has-post-thumbnail hentry category-kombetare category-projekte-shendet-dhe-mireqenie\">\n\t\t\t\t<a class=\"elementor-post__thumbnail__link\" href=\"https:\/\/www.togetherforlife.org.al\/en\/rritja-e-qendrueshmerise-sociale-dhe-ekonomike-te-grupeve-vulnerabel-te-prekura-nga-termeti\/\" tabindex=\"-1\" >\n\t\t\t<div class=\"elementor-post__thumbnail\"><img loading=\"lazy\" decoding=\"async\" width=\"400\" height=\"250\" src=\"https:\/\/www.togetherforlife.org.al\/wp-content\/uploads\/2022\/03\/Copy-of-Biodiversiteti-3-400x250.png\" class=\"attachment-et-pb-post-main-image size-et-pb-post-main-image wp-image-31546\" alt=\"\" \/><\/div>\n\t\t<\/a>\n\t\t\t\t<div class=\"elementor-post__text\">\n\t\t\t\t<h3 class=\"elementor-post__title\">\n\t\t\t<a href=\"https:\/\/www.togetherforlife.org.al\/en\/rritja-e-qendrueshmerise-sociale-dhe-ekonomike-te-grupeve-vulnerabel-te-prekura-nga-termeti\/\" >\n\t\t\t\tIncreasing the social and economic sustainability of vulnerable groups affected by the earthquake\t\t\t<\/a>\n\t\t<\/h3>\n\t\t\t\t<div class=\"elementor-post__meta-data\">\n\t\t\t\t\t<span class=\"elementor-post-date\">\n\t\t\tMarch 8, 2022\t\t<\/span>\n\t\t\t\t<\/div>\n\t\t\n\t\t<a class=\"elementor-post__read-more\" href=\"https:\/\/www.togetherforlife.org.al\/en\/rritja-e-qendrueshmerise-sociale-dhe-ekonomike-te-grupeve-vulnerabel-te-prekura-nga-termeti\/\" aria-label=\"Read more about Rritja e q\u00ebndrueshm\u00ebris\u00eb sociale dhe ekonomike t\u00eb grupeve vulnerab\u00ebl t\u00eb prekura nga t\u00ebrmeti\" tabindex=\"-1\" >\n\t\t\tLexo me shume \u00bb\t\t<\/a>\n\n\t\t\t\t<\/div>\n\t\t\t\t<\/article>\n\t\t\t\t<article class=\"elementor-post elementor-grid-item post-31533 post type-post status-publish format-standard has-post-thumbnail hentry category-kombetare category-projekte-mjedis\">\n\t\t\t\t<a class=\"elementor-post__thumbnail__link\" href=\"https:\/\/www.togetherforlife.org.al\/en\/mbrojtja-e-biodiversitetit-nepermjet-rritjes-se-ndergjegjesimit-dhe-kapaciteteve-te-gazetareve\/\" tabindex=\"-1\" >\n\t\t\t<div class=\"elementor-post__thumbnail\"><img loading=\"lazy\" decoding=\"async\" width=\"400\" height=\"250\" src=\"https:\/\/www.togetherforlife.org.al\/wp-content\/uploads\/2022\/03\/Biodiversiteti-1-400x250.png\" class=\"attachment-et-pb-post-main-image size-et-pb-post-main-image wp-image-31537\" alt=\"\" \/><\/div>\n\t\t<\/a>\n\t\t\t\t<div class=\"elementor-post__text\">\n\t\t\t\t<h3 class=\"elementor-post__title\">\n\t\t\t<a href=\"https:\/\/www.togetherforlife.org.al\/en\/mbrojtja-e-biodiversitetit-nepermjet-rritjes-se-ndergjegjesimit-dhe-kapaciteteve-te-gazetareve\/\" >\n\t\t\t\tBiodiversity Media Initiative Media Grants\t\t\t<\/a>\n\t\t<\/h3>\n\t\t\t\t<div class=\"elementor-post__meta-data\">\n\t\t\t\t\t<span class=\"elementor-post-date\">\n\t\t\tMarch 8, 2022\t\t<\/span>\n\t\t\t\t<\/div>\n\t\t\n\t\t<a class=\"elementor-post__read-more\" href=\"https:\/\/www.togetherforlife.org.al\/en\/mbrojtja-e-biodiversitetit-nepermjet-rritjes-se-ndergjegjesimit-dhe-kapaciteteve-te-gazetareve\/\" aria-label=\"Read more about Mbrojtja e biodiversitetit n\u00ebp\u00ebrmjet rritjes s\u00eb nd\u00ebrgjegj\u00ebsimit dhe kapaciteteve t\u00eb gazetar\u00ebve\" tabindex=\"-1\" >\n\t\t\tLexo me shume \u00bb\t\t<\/a>\n\n\t\t\t\t<\/div>\n\t\t\t\t<\/article>\n\t\t\t\t<\/div>\n\t\t\n\t\t\t\t<\/div>\n\t\t\t\t<\/div>\n\t\t\t\t\t<\/div>\n\t\t\t\t<\/div>\n\t\t\t\t<\/div>","protected":false},"excerpt":{"rendered":"","protected":false},"author":1,"featured_media":0,"parent":0,"menu_order":0,"comment_status":"closed","ping_status":"closed","template":"","meta":{"_et_pb_use_builder":"off","_et_pb_old_content":"","_et_gb_content_width":"","footnotes":"","_links_to":"","_links_to_target":""},"class_list":["post-29188","page","type-page","status-publish","hentry"],"yoast_head":"<!-- This site is optimized with the Yoast SEO plugin v23.4 - https:\/\/yoast.com\/wordpress\/plugins\/seo\/ -->\n<title>Komb\u00ebtare - TogetherForLife<\/title>\n<meta name=\"robots\" content=\"index, follow, max-snippet:-1, max-image-preview:large, max-video-preview:-1\" \/>\n<link rel=\"canonical\" href=\"https:\/\/www.togetherforlife.org.al\/en\/kombetare\/\" \/>\n<meta property=\"og:locale\" content=\"en_GB\" \/>\n<meta property=\"og:type\" content=\"article\" \/>\n<meta property=\"og:title\" content=\"Komb\u00ebtare - TogetherForLife\" \/>\n<meta property=\"og:url\" content=\"https:\/\/www.togetherforlife.org.al\/en\/kombetare\/\" \/>\n<meta property=\"og:site_name\" content=\"TogetherForLife\" \/>\n<meta property=\"article:modified_time\" content=\"2024-07-27T09:00:23+00:00\" \/>\n<meta name=\"twitter:card\" content=\"summary_large_image\" \/>\n<meta name=\"twitter:label1\" content=\"Estimated reading time\" \/>\n\t<meta name=\"twitter:data1\" content=\"3 minutes\" \/>\n<script type=\"application\/ld+json\" class=\"yoast-schema-graph\">{\"@context\":\"https:\/\/schema.org\",\"@graph\":[{\"@type\":\"WebPage\",\"@id\":\"https:\/\/www.togetherforlife.org.al\/kombetare\/\",\"url\":\"https:\/\/www.togetherforlife.org.al\/kombetare\/\",\"name\":\"Komb\u00ebtare - TogetherForLife\",\"isPartOf\":{\"@id\":\"https:\/\/www.togetherforlife.org.al\/#website\"},\"datePublished\":\"2021-03-09T15:22:48+00:00\",\"dateModified\":\"2024-07-27T09:00:23+00:00\",\"breadcrumb\":{\"@id\":\"https:\/\/www.togetherforlife.org.al\/kombetare\/#breadcrumb\"},\"inLanguage\":\"en-GB\",\"potentialAction\":[{\"@type\":\"ReadAction\",\"target\":[\"https:\/\/www.togetherforlife.org.al\/kombetare\/\"]}]},{\"@type\":\"BreadcrumbList\",\"@id\":\"https:\/\/www.togetherforlife.org.al\/kombetare\/#breadcrumb\",\"itemListElement\":[{\"@type\":\"ListItem\",\"position\":1,\"name\":\"Home\",\"item\":\"https:\/\/www.togetherforlife.org.al\/\"},{\"@type\":\"ListItem\",\"position\":2,\"name\":\"Komb\u00ebtare\"}]},{\"@type\":\"WebSite\",\"@id\":\"https:\/\/www.togetherforlife.org.al\/#website\",\"url\":\"https:\/\/www.togetherforlife.org.al\/\",\"name\":\"TogetherForLife\",\"description\":\"\",\"potentialAction\":[{\"@type\":\"SearchAction\",\"target\":{\"@type\":\"EntryPoint\",\"urlTemplate\":\"https:\/\/www.togetherforlife.org.al\/?s={search_term_string}\"},\"query-input\":{\"@type\":\"PropertyValueSpecification\",\"valueRequired\":true,\"valueName\":\"search_term_string\"}}],\"inLanguage\":\"en-GB\"}]}<\/script>\n<!-- \/ Yoast SEO plugin. -->","yoast_head_json":{"title":"Komb\u00ebtare - TogetherForLife","robots":{"index":"index","follow":"follow","max-snippet":"max-snippet:-1","max-image-preview":"max-image-preview:large","max-video-preview":"max-video-preview:-1"},"canonical":"https:\/\/www.togetherforlife.org.al\/en\/kombetare\/","og_locale":"en_GB","og_type":"article","og_title":"Komb\u00ebtare - TogetherForLife","og_url":"https:\/\/www.togetherforlife.org.al\/en\/kombetare\/","og_site_name":"TogetherForLife","article_modified_time":"2024-07-27T09:00:23+00:00","twitter_card":"summary_large_image","twitter_misc":{"Estimated reading time":"3 minutes"},"schema":{"@context":"https:\/\/schema.org","@graph":[{"@type":"WebPage","@id":"https:\/\/www.togetherforlife.org.al\/kombetare\/","url":"https:\/\/www.togetherforlife.org.al\/kombetare\/","name":"Komb\u00ebtare - TogetherForLife","isPartOf":{"@id":"https:\/\/www.togetherforlife.org.al\/#website"},"datePublished":"2021-03-09T15:22:48+00:00","dateModified":"2024-07-27T09:00:23+00:00","breadcrumb":{"@id":"https:\/\/www.togetherforlife.org.al\/kombetare\/#breadcrumb"},"inLanguage":"en-GB","potentialAction":[{"@type":"ReadAction","target":["https:\/\/www.togetherforlife.org.al\/kombetare\/"]}]},{"@type":"BreadcrumbList","@id":"https:\/\/www.togetherforlife.org.al\/kombetare\/#breadcrumb","itemListElement":[{"@type":"ListItem","position":1,"name":"Home","item":"https:\/\/www.togetherforlife.org.al\/"},{"@type":"ListItem","position":2,"name":"Komb\u00ebtare"}]},{"@type":"WebSite","@id":"https:\/\/www.togetherforlife.org.al\/#website","url":"https:\/\/www.togetherforlife.org.al\/","name":"TogetherForLife","description":"","potentialAction":[{"@type":"SearchAction","target":{"@type":"EntryPoint","urlTemplate":"https:\/\/www.togetherforlife.org.al\/?s={search_term_string}"},"query-input":{"@type":"PropertyValueSpecification","valueRequired":true,"valueName":"search_term_string"}}],"inLanguage":"en-GB"}]}},"_links":{"self":[{"href":"https:\/\/www.togetherforlife.org.al\/en\/wp-json\/wp\/v2\/pages\/29188"}],"collection":[{"href":"https:\/\/www.togetherforlife.org.al\/en\/wp-json\/wp\/v2\/pages"}],"about":[{"href":"https:\/\/www.togetherforlife.org.al\/en\/wp-json\/wp\/v2\/types\/page"}],"author":[{"embeddable":true,"href":"https:\/\/www.togetherforlife.org.al\/en\/wp-json\/wp\/v2\/users\/1"}],"replies":[{"embeddable":true,"href":"https:\/\/www.togetherforlife.org.al\/en\/wp-json\/wp\/v2\/comments?post=29188"}],"version-history":[{"count":13,"href":"https:\/\/www.togetherforlife.org.al\/en\/wp-json\/wp\/v2\/pages\/29188\/revisions"}],"predecessor-version":[{"id":33503,"href":"https:\/\/www.togetherforlife.org.al\/en\/wp-json\/wp\/v2\/pages\/29188\/revisions\/33503"}],"wp:attachment":[{"href":"https:\/\/www.togetherforlife.org.al\/en\/wp-json\/wp\/v2\/media?parent=29188"}],"curies":[{"name":"wp","href":"https:\/\/api.w.org\/{rel}","templated":true}]}}