{"id":26267,"date":"2020-11-26T21:57:59","date_gmt":"2020-11-26T21:57:59","guid":{"rendered":"http:\/\/new.togetherforlife.org.al\/?page_id=26267"},"modified":"2021-06-15T20:04:48","modified_gmt":"2021-06-15T18:04:48","slug":"thirrje-per-bashkepunime","status":"publish","type":"page","link":"https:\/\/www.togetherforlife.org.al\/en\/thirrje-per-bashkepunime\/","title":{"rendered":"Call for collaborations"},"content":{"rendered":"<p>[et_pb_section fb_built=&#8221;1&#8243; fullwidth=&#8221;on&#8221; _builder_version=&#8221;4.9.2&#8243; _module_preset=&#8221;default&#8221; background_image=&#8221;https:\/\/www.togetherforlife.org.al\/wp-content\/uploads\/2021\/06\/Background-ForText.jpg&#8221; hover_enabled=&#8221;0&#8243; title_text=&#8221;Background-ForText&#8221; sticky_enabled=&#8221;0&#8243;][et_pb_fullwidth_header _builder_version=&#8221;4.6.6&#8243; _module_preset=&#8221;default&#8221; content_font=&#8221;Roboto|700||on|||||&#8221; content_text_align=&#8221;center&#8221; content_font_size=&#8221;60px&#8221; content_letter_spacing=&#8221;2px&#8221; content_line_height=&#8221;1.8em&#8221; background_enable_color=&#8221;off&#8221; content_font_size_tablet=&#8221;&#8221; content_font_size_phone=&#8221;18px&#8221; content_font_size_last_edited=&#8221;on|phone&#8221; content_line_height_tablet=&#8221;&#8221; content_line_height_phone=&#8221;1em&#8221; content_line_height_last_edited=&#8221;on|desktop&#8221;]<\/p>\n<p>Call for collaborations<\/p>\n<p>[\/et_pb_fullwidth_header][\/et_pb_section][et_pb_section fb_built=&#8221;1&#8243; _builder_version=&#8221;4.6.6&#8243; _module_preset=&#8221;default&#8221; custom_margin=&#8221;0px||0px||true|false&#8221; custom_padding=&#8221;0px||0px||true|false&#8221;][et_pb_row custom_padding_last_edited=&#8221;on|desktop&#8221; _builder_version=&#8221;4.6.6&#8243; _module_preset=&#8221;default&#8221; width=&#8221;73%&#8221; max_width=&#8221;73%&#8221; custom_padding=&#8221;10px||||false|false&#8221; custom_padding_tablet=&#8221;&#8221; custom_padding_phone=&#8221;&#8221;][et_pb_column type=&#8221;4_4&#8243; _builder_version=&#8221;4.6.6&#8243; _module_preset=&#8221;default&#8221;][dpdfg_filtergrid include_categories=&#8221;36&#8243; post_number=&#8221;6&#8243; show_thumbnail=&#8221;off&#8221; use_overlay=&#8221;off&#8221; show_author=&#8221;off&#8221; show_content=&#8221;on&#8221; truncate_content=&#8221;400&#8243; read_more=&#8221;on&#8221; read_more_text=&#8221;Lexo m\u00eb shum\u00eb&#8221; read_more_window=&#8221;on&#8221; custom_content_container=&#8221;off&#8221; show_filters=&#8221;off&#8221; items_layout=&#8221;dp-dfg-layout-fullwidth&#8221; _builder_version=&#8221;4.9.2&#8243; _module_preset=&#8221;default&#8221; dpdfg_entry_title_font=&#8221;Roboto||||||||&#8221; dpdfg_entry_title_text_align=&#8221;justify&#8221; dpdfg_entry_meta_font=&#8221;Roboto||||||||&#8221; dpdfg_entry_summary_font=&#8221;Roboto||||||||&#8221; dpdfg_entry_summary_text_align=&#8221;justify&#8221; dpdfg_filters_font=&#8221;Roboto||||||||&#8221; dpdfg_filters_active_font=&#8221;Roboto||||||||&#8221; custom_read_more_button=&#8221;on&#8221; read_more_button_text_size=&#8221;15px&#8221; read_more_button_text_color=&#8221;#33bfda&#8221; read_more_button_border_width=&#8221;0px&#8221; read_more_button_font=&#8221;Roboto||||on||||&#8221; read_more_button_use_icon=&#8221;off&#8221; read_more_button_alignment=&#8221;left&#8221; read_more_button_custom_padding=&#8221;0px|||0px|false|false&#8221; read_more_button_custom_padding_phone=&#8221;0px|||0px|false|false&#8221; read_more_button_custom_padding_last_edited=&#8221;off|desktop&#8221; read_more_button_font_tablet=&#8221;&#8221; read_more_button_font_phone=&#8221;&#8221; read_more_button_font_last_edited=&#8221;on|desktop&#8221; border_width_all=&#8221;0px&#8221; read_more_button_bg_color__hover_enabled=&#8221;on|hover&#8221; read_more_button_bg_enable_color__hover=&#8221;off&#8221; dpdfg_entry_title_text_color__hover_enabled=&#8221;on|hover&#8221; dpdfg_entry_title_text_color__hover=&#8221;#33bfda&#8221; read_more_button_custom_padding__hover_enabled=&#8221;on|desktop&#8221; read_more_button_custom_padding__hover=&#8221;0px|||0px|false|false&#8221; read_more_button_text_color__hover_enabled=&#8221;on|hover&#8221; read_more_button_text_color__hover=&#8221;#00387a&#8221;][\/dpdfg_filtergrid][\/et_pb_column][\/et_pb_row][\/et_pb_section]<\/p>","protected":false},"excerpt":{"rendered":"<p>Call for collaborations<div class=\"et_pb_module dpdfg_filtergrid dpdfg_filtergrid_0\">\n\t\t\t\t\n\t\t\t\t\n\t\t\t\t\n\t\t\t\t\n\t\t\t\t\n\t\t\t\t\n\t\t\t\t<div class=\"et_pb_module_inner\">\n\t\t\t\t\t<div class=\"dp-dfg-container\"><div class=\"dp-dfg-items\"><\/div><div class=\"dp-dfg-no-results\">No results found.<\/div><\/div>\n\t\t\t\t<\/div>\n\t\t\t<\/div><\/p>","protected":false},"author":1,"featured_media":0,"parent":0,"menu_order":0,"comment_status":"closed","ping_status":"closed","template":"","meta":{"_et_pb_use_builder":"on","_et_pb_old_content":"","_et_gb_content_width":"","footnotes":"","_links_to":"","_links_to_target":""},"class_list":["post-26267","page","type-page","status-publish","hentry"],"yoast_head":"<!-- This site is optimized with the Yoast SEO plugin v23.4 - https:\/\/yoast.com\/wordpress\/plugins\/seo\/ -->\n<title>Thirrje p\u00ebr bashk\u00ebpunime - TogetherForLife<\/title>\n<meta name=\"robots\" content=\"index, follow, max-snippet:-1, max-image-preview:large, max-video-preview:-1\" \/>\n<link rel=\"canonical\" href=\"https:\/\/www.togetherforlife.org.al\/en\/thirrje-per-bashkepunime\/\" \/>\n<meta property=\"og:locale\" content=\"en_GB\" \/>\n<meta property=\"og:type\" content=\"article\" \/>\n<meta property=\"og:title\" content=\"Thirrje p\u00ebr bashk\u00ebpunime - TogetherForLife\" \/>\n<meta property=\"og:description\" content=\"Thirrje p\u00ebr bashk\u00ebpunime\" \/>\n<meta property=\"og:url\" content=\"https:\/\/www.togetherforlife.org.al\/en\/thirrje-per-bashkepunime\/\" \/>\n<meta property=\"og:site_name\" content=\"TogetherForLife\" \/>\n<meta property=\"article:modified_time\" content=\"2021-06-15T18:04:48+00:00\" \/>\n<meta name=\"twitter:card\" content=\"summary_large_image\" \/>\n<meta name=\"twitter:label1\" content=\"Estimated reading time\" \/>\n\t<meta name=\"twitter:data1\" content=\"2 minutes\" \/>\n<script type=\"application\/ld+json\" class=\"yoast-schema-graph\">{\"@context\":\"https:\/\/schema.org\",\"@graph\":[{\"@type\":\"WebPage\",\"@id\":\"https:\/\/www.togetherforlife.org.al\/thirrje-per-bashkepunime\/\",\"url\":\"https:\/\/www.togetherforlife.org.al\/thirrje-per-bashkepunime\/\",\"name\":\"Thirrje p\u00ebr bashk\u00ebpunime - TogetherForLife\",\"isPartOf\":{\"@id\":\"https:\/\/www.togetherforlife.org.al\/#website\"},\"datePublished\":\"2020-11-26T21:57:59+00:00\",\"dateModified\":\"2021-06-15T18:04:48+00:00\",\"breadcrumb\":{\"@id\":\"https:\/\/www.togetherforlife.org.al\/thirrje-per-bashkepunime\/#breadcrumb\"},\"inLanguage\":\"en-GB\",\"potentialAction\":[{\"@type\":\"ReadAction\",\"target\":[\"https:\/\/www.togetherforlife.org.al\/thirrje-per-bashkepunime\/\"]}]},{\"@type\":\"BreadcrumbList\",\"@id\":\"https:\/\/www.togetherforlife.org.al\/thirrje-per-bashkepunime\/#breadcrumb\",\"itemListElement\":[{\"@type\":\"ListItem\",\"position\":1,\"name\":\"Home\",\"item\":\"https:\/\/www.togetherforlife.org.al\/\"},{\"@type\":\"ListItem\",\"position\":2,\"name\":\"Thirrje p\u00ebr bashk\u00ebpunime\"}]},{\"@type\":\"WebSite\",\"@id\":\"https:\/\/www.togetherforlife.org.al\/#website\",\"url\":\"https:\/\/www.togetherforlife.org.al\/\",\"name\":\"TogetherForLife\",\"description\":\"\",\"potentialAction\":[{\"@type\":\"SearchAction\",\"target\":{\"@type\":\"EntryPoint\",\"urlTemplate\":\"https:\/\/www.togetherforlife.org.al\/?s={search_term_string}\"},\"query-input\":{\"@type\":\"PropertyValueSpecification\",\"valueRequired\":true,\"valueName\":\"search_term_string\"}}],\"inLanguage\":\"en-GB\"}]}<\/script>\n<!-- \/ Yoast SEO plugin. -->","yoast_head_json":{"title":"Thirrje p\u00ebr bashk\u00ebpunime - TogetherForLife","robots":{"index":"index","follow":"follow","max-snippet":"max-snippet:-1","max-image-preview":"max-image-preview:large","max-video-preview":"max-video-preview:-1"},"canonical":"https:\/\/www.togetherforlife.org.al\/en\/thirrje-per-bashkepunime\/","og_locale":"en_GB","og_type":"article","og_title":"Thirrje p\u00ebr bashk\u00ebpunime - TogetherForLife","og_description":"Thirrje p\u00ebr bashk\u00ebpunime","og_url":"https:\/\/www.togetherforlife.org.al\/en\/thirrje-per-bashkepunime\/","og_site_name":"TogetherForLife","article_modified_time":"2021-06-15T18:04:48+00:00","twitter_card":"summary_large_image","twitter_misc":{"Estimated reading time":"2 minutes"},"schema":{"@context":"https:\/\/schema.org","@graph":[{"@type":"WebPage","@id":"https:\/\/www.togetherforlife.org.al\/thirrje-per-bashkepunime\/","url":"https:\/\/www.togetherforlife.org.al\/thirrje-per-bashkepunime\/","name":"Thirrje p\u00ebr bashk\u00ebpunime - TogetherForLife","isPartOf":{"@id":"https:\/\/www.togetherforlife.org.al\/#website"},"datePublished":"2020-11-26T21:57:59+00:00","dateModified":"2021-06-15T18:04:48+00:00","breadcrumb":{"@id":"https:\/\/www.togetherforlife.org.al\/thirrje-per-bashkepunime\/#breadcrumb"},"inLanguage":"en-GB","potentialAction":[{"@type":"ReadAction","target":["https:\/\/www.togetherforlife.org.al\/thirrje-per-bashkepunime\/"]}]},{"@type":"BreadcrumbList","@id":"https:\/\/www.togetherforlife.org.al\/thirrje-per-bashkepunime\/#breadcrumb","itemListElement":[{"@type":"ListItem","position":1,"name":"Home","item":"https:\/\/www.togetherforlife.org.al\/"},{"@type":"ListItem","position":2,"name":"Thirrje p\u00ebr bashk\u00ebpunime"}]},{"@type":"WebSite","@id":"https:\/\/www.togetherforlife.org.al\/#website","url":"https:\/\/www.togetherforlife.org.al\/","name":"TogetherForLife","description":"","potentialAction":[{"@type":"SearchAction","target":{"@type":"EntryPoint","urlTemplate":"https:\/\/www.togetherforlife.org.al\/?s={search_term_string}"},"query-input":{"@type":"PropertyValueSpecification","valueRequired":true,"valueName":"search_term_string"}}],"inLanguage":"en-GB"}]}},"_links":{"self":[{"href":"https:\/\/www.togetherforlife.org.al\/en\/wp-json\/wp\/v2\/pages\/26267"}],"collection":[{"href":"https:\/\/www.togetherforlife.org.al\/en\/wp-json\/wp\/v2\/pages"}],"about":[{"href":"https:\/\/www.togetherforlife.org.al\/en\/wp-json\/wp\/v2\/types\/page"}],"author":[{"embeddable":true,"href":"https:\/\/www.togetherforlife.org.al\/en\/wp-json\/wp\/v2\/users\/1"}],"replies":[{"embeddable":true,"href":"https:\/\/www.togetherforlife.org.al\/en\/wp-json\/wp\/v2\/comments?post=26267"}],"version-history":[{"count":40,"href":"https:\/\/www.togetherforlife.org.al\/en\/wp-json\/wp\/v2\/pages\/26267\/revisions"}],"predecessor-version":[{"id":31241,"href":"https:\/\/www.togetherforlife.org.al\/en\/wp-json\/wp\/v2\/pages\/26267\/revisions\/31241"}],"wp:attachment":[{"href":"https:\/\/www.togetherforlife.org.al\/en\/wp-json\/wp\/v2\/media?parent=26267"}],"curies":[{"name":"wp","href":"https:\/\/api.w.org\/{rel}","templated":true}]}}